{"id":5548,"date":"2023-05-21T17:30:12","date_gmt":"2023-05-21T14:30:12","guid":{"rendered":"https:\/\/bakudanismanlik.com\/?page_id=5548"},"modified":"2023-05-22T21:04:10","modified_gmt":"2023-05-22T18:04:10","slug":"calisma-izni-basvurusu","status":"publish","type":"page","link":"https:\/\/bakudanismanlik.com\/index.php\/calisma-izni-basvurusu\/","title":{"rendered":"\u00c7al\u0131\u015fma \u0130zni Ba\u015fvurusu"},"content":{"rendered":"\t\t<div data-elementor-type=\"wp-page\" data-elementor-id=\"5548\" class=\"elementor elementor-5548\">\n\t\t\t\t\t\t<section class=\"elementor-section elementor-top-section elementor-element elementor-element-e1dd29d elementor-section-boxed elementor-section-height-default elementor-section-height-default\" data-id=\"e1dd29d\" data-element_type=\"section\">\n\t\t\t\t\t\t<div class=\"elementor-container elementor-column-gap-default\">\n\t\t\t\t\t<div class=\"elementor-column elementor-col-50 elementor-top-column elementor-element elementor-element-72ce8f4\" data-id=\"72ce8f4\" data-element_type=\"column\">\n\t\t\t<div class=\"elementor-widget-wrap elementor-element-populated\">\n\t\t\t\t\t\t<div class=\"elementor-element elementor-element-a673ea2 elementor-widget elementor-widget-heading\" data-id=\"a673ea2\" data-element_type=\"widget\" data-widget_type=\"heading.default\">\n\t\t\t\t<div class=\"elementor-widget-container\">\n\t\t\t<style>\/*! elementor - v3.21.0 - 30-04-2024 *\/\n.elementor-heading-title{padding:0;margin:0;line-height:1}.elementor-widget-heading .elementor-heading-title[class*=elementor-size-]>a{color:inherit;font-size:inherit;line-height:inherit}.elementor-widget-heading .elementor-heading-title.elementor-size-small{font-size:15px}.elementor-widget-heading .elementor-heading-title.elementor-size-medium{font-size:19px}.elementor-widget-heading .elementor-heading-title.elementor-size-large{font-size:29px}.elementor-widget-heading .elementor-heading-title.elementor-size-xl{font-size:39px}.elementor-widget-heading .elementor-heading-title.elementor-size-xxl{font-size:59px}<\/style><h2 class=\"elementor-heading-title elementor-size-default\">\u00c7al\u0131\u015fma \u0130zni Ba\u015fvurusu<\/h2>\t\t<\/div>\n\t\t\t\t<\/div>\n\t\t\t\t<div class=\"elementor-element elementor-element-fee4d3a elementor-widget elementor-widget-text-editor\" data-id=\"fee4d3a\" data-element_type=\"widget\" data-widget_type=\"text-editor.default\">\n\t\t\t\t<div class=\"elementor-widget-container\">\n\t\t\t<style>\/*! elementor - v3.21.0 - 30-04-2024 *\/\n.elementor-widget-text-editor.elementor-drop-cap-view-stacked .elementor-drop-cap{background-color:#69727d;color:#fff}.elementor-widget-text-editor.elementor-drop-cap-view-framed .elementor-drop-cap{color:#69727d;border:3px solid;background-color:transparent}.elementor-widget-text-editor:not(.elementor-drop-cap-view-default) .elementor-drop-cap{margin-top:8px}.elementor-widget-text-editor:not(.elementor-drop-cap-view-default) .elementor-drop-cap-letter{width:1em;height:1em}.elementor-widget-text-editor .elementor-drop-cap{float:left;text-align:center;line-height:1;font-size:50px}.elementor-widget-text-editor .elementor-drop-cap-letter{display:inline-block}<\/style>\t\t\t\t<p>Yabanc\u0131 \u00c7al\u0131\u015fma \u0130zinleri Konusunda Uzmanlarla Yan\u0131n\u0131zday\u0131z!<\/p><p>T\u00fcrkiye, k\u00fcresel ekonomideki y\u00fckseli\u015fi ve dinamizmiyle yabanc\u0131 yat\u0131r\u0131mc\u0131lar ve profesyoneller i\u00e7in cazip bir destinasyon haline gelmi\u015ftir. Bu, T\u00fcrkiye&#8217;de \u00e7al\u0131\u015fma hayat\u0131na girmek isteyen yabanc\u0131 bireyler ve \u015firketler i\u00e7in bir\u00e7ok f\u0131rsat yaratmaktad\u0131r. Ancak, T\u00fcrkiye&#8217;de yabanc\u0131 bir \u00e7al\u0131\u015fan olarak \u00e7al\u0131\u015fma izni almak, karma\u015f\u0131k ve zaman al\u0131c\u0131 bir s\u00fcre\u00e7 olabilir. \u0130\u015fte bu noktada, Baku Dan\u0131\u015fmanl\u0131k olarak devreye giriyoruz!<\/p><p>Baku Dan\u0131\u015fmanl\u0131k olarak, T\u00fcrkiye&#8217;de yabanc\u0131 \u00e7al\u0131\u015fma izni konusunda uzmanla\u015fm\u0131\u015f bir dan\u0131\u015fmanl\u0131k firmas\u0131y\u0131z. Sundu\u011fumuz profesyonel hizmetlerle, yabanc\u0131 bireylere ve \u015firketlere bu s\u00fcre\u00e7te destek oluyor, onlar\u0131n T\u00fcrkiye&#8217;de ba\u015far\u0131l\u0131 bir \u015fekilde \u00e7al\u0131\u015fmas\u0131n\u0131 sa\u011fl\u0131yoruz.<\/p><p>Dan\u0131\u015fmanlar\u0131m\u0131z, T\u00fcrkiye&#8217;nin g\u00f6\u00e7 ve i\u015f g\u00fcc\u00fc mevzuat\u0131ndaki g\u00fcncel geli\u015fmeleri ve yasal d\u00fczenlemeleri yak\u0131ndan takip eder. Bu sayede, m\u00fc\u015fterilerimize en g\u00fcncel bilgileri sunarak, yabanc\u0131 \u00e7al\u0131\u015fma izni ba\u015fvuru s\u00fcrecinin her a\u015famas\u0131nda yard\u0131mc\u0131 oluruz. Bizler, karma\u015f\u0131k yasal s\u00fcre\u00e7leri basitle\u015ftirmek ve m\u00fc\u015fterilerimizin izinlerini alabilmeleri i\u00e7in gereken t\u00fcm ad\u0131mlar\u0131 do\u011fru bir \u015fekilde atmalar\u0131n\u0131 sa\u011flamak i\u00e7in gerekli uzmanl\u0131\u011fa sahibiz.<\/p>\t\t\t\t\t\t<\/div>\n\t\t\t\t<\/div>\n\t\t\t\t<div class=\"elementor-element elementor-element-51ecd31 elementor-widget elementor-widget-button\" data-id=\"51ecd31\" data-element_type=\"widget\" data-widget_type=\"button.default\">\n\t\t\t\t<div class=\"elementor-widget-container\">\n\t\t\t\t\t<div class=\"elementor-button-wrapper\">\n\t\t\t<a class=\"elementor-button elementor-button-link elementor-size-md\" href=\"https:\/\/api.whatsapp.com\/send\/?phone=905433120420&#038;text=Merhaba&#038;type=phone_number&#038;app_absent=0\">\n\t\t\t\t\t\t<span class=\"elementor-button-content-wrapper\">\n\t\t\t\t\t\t<span class=\"elementor-button-icon elementor-align-icon-left\">\n\t\t\t\t<i aria-hidden=\"true\" class=\"fab fa-whatsapp\"><\/i>\t\t\t<\/span>\n\t\t\t\t\t\t\t\t\t<span class=\"elementor-button-text\">WhatsApp Destek Hatt\u0131<\/span>\n\t\t\t\t\t<\/span>\n\t\t\t\t\t<\/a>\n\t\t<\/div>\n\t\t\t\t<\/div>\n\t\t\t\t<\/div>\n\t\t\t\t\t<\/div>\n\t\t<\/div>\n\t\t\t\t<div class=\"elementor-column elementor-col-50 elementor-top-column elementor-element elementor-element-bef0398\" data-id=\"bef0398\" data-element_type=\"column\">\n\t\t\t<div class=\"elementor-widget-wrap elementor-element-populated\">\n\t\t\t\t\t\t<div class=\"elementor-element elementor-element-9d5dbbc elementor-widget elementor-widget-image\" data-id=\"9d5dbbc\" data-element_type=\"widget\" data-widget_type=\"image.default\">\n\t\t\t\t<div class=\"elementor-widget-container\">\n\t\t\t<style>\/*! elementor - v3.21.0 - 30-04-2024 *\/\n.elementor-widget-image{text-align:center}.elementor-widget-image a{display:inline-block}.elementor-widget-image a img[src$=\".svg\"]{width:48px}.elementor-widget-image img{vertical-align:middle;display:inline-block}<\/style>\t\t\t\t\t\t\t\t\t\t<img fetchpriority=\"high\" decoding=\"async\" width=\"603\" height=\"534\" src=\"https:\/\/bakudanismanlik.com\/wp-content\/uploads\/2023\/05\/home1_img_1-1.png\" class=\"attachment-large size-large wp-image-5550\" alt=\"\" srcset=\"https:\/\/bakudanismanlik.com\/wp-content\/uploads\/2023\/05\/home1_img_1-1.png 603w, https:\/\/bakudanismanlik.com\/wp-content\/uploads\/2023\/05\/home1_img_1-1-300x266.png 300w, https:\/\/bakudanismanlik.com\/wp-content\/uploads\/2023\/05\/home1_img_1-1-600x531.png 600w, https:\/\/bakudanismanlik.com\/wp-content\/uploads\/2023\/05\/home1_img_1-1-560x496.png 560w\" sizes=\"(max-width: 603px) 100vw, 603px\" \/>\t\t\t\t\t\t\t\t\t\t\t\t\t<\/div>\n\t\t\t\t<\/div>\n\t\t\t\t\t<\/div>\n\t\t<\/div>\n\t\t\t\t\t<\/div>\n\t\t<\/section>\n\t\t\t\t<section class=\"elementor-section elementor-top-section elementor-element elementor-element-d023e91 elementor-section-boxed elementor-section-height-default elementor-section-height-default\" data-id=\"d023e91\" data-element_type=\"section\" data-settings=\"{&quot;background_background&quot;:&quot;classic&quot;}\">\n\t\t\t\t\t\t<div class=\"elementor-container elementor-column-gap-default\">\n\t\t\t\t\t<div class=\"elementor-column elementor-col-50 elementor-top-column elementor-element elementor-element-f702eaa\" data-id=\"f702eaa\" data-element_type=\"column\">\n\t\t\t<div class=\"elementor-widget-wrap elementor-element-populated\">\n\t\t\t\t\t\t<div class=\"elementor-element elementor-element-f240282 elementor-widget elementor-widget-ova_heading\" data-id=\"f240282\" data-element_type=\"widget\" data-widget_type=\"ova_heading.default\">\n\t\t\t\t<div class=\"elementor-widget-container\">\n\t\t\t\t\t<div class=\"ova-heading\">\n\t\t\t\n\t\t\t\t\t\t\t<h3 class=\"title second_font\">Yabanc\u0131lara \u00d6zel T\u00fcrkiye Deneyimi<\/h3>\n\t\t\t\n\t\t\t\t\t\t\t<p class=\"sub-title \">Baku Dan\u0131\u015fmanl\u0131k, T\u00fcrkiye'de hizmet veren ve yabanc\u0131 uyruklu ki\u015filere geni\u015f bir yelpazede \u00f6zel dan\u0131\u015fmanl\u0131k hizmetleri sunan \u00f6nc\u00fc bir \u015firkettir.<\/p>\n\t\t\t\n\t\t<\/div>\n\t\t\t\t<\/div>\n\t\t\t\t<\/div>\n\t\t\t\t<div class=\"elementor-element elementor-element-5dabbdd elementor-align-right elementor-widget__width-auto egovt-button-color-border-header elementor-widget elementor-widget-button\" data-id=\"5dabbdd\" data-element_type=\"widget\" data-widget_type=\"button.default\">\n\t\t\t\t<div class=\"elementor-widget-container\">\n\t\t\t\t\t<div class=\"elementor-button-wrapper\">\n\t\t\t<a class=\"elementor-button elementor-button-link elementor-size-sm\" href=\"https:\/\/api.whatsapp.com\/send\/?phone=905433120420&#038;text=Merhaba&#038;type=phone_number&#038;app_absent=0\">\n\t\t\t\t\t\t<span class=\"elementor-button-content-wrapper\">\n\t\t\t\t\t\t\t\t\t<span class=\"elementor-button-text\">WhatsApp Bilgi Al<\/span>\n\t\t\t\t\t<\/span>\n\t\t\t\t\t<\/a>\n\t\t<\/div>\n\t\t\t\t<\/div>\n\t\t\t\t<\/div>\n\t\t\t\t<div class=\"elementor-element elementor-element-90809cd elementor-widget__width-auto elementor-absolute elementor-widget elementor-widget-heading\" data-id=\"90809cd\" data-element_type=\"widget\" data-settings=\"{&quot;_position&quot;:&quot;absolute&quot;}\" data-widget_type=\"heading.default\">\n\t\t\t\t<div class=\"elementor-widget-container\">\n\t\t\t<h2 class=\"elementor-heading-title elementor-size-default\">03<\/h2>\t\t<\/div>\n\t\t\t\t<\/div>\n\t\t\t\t\t<\/div>\n\t\t<\/div>\n\t\t\t\t<div class=\"elementor-column elementor-col-50 elementor-top-column elementor-element elementor-element-6c2d943\" data-id=\"6c2d943\" data-element_type=\"column\">\n\t\t\t<div class=\"elementor-widget-wrap elementor-element-populated\">\n\t\t\t\t\t\t<section class=\"elementor-section elementor-inner-section elementor-element elementor-element-07438c0 elementor-section-boxed elementor-section-height-default elementor-section-height-default\" data-id=\"07438c0\" data-element_type=\"section\">\n\t\t\t\t\t\t<div class=\"elementor-container elementor-column-gap-default\">\n\t\t\t\t\t<div class=\"elementor-column elementor-col-33 elementor-inner-column elementor-element elementor-element-a566377\" data-id=\"a566377\" data-element_type=\"column\">\n\t\t\t<div class=\"elementor-widget-wrap elementor-element-populated\">\n\t\t\t\t\t\t<div class=\"elementor-element elementor-element-9609d44 elementor-widget elementor-widget-ova_feature\" data-id=\"9609d44\" data-element_type=\"widget\" data-widget_type=\"ova_feature.default\">\n\t\t\t\t<div class=\"elementor-widget-container\">\n\t\t\t\n\t\t\t\t\t<div class=\"ova_feature version_3\">\n\t\t\t<div class=\"items\">\n\t\t\t\t\n\t\t\t\t\t\t\t<div class=\"icon\">\n\t\t\t\t\t<span class=\"flaticon-checked\"><\/span>\n\t\t\t\t<\/div>\n\t\t\t\t\n\t\t\t\t\t\t\t\t\t<h3 class=\"title\">\n\t\t\t\t\t\t<a class=\"second_font\" href=\"#\">\n\t\t\t\t\t\t\tH\u0131zl\u0131 \u00c7\u00f6z\u00fcm\t\t\t\t\t\t<\/a>\n\t\t\t\t\t<\/h3>\n\t\t\t\t\n\t\t\t\t\t\t\t\t\t<div class=\"excerpt\">\n\t\t\t\t\t\t<p>\n\t\t\t\t\t\t\tAmac\u0131m\u0131z, sizin T\u00fcrkiye&#039;deki deneyiminizi kolayla\u015ft\u0131rmak ve ba\u015far\u0131ya ula\u015fman\u0131za yard\u0131mc\u0131 olmakt\u0131r.\t\t\t\t\t\t<\/p>\n\t\t\t\t\t<\/div>\n\t\t\t\t\n\t\t\t<\/div>\n\t\t<\/div>\n\t\t\t\t<\/div>\n\t\t\t\t<\/div>\n\t\t\t\t\t<\/div>\n\t\t<\/div>\n\t\t\t\t<div class=\"elementor-column elementor-col-33 elementor-inner-column elementor-element elementor-element-b06e9b0\" data-id=\"b06e9b0\" data-element_type=\"column\">\n\t\t\t<div class=\"elementor-widget-wrap elementor-element-populated\">\n\t\t\t\t\t\t<div class=\"elementor-element elementor-element-7042202 elementor-widget elementor-widget-ova_feature\" data-id=\"7042202\" data-element_type=\"widget\" data-widget_type=\"ova_feature.default\">\n\t\t\t\t<div class=\"elementor-widget-container\">\n\t\t\t\n\t\t\t\t\t<div class=\"ova_feature version_3\">\n\t\t\t<div class=\"items\">\n\t\t\t\t\n\t\t\t\t\t\t\t<div class=\"icon\">\n\t\t\t\t\t<span class=\"flaticon-fair\"><\/span>\n\t\t\t\t<\/div>\n\t\t\t\t\n\t\t\t\t\t\t\t\t\t<h3 class=\"title\">\n\t\t\t\t\t\t<a class=\"second_font\" href=\"#\">\n\t\t\t\t\t\t\tMemnuniyet Garantisi\t\t\t\t\t\t<\/a>\n\t\t\t\t\t<\/h3>\n\t\t\t\t\n\t\t\t\t\t\t\t\t\t<div class=\"excerpt\">\n\t\t\t\t\t\t<p>\n\t\t\t\t\t\t\tBaku Dan\u0131\u015fmanl\u0131k olarak, her m\u00fc\u015fterimizin \u00f6zel ihtiya\u00e7lar\u0131na dikkat eder ve m\u00fc\u015fteri memnuniyetini en \u00fcst d\u00fczeyde tutar\u0131z.\t\t\t\t\t\t<\/p>\n\t\t\t\t\t<\/div>\n\t\t\t\t\n\t\t\t<\/div>\n\t\t<\/div>\n\t\t\t\t<\/div>\n\t\t\t\t<\/div>\n\t\t\t\t\t<\/div>\n\t\t<\/div>\n\t\t\t\t<div class=\"elementor-column elementor-col-33 elementor-inner-column elementor-element elementor-element-786978f\" data-id=\"786978f\" data-element_type=\"column\">\n\t\t\t<div class=\"elementor-widget-wrap elementor-element-populated\">\n\t\t\t\t\t\t<div class=\"elementor-element elementor-element-d50bd64 elementor-widget elementor-widget-ova_feature\" data-id=\"d50bd64\" data-element_type=\"widget\" data-widget_type=\"ova_feature.default\">\n\t\t\t\t<div class=\"elementor-widget-container\">\n\t\t\t\n\t\t\t\t\t<div class=\"ova_feature version_3\">\n\t\t\t<div class=\"items\">\n\t\t\t\t\n\t\t\t\t\t\t\t<div class=\"icon\">\n\t\t\t\t\t<span class=\"flaticon-tree-1\"><\/span>\n\t\t\t\t<\/div>\n\t\t\t\t\n\t\t\t\t\t\t\t\t\t<h3 class=\"title\">\n\t\t\t\t\t\t<a class=\"second_font\" href=\"#\">\n\t\t\t\t\t\t\tProfesyonel \u00c7\u00f6z\u00fcm\t\t\t\t\t\t<\/a>\n\t\t\t\t\t<\/h3>\n\t\t\t\t\n\t\t\t\t\t\t\t\t\t<div class=\"excerpt\">\n\t\t\t\t\t\t<p>\n\t\t\t\t\t\t\tT\u00fcrkiye&#039;nin g\u00fcncel yasal d\u00fczenlemelerini yak\u0131ndan takip ederek, size en g\u00fcncel bilgileri ve en etkili \u00e7\u00f6z\u00fcmleri sunar\u0131z.\t\t\t\t\t\t<\/p>\n\t\t\t\t\t<\/div>\n\t\t\t\t\n\t\t\t<\/div>\n\t\t<\/div>\n\t\t\t\t<\/div>\n\t\t\t\t<\/div>\n\t\t\t\t\t<\/div>\n\t\t<\/div>\n\t\t\t\t\t<\/div>\n\t\t<\/section>\n\t\t\t\t\t<\/div>\n\t\t<\/div>\n\t\t\t\t\t<\/div>\n\t\t<\/section>\n\t\t\t\t<\/div>\n\t\t","protected":false},"excerpt":{"rendered":"<p>\u00c7al\u0131\u015fma \u0130zni Ba\u015fvurusu Yabanc\u0131 \u00c7al\u0131\u015fma \u0130zinleri Konusunda Uzmanlarla Yan\u0131n\u0131zday\u0131z! T\u00fcrkiye, k\u00fcresel ekonomideki y\u00fckseli\u015fi ve dinamizmiyle yabanc\u0131 yat\u0131r\u0131mc\u0131lar ve profesyoneller i\u00e7in cazip bir destinasyon haline gelmi\u015ftir. Bu, T\u00fcrkiye&#8217;de \u00e7al\u0131\u015fma hayat\u0131na girmek isteyen yabanc\u0131 bireyler ve \u015firketler i\u00e7in bir\u00e7ok f\u0131rsat yaratmaktad\u0131r. Ancak, T\u00fcrkiye&#8217;de yabanc\u0131 bir \u00e7al\u0131\u015fan olarak \u00e7al\u0131\u015fma izni almak, karma\u015f\u0131k ve zaman al\u0131c\u0131 bir s\u00fcre\u00e7 olabilir. [&hellip;]<\/p>\n","protected":false},"author":1,"featured_media":352,"parent":0,"menu_order":0,"comment_status":"closed","ping_status":"closed","template":"elementor_header_footer","meta":{"footnotes":""},"class_list":["post-5548","page","type-page","status-publish","has-post-thumbnail","hentry"],"_links":{"self":[{"href":"https:\/\/bakudanismanlik.com\/index.php\/wp-json\/wp\/v2\/pages\/5548","targetHints":{"allow":["GET"]}}],"collection":[{"href":"https:\/\/bakudanismanlik.com\/index.php\/wp-json\/wp\/v2\/pages"}],"about":[{"href":"https:\/\/bakudanismanlik.com\/index.php\/wp-json\/wp\/v2\/types\/page"}],"author":[{"embeddable":true,"href":"https:\/\/bakudanismanlik.com\/index.php\/wp-json\/wp\/v2\/users\/1"}],"replies":[{"embeddable":true,"href":"https:\/\/bakudanismanlik.com\/index.php\/wp-json\/wp\/v2\/comments?post=5548"}],"version-history":[{"count":10,"href":"https:\/\/bakudanismanlik.com\/index.php\/wp-json\/wp\/v2\/pages\/5548\/revisions"}],"predecessor-version":[{"id":5775,"href":"https:\/\/bakudanismanlik.com\/index.php\/wp-json\/wp\/v2\/pages\/5548\/revisions\/5775"}],"wp:featuredmedia":[{"embeddable":true,"href":"https:\/\/bakudanismanlik.com\/index.php\/wp-json\/wp\/v2\/media\/352"}],"wp:attachment":[{"href":"https:\/\/bakudanismanlik.com\/index.php\/wp-json\/wp\/v2\/media?parent=5548"}],"curies":[{"name":"wp","href":"https:\/\/api.w.org\/{rel}","templated":true}]}}