{"id":5571,"date":"2023-05-21T18:21:15","date_gmt":"2023-05-21T15:21:15","guid":{"rendered":"https:\/\/bakudanismanlik.com\/?page_id=5571"},"modified":"2023-05-21T19:06:35","modified_gmt":"2023-05-21T16:06:35","slug":"sektorlere-gore-yabanci-calisma-izni","status":"publish","type":"page","link":"https:\/\/bakudanismanlik.com\/index.php\/sektorlere-gore-yabanci-calisma-izni\/","title":{"rendered":"Sekt\u00f6rlere G\u00f6re Yabanc\u0131 \u00c7al\u0131\u015fma \u0130zni"},"content":{"rendered":"\t\t<div data-elementor-type=\"wp-page\" data-elementor-id=\"5571\" class=\"elementor elementor-5571\">\n\t\t\t\t\t\t<section class=\"elementor-section elementor-top-section elementor-element elementor-element-e1dd29d elementor-section-boxed elementor-section-height-default elementor-section-height-default\" data-id=\"e1dd29d\" data-element_type=\"section\">\n\t\t\t\t\t\t<div class=\"elementor-container elementor-column-gap-default\">\n\t\t\t\t\t<div class=\"elementor-column elementor-col-50 elementor-top-column elementor-element elementor-element-72ce8f4\" data-id=\"72ce8f4\" data-element_type=\"column\">\n\t\t\t<div class=\"elementor-widget-wrap elementor-element-populated\">\n\t\t\t\t\t\t<div class=\"elementor-element elementor-element-a673ea2 elementor-widget elementor-widget-heading\" data-id=\"a673ea2\" data-element_type=\"widget\" data-widget_type=\"heading.default\">\n\t\t\t\t<div class=\"elementor-widget-container\">\n\t\t\t<style>\/*! elementor - v3.21.0 - 30-04-2024 *\/\n.elementor-heading-title{padding:0;margin:0;line-height:1}.elementor-widget-heading .elementor-heading-title[class*=elementor-size-]>a{color:inherit;font-size:inherit;line-height:inherit}.elementor-widget-heading .elementor-heading-title.elementor-size-small{font-size:15px}.elementor-widget-heading .elementor-heading-title.elementor-size-medium{font-size:19px}.elementor-widget-heading .elementor-heading-title.elementor-size-large{font-size:29px}.elementor-widget-heading .elementor-heading-title.elementor-size-xl{font-size:39px}.elementor-widget-heading .elementor-heading-title.elementor-size-xxl{font-size:59px}<\/style><h2 class=\"elementor-heading-title elementor-size-default\">Sekt\u00f6rlere G\u00f6re Yabanc\u0131 \u00c7al\u0131\u015fma \u0130zni\n<\/h2>\t\t<\/div>\n\t\t\t\t<\/div>\n\t\t\t\t<div class=\"elementor-element elementor-element-fee4d3a elementor-widget elementor-widget-text-editor\" data-id=\"fee4d3a\" data-element_type=\"widget\" data-widget_type=\"text-editor.default\">\n\t\t\t\t<div class=\"elementor-widget-container\">\n\t\t\t<style>\/*! elementor - v3.21.0 - 30-04-2024 *\/\n.elementor-widget-text-editor.elementor-drop-cap-view-stacked .elementor-drop-cap{background-color:#69727d;color:#fff}.elementor-widget-text-editor.elementor-drop-cap-view-framed .elementor-drop-cap{color:#69727d;border:3px solid;background-color:transparent}.elementor-widget-text-editor:not(.elementor-drop-cap-view-default) .elementor-drop-cap{margin-top:8px}.elementor-widget-text-editor:not(.elementor-drop-cap-view-default) .elementor-drop-cap-letter{width:1em;height:1em}.elementor-widget-text-editor .elementor-drop-cap{float:left;text-align:center;line-height:1;font-size:50px}.elementor-widget-text-editor .elementor-drop-cap-letter{display:inline-block}<\/style>\t\t\t\t<p>T\u00fcrkiye&#8217;de ev hizmetleri ve di\u011fer sekt\u00f6rlerde istihdam edilecek yabanc\u0131 uyruklu bireyler i\u00e7in \u00e7al\u0131\u015fma izni alma zorunlulu\u011fu bulunmaktad\u0131r. \u00c7al\u0131\u015fma izni ba\u015fvurular\u0131nda, meslek gruplar\u0131 ve sekt\u00f6rlere g\u00f6re farkl\u0131 belgeler talep edilmektedir. Yabanc\u0131 \u00e7al\u0131\u015fma izinleri konusunda \u015fans\u0131n\u0131za g\u00fcvenmek yerine, Modum Dan\u0131\u015fmanl\u0131k uzmanlar\u0131ndan destek alman\u0131zda fayda vard\u0131r. Onlar\u0131n deneyim ve uzmanl\u0131\u011f\u0131ndan yararlanarak i\u015flemlerinizi do\u011fru \u015fekilde ger\u00e7ekle\u015ftirebilirsiniz.<\/p>\t\t\t\t\t\t<\/div>\n\t\t\t\t<\/div>\n\t\t\t\t<div class=\"elementor-element elementor-element-51ecd31 elementor-widget elementor-widget-button\" data-id=\"51ecd31\" data-element_type=\"widget\" data-widget_type=\"button.default\">\n\t\t\t\t<div class=\"elementor-widget-container\">\n\t\t\t\t\t<div class=\"elementor-button-wrapper\">\n\t\t\t<a class=\"elementor-button elementor-button-link elementor-size-md\" href=\"https:\/\/api.whatsapp.com\/send\/?phone=905433120420&#038;text=Merhaba&#038;type=phone_number&#038;app_absent=0\">\n\t\t\t\t\t\t<span class=\"elementor-button-content-wrapper\">\n\t\t\t\t\t\t<span class=\"elementor-button-icon elementor-align-icon-left\">\n\t\t\t\t<i aria-hidden=\"true\" class=\"fab fa-whatsapp\"><\/i>\t\t\t<\/span>\n\t\t\t\t\t\t\t\t\t<span class=\"elementor-button-text\">WhatsApp Destek Hatt\u0131<\/span>\n\t\t\t\t\t<\/span>\n\t\t\t\t\t<\/a>\n\t\t<\/div>\n\t\t\t\t<\/div>\n\t\t\t\t<\/div>\n\t\t\t\t\t<\/div>\n\t\t<\/div>\n\t\t\t\t<div class=\"elementor-column elementor-col-50 elementor-top-column elementor-element elementor-element-bef0398\" data-id=\"bef0398\" data-element_type=\"column\">\n\t\t\t<div class=\"elementor-widget-wrap elementor-element-populated\">\n\t\t\t\t\t\t<div class=\"elementor-element elementor-element-9d5dbbc elementor-widget elementor-widget-image\" data-id=\"9d5dbbc\" data-element_type=\"widget\" data-widget_type=\"image.default\">\n\t\t\t\t<div class=\"elementor-widget-container\">\n\t\t\t<style>\/*! elementor - v3.21.0 - 30-04-2024 *\/\n.elementor-widget-image{text-align:center}.elementor-widget-image a{display:inline-block}.elementor-widget-image a img[src$=\".svg\"]{width:48px}.elementor-widget-image img{vertical-align:middle;display:inline-block}<\/style>\t\t\t\t\t\t\t\t\t\t<img fetchpriority=\"high\" decoding=\"async\" width=\"603\" height=\"534\" src=\"https:\/\/bakudanismanlik.com\/wp-content\/uploads\/2023\/05\/home1_img_1-1.png\" class=\"attachment-large size-large wp-image-5550\" alt=\"\" srcset=\"https:\/\/bakudanismanlik.com\/wp-content\/uploads\/2023\/05\/home1_img_1-1.png 603w, https:\/\/bakudanismanlik.com\/wp-content\/uploads\/2023\/05\/home1_img_1-1-300x266.png 300w, https:\/\/bakudanismanlik.com\/wp-content\/uploads\/2023\/05\/home1_img_1-1-600x531.png 600w, https:\/\/bakudanismanlik.com\/wp-content\/uploads\/2023\/05\/home1_img_1-1-560x496.png 560w\" sizes=\"(max-width: 603px) 100vw, 603px\" \/>\t\t\t\t\t\t\t\t\t\t\t\t\t<\/div>\n\t\t\t\t<\/div>\n\t\t\t\t\t<\/div>\n\t\t<\/div>\n\t\t\t\t\t<\/div>\n\t\t<\/section>\n\t\t\t\t<section class=\"elementor-section elementor-top-section elementor-element elementor-element-00da7e1 elementor-section-boxed elementor-section-height-default elementor-section-height-default\" data-id=\"00da7e1\" data-element_type=\"section\">\n\t\t\t\t\t\t<div class=\"elementor-container elementor-column-gap-default\">\n\t\t\t\t\t<div class=\"elementor-column elementor-col-100 elementor-top-column elementor-element elementor-element-7d26fb0\" data-id=\"7d26fb0\" data-element_type=\"column\">\n\t\t\t<div class=\"elementor-widget-wrap elementor-element-populated\">\n\t\t\t\t\t\t<div class=\"elementor-element elementor-element-2bf0c03 elementor-widget elementor-widget-heading\" data-id=\"2bf0c03\" data-element_type=\"widget\" data-widget_type=\"heading.default\">\n\t\t\t\t<div class=\"elementor-widget-container\">\n\t\t\t<h2 class=\"elementor-heading-title elementor-size-default\">Ev Hizmetlerinde \n\u00c7al\u0131\u015fma \u0130zni<\/h2>\t\t<\/div>\n\t\t\t\t<\/div>\n\t\t\t\t<div class=\"elementor-element elementor-element-66ffcd7 elementor-widget elementor-widget-text-editor\" data-id=\"66ffcd7\" data-element_type=\"widget\" data-widget_type=\"text-editor.default\">\n\t\t\t\t<div class=\"elementor-widget-container\">\n\t\t\t\t\t\t\tEv hizmetlerinde yabanc\u0131 \u00e7al\u0131\u015ft\u0131rabilmek i\u00e7in, yasal s\u00fcre\u00e7lerin tamamlanarak \u00c7al\u0131\u015fma ve Sosyal G\u00fcvenlik Bakanl\u0131\u011f\u0131&#8217;ndan \u00e7al\u0131\u015fma izni al\u0131nmas\u0131 zorunludur. T\u00fcrkiye&#8217;deki ev hizmetleri ve i\u015f yerlerinde yabanc\u0131 uyruklu personel istihdam edebilmek i\u00e7in \u00c7al\u0131\u015fma ve Sosyal G\u00fcvenlik Bakanl\u0131\u011f\u0131&#8217;n\u0131n belirledi\u011fi yabanc\u0131 personel \u00e7al\u0131\u015fma izni kriterlerinin yerine getirilmesi gerekmektedir.\t\t\t\t\t\t<\/div>\n\t\t\t\t<\/div>\n\t\t\t\t<div class=\"elementor-element elementor-element-15e227e elementor-widget elementor-widget-button\" data-id=\"15e227e\" data-element_type=\"widget\" data-widget_type=\"button.default\">\n\t\t\t\t<div class=\"elementor-widget-container\">\n\t\t\t\t\t<div class=\"elementor-button-wrapper\">\n\t\t\t<a class=\"elementor-button elementor-button-link elementor-size-sm\" href=\"https:\/\/api.whatsapp.com\/send\/?phone=905433120420&#038;text=Merhaba&#038;type=phone_number&#038;app_absent=0\">\n\t\t\t\t\t\t<span class=\"elementor-button-content-wrapper\">\n\t\t\t\t\t\t<span class=\"elementor-button-icon elementor-align-icon-left\">\n\t\t\t\t<i aria-hidden=\"true\" class=\"fab fa-whatsapp\"><\/i>\t\t\t<\/span>\n\t\t\t\t\t\t\t\t\t<span class=\"elementor-button-text\">WhatsApp Bilgi Al<\/span>\n\t\t\t\t\t<\/span>\n\t\t\t\t\t<\/a>\n\t\t<\/div>\n\t\t\t\t<\/div>\n\t\t\t\t<\/div>\n\t\t\t\t<div class=\"elementor-element elementor-element-3d7b712 elementor-widget elementor-widget-heading\" data-id=\"3d7b712\" data-element_type=\"widget\" data-widget_type=\"heading.default\">\n\t\t\t\t<div class=\"elementor-widget-container\">\n\t\t\t<h2 class=\"elementor-heading-title elementor-size-default\">E\u011fitim Sekt\u00f6r\u00fcnde \u00c7al\u0131\u015fma \u0130zni\n<\/h2>\t\t<\/div>\n\t\t\t\t<\/div>\n\t\t\t\t<div class=\"elementor-element elementor-element-b64dcd7 elementor-widget elementor-widget-text-editor\" data-id=\"b64dcd7\" data-element_type=\"widget\" data-widget_type=\"text-editor.default\">\n\t\t\t\t<div class=\"elementor-widget-container\">\n\t\t\t\t\t\t\t<p>Yabanc\u0131 uyruklu bireyler, T\u00fcrkiye&#8217;deki e\u011fitim ve \u00f6\u011fretim kurumlar\u0131nda \u00f6\u011fretmen olarak g\u00f6rev almay\u0131 arzu ederlerse, \u00f6ncelikle mezun olduklar\u0131 okul diplomas\u0131n\u0131n denklik belgesini Y\u00fcksek\u00f6\u011fretim Kurulu&#8217;ndan almal\u0131d\u0131r. Ard\u0131ndan, bu denklik belgesiyle birlikte Milli E\u011fitim Bakanl\u0131\u011f\u0131&#8217;na ba\u015fvurarak \u00f6n izin belgesi (mesleki yeterlilik belgesi) elde etmeleri gerekmektedir. Yabanc\u0131 \u00f6\u011fretmenlerin \u00e7al\u0131\u015fma izni alabilmeleri i\u00e7in, gerekli belgelerin yan\u0131 s\u0131ra \u00e7al\u0131\u015facaklar\u0131 kurumun talep etti\u011fi belgeler de de\u011fi\u015fiklik g\u00f6sterebilir.<\/p>\t\t\t\t\t\t<\/div>\n\t\t\t\t<\/div>\n\t\t\t\t<div class=\"elementor-element elementor-element-1c34fb1 elementor-widget elementor-widget-button\" data-id=\"1c34fb1\" data-element_type=\"widget\" data-widget_type=\"button.default\">\n\t\t\t\t<div class=\"elementor-widget-container\">\n\t\t\t\t\t<div class=\"elementor-button-wrapper\">\n\t\t\t<a class=\"elementor-button elementor-button-link elementor-size-sm\" href=\"https:\/\/api.whatsapp.com\/send\/?phone=905433120420&#038;text=Merhaba&#038;type=phone_number&#038;app_absent=0\">\n\t\t\t\t\t\t<span class=\"elementor-button-content-wrapper\">\n\t\t\t\t\t\t<span class=\"elementor-button-icon elementor-align-icon-left\">\n\t\t\t\t<i aria-hidden=\"true\" class=\"fab fa-whatsapp\"><\/i>\t\t\t<\/span>\n\t\t\t\t\t\t\t\t\t<span class=\"elementor-button-text\">WhatsApp Bilgi Al<\/span>\n\t\t\t\t\t<\/span>\n\t\t\t\t\t<\/a>\n\t\t<\/div>\n\t\t\t\t<\/div>\n\t\t\t\t<\/div>\n\t\t\t\t<div class=\"elementor-element elementor-element-7d174a3 elementor-widget elementor-widget-heading\" data-id=\"7d174a3\" data-element_type=\"widget\" data-widget_type=\"heading.default\">\n\t\t\t\t<div class=\"elementor-widget-container\">\n\t\t\t<h2 class=\"elementor-heading-title elementor-size-default\">Sa\u011fl\u0131k Sekt\u00f6r\u00fcnde \u00c7al\u0131\u015fma \u0130zni<\/h2>\t\t<\/div>\n\t\t\t\t<\/div>\n\t\t\t\t<div class=\"elementor-element elementor-element-6a02aff elementor-widget elementor-widget-text-editor\" data-id=\"6a02aff\" data-element_type=\"widget\" data-widget_type=\"text-editor.default\">\n\t\t\t\t<div class=\"elementor-widget-container\">\n\t\t\t\t\t\t\t<p style=\"text-align: left;\">Yabanc\u0131 sa\u011fl\u0131k meslek mensuplar\u0131n\u0131n T\u00fcrkiye&#8217;de \u00e7al\u0131\u015fabilmeleri i\u00e7in, diploma veya uzmanl\u0131k belgelerinin denklikleri onaylanm\u0131\u015f ve Sa\u011fl\u0131k Bakanl\u0131\u011f\u0131 taraf\u0131ndan tescil edilmi\u015f olmal\u0131d\u0131r. Ayr\u0131ca, mesleklerini icra etmelerine engel olabilecek herhangi bir durumlar\u0131 olmamal\u0131 ve T\u00fcrk\u00e7e&#8217;yi en az B seviyesinde T\u00d6MER standartlar\u0131na g\u00f6re bilmeleri gerekmektedir. Bunun yan\u0131 s\u0131ra, yabanc\u0131 sa\u011fl\u0131k meslek mensuplar\u0131n\u0131n \u00e7al\u0131\u015fma izni alabilmeleri i\u00e7in Sa\u011fl\u0131k Bakanl\u0131\u011f\u0131&#8217;ndan da izin almalar\u0131 gerekmektedir.<\/p>\t\t\t\t\t\t<\/div>\n\t\t\t\t<\/div>\n\t\t\t\t<div class=\"elementor-element elementor-element-ffcee70 elementor-widget elementor-widget-button\" data-id=\"ffcee70\" data-element_type=\"widget\" data-widget_type=\"button.default\">\n\t\t\t\t<div class=\"elementor-widget-container\">\n\t\t\t\t\t<div class=\"elementor-button-wrapper\">\n\t\t\t<a class=\"elementor-button elementor-button-link elementor-size-sm\" href=\"https:\/\/api.whatsapp.com\/send\/?phone=905433120420&#038;text=Merhaba&#038;type=phone_number&#038;app_absent=0\">\n\t\t\t\t\t\t<span class=\"elementor-button-content-wrapper\">\n\t\t\t\t\t\t<span class=\"elementor-button-icon elementor-align-icon-left\">\n\t\t\t\t<i aria-hidden=\"true\" class=\"fab fa-whatsapp\"><\/i>\t\t\t<\/span>\n\t\t\t\t\t\t\t\t\t<span class=\"elementor-button-text\">WhatsApp Bilgi Al<\/span>\n\t\t\t\t\t<\/span>\n\t\t\t\t\t<\/a>\n\t\t<\/div>\n\t\t\t\t<\/div>\n\t\t\t\t<\/div>\n\t\t\t\t<div class=\"elementor-element elementor-element-08d2abf elementor-widget elementor-widget-heading\" data-id=\"08d2abf\" data-element_type=\"widget\" data-widget_type=\"heading.default\">\n\t\t\t\t<div class=\"elementor-widget-container\">\n\t\t\t<h2 class=\"elementor-heading-title elementor-size-default\">Turizm Sekt\u00f6r\u00fcnde \u00c7al\u0131\u015fma \u0130zni\n<\/h2>\t\t<\/div>\n\t\t\t\t<\/div>\n\t\t\t\t<div class=\"elementor-element elementor-element-ea6dd56 elementor-widget elementor-widget-text-editor\" data-id=\"ea6dd56\" data-element_type=\"widget\" data-widget_type=\"text-editor.default\">\n\t\t\t\t<div class=\"elementor-widget-container\">\n\t\t\t\t\t\t\t<p style=\"text-align: left;\">Turizm i\u015fletmeleri ve tatil k\u00f6yleri gibi K\u00fclt\u00fcr ve Turizm Bakanl\u0131\u011f\u0131 taraf\u0131ndan belgelenmi\u015f olan kurulu\u015flar ile e\u011flence sekt\u00f6r\u00fc ve turizm-animasyon organizasyon firmalar\u0131, uzmanl\u0131k ve ustal\u0131k gerektiren i\u015flerde \u00e7al\u0131\u015facak yabanc\u0131lar\u0131 istihdam etmek istediklerinde, her bir yabanc\u0131 i\u00e7in ayr\u0131 bir T\u00fcrk vatanda\u015f\u0131n\u0131n istihdam edilme \u015fart\u0131 aranmamaktad\u0131r. Bu sayede, en az on T\u00fcrk vatanda\u015f\u0131 \u00e7al\u0131\u015ft\u0131r\u0131ld\u0131\u011f\u0131 takdirde yabanc\u0131 istihdam\u0131 i\u00e7in ayr\u0131 bir kota uygulanmamaktad\u0131r.<\/p>\t\t\t\t\t\t<\/div>\n\t\t\t\t<\/div>\n\t\t\t\t<div class=\"elementor-element elementor-element-b4c9925 elementor-widget elementor-widget-button\" data-id=\"b4c9925\" data-element_type=\"widget\" data-widget_type=\"button.default\">\n\t\t\t\t<div class=\"elementor-widget-container\">\n\t\t\t\t\t<div class=\"elementor-button-wrapper\">\n\t\t\t<a class=\"elementor-button elementor-button-link elementor-size-sm\" href=\"https:\/\/api.whatsapp.com\/send\/?phone=905433120420&#038;text=Merhaba&#038;type=phone_number&#038;app_absent=0\">\n\t\t\t\t\t\t<span class=\"elementor-button-content-wrapper\">\n\t\t\t\t\t\t<span class=\"elementor-button-icon elementor-align-icon-left\">\n\t\t\t\t<i aria-hidden=\"true\" class=\"fab fa-whatsapp\"><\/i>\t\t\t<\/span>\n\t\t\t\t\t\t\t\t\t<span class=\"elementor-button-text\">WhatsApp Bilgi Al<\/span>\n\t\t\t\t\t<\/span>\n\t\t\t\t\t<\/a>\n\t\t<\/div>\n\t\t\t\t<\/div>\n\t\t\t\t<\/div>\n\t\t\t\t<div class=\"elementor-element elementor-element-6d6681e elementor-widget elementor-widget-heading\" data-id=\"6d6681e\" data-element_type=\"widget\" data-widget_type=\"heading.default\">\n\t\t\t\t<div class=\"elementor-widget-container\">\n\t\t\t<h2 class=\"elementor-heading-title elementor-size-default\">E\u011flence Sekt\u00f6r\u00fcnde \u00c7al\u0131\u015fma \u0130zni\n<\/h2>\t\t<\/div>\n\t\t\t\t<\/div>\n\t\t\t\t<div class=\"elementor-element elementor-element-98a3e81 elementor-widget elementor-widget-text-editor\" data-id=\"98a3e81\" data-element_type=\"widget\" data-widget_type=\"text-editor.default\">\n\t\t\t\t<div class=\"elementor-widget-container\">\n\t\t\t\t\t\t\tE\u011flence sekt\u00f6r\u00fcnde, yabanc\u0131 uyruklu personelin istihdam edilebilmesi m\u00fcmk\u00fcnd\u00fcr. Ancak, yabanc\u0131 uyruklu bir ki\u015finin istihdam edilebilmesi i\u00e7in \u00e7al\u0131\u015fma izni almas\u0131 gerekmektedir. \u0130\u015f yerinin en \u00f6nemli gerekliliklerinden biri, K\u00fclt\u00fcr ve Turizm Bakanl\u0131\u011f\u0131&#8217;ndan al\u0131nm\u0131\u015f bir \u0130\u015fletme Belgesi&#8217;ne sahip olmas\u0131d\u0131r. Bunun yan\u0131 s\u0131ra, yabanc\u0131 personelin T\u00fcrk\u00e7e terc\u00fcmesi, yeminli bir m\u00fctercim veya resmi makamlar taraf\u0131ndan onaylanm\u0131\u015f bir Bonservis&#8217;e sahip olmal\u0131d\u0131r. E\u011flence sekt\u00f6r\u00fcnde yabanc\u0131 bir \u00e7al\u0131\u015fma izni almak konusunda, Modum Dan\u0131\u015fmanl\u0131k uzmanl\u0131\u011f\u0131ndan faydalanman\u0131z\u0131 \u00f6neririz.\t\t\t\t\t\t<\/div>\n\t\t\t\t<\/div>\n\t\t\t\t<div class=\"elementor-element elementor-element-26068ec elementor-widget elementor-widget-button\" data-id=\"26068ec\" data-element_type=\"widget\" data-widget_type=\"button.default\">\n\t\t\t\t<div class=\"elementor-widget-container\">\n\t\t\t\t\t<div class=\"elementor-button-wrapper\">\n\t\t\t<a class=\"elementor-button elementor-button-link elementor-size-sm\" href=\"https:\/\/api.whatsapp.com\/send\/?phone=905433120420&#038;text=Merhaba&#038;type=phone_number&#038;app_absent=0\">\n\t\t\t\t\t\t<span class=\"elementor-button-content-wrapper\">\n\t\t\t\t\t\t<span class=\"elementor-button-icon elementor-align-icon-left\">\n\t\t\t\t<i aria-hidden=\"true\" class=\"fab fa-whatsapp\"><\/i>\t\t\t<\/span>\n\t\t\t\t\t\t\t\t\t<span class=\"elementor-button-text\">WhatsApp Bilgi Al<\/span>\n\t\t\t\t\t<\/span>\n\t\t\t\t\t<\/a>\n\t\t<\/div>\n\t\t\t\t<\/div>\n\t\t\t\t<\/div>\n\t\t\t\t<div class=\"elementor-element elementor-element-c10d7b6 elementor-widget elementor-widget-heading\" data-id=\"c10d7b6\" data-element_type=\"widget\" data-widget_type=\"heading.default\">\n\t\t\t\t<div class=\"elementor-widget-container\">\n\t\t\t<h2 class=\"elementor-heading-title elementor-size-default\">Di\u011fer Sekt\u00f6rlerde \u00c7al\u0131\u015fma \u0130zni<\/h2>\t\t<\/div>\n\t\t\t\t<\/div>\n\t\t\t\t<div class=\"elementor-element elementor-element-3302302 elementor-widget elementor-widget-text-editor\" data-id=\"3302302\" data-element_type=\"widget\" data-widget_type=\"text-editor.default\">\n\t\t\t\t<div class=\"elementor-widget-container\">\n\t\t\t\t\t\t\t<p style=\"text-align: left;\">\u0130\u015f yerlerinde yabanc\u0131 personel istihdam etmek i\u00e7in \u00e7al\u0131\u015fma izni almak gereklidir. \u00c7al\u0131\u015fma izni talep edilen i\u015f yerinde en az be\u015f T\u00fcrkiye Cumhuriyeti vatanda\u015f\u0131n\u0131n \u00e7al\u0131\u015ft\u0131r\u0131lmas\u0131 \u015fartt\u0131r. E\u011fer ayn\u0131 i\u015f yerinde birden fazla yabanc\u0131 i\u00e7in \u00e7al\u0131\u015fma izni talep ediliyorsa, ilk yabanc\u0131ya izin verildikten sonra her bir sonraki yabanc\u0131 i\u00e7in ayr\u0131 ayr\u0131 be\u015f T\u00fcrkiye Cumhuriyeti vatanda\u015f\u0131n\u0131n istihdam edilmesi gerekmektedir. Ancak, izin talep eden yabanc\u0131 i\u015fyerinin orta\u011f\u0131 ise, be\u015f ki\u015filik istihdam \u015fart\u0131, Bakanl\u0131k taraf\u0131ndan verilen bir y\u0131ll\u0131k \u00e7al\u0131\u015fma izni s\u00fcresinin son alt\u0131 ay\u0131 i\u00e7in ge\u00e7erlidir. \u0130\u015f yerinin \u00f6denmi\u015f sermayesi en az 100.000 TL olmal\u0131d\u0131r, veya br\u00fct sat\u0131\u015flar\u0131n\u0131n en az 800.000 TL olmas\u0131 veya son y\u0131l\u0131n ihracat tutar\u0131n\u0131n en az 250.000 ABD Dolar\u0131 olmas\u0131 gerekmektedir.<\/p>\t\t\t\t\t\t<\/div>\n\t\t\t\t<\/div>\n\t\t\t\t<div class=\"elementor-element elementor-element-c24ebd8 elementor-widget elementor-widget-button\" data-id=\"c24ebd8\" data-element_type=\"widget\" data-widget_type=\"button.default\">\n\t\t\t\t<div class=\"elementor-widget-container\">\n\t\t\t\t\t<div class=\"elementor-button-wrapper\">\n\t\t\t<a class=\"elementor-button elementor-button-link elementor-size-sm\" href=\"https:\/\/api.whatsapp.com\/send\/?phone=905433120420&#038;text=Merhaba&#038;type=phone_number&#038;app_absent=0\">\n\t\t\t\t\t\t<span class=\"elementor-button-content-wrapper\">\n\t\t\t\t\t\t<span class=\"elementor-button-icon elementor-align-icon-left\">\n\t\t\t\t<i aria-hidden=\"true\" class=\"fab fa-whatsapp\"><\/i>\t\t\t<\/span>\n\t\t\t\t\t\t\t\t\t<span class=\"elementor-button-text\">WhatsApp Bilgi Al<\/span>\n\t\t\t\t\t<\/span>\n\t\t\t\t\t<\/a>\n\t\t<\/div>\n\t\t\t\t<\/div>\n\t\t\t\t<\/div>\n\t\t\t\t\t<\/div>\n\t\t<\/div>\n\t\t\t\t\t<\/div>\n\t\t<\/section>\n\t\t\t\t<\/div>\n\t\t","protected":false},"excerpt":{"rendered":"<p>Sekt\u00f6rlere G\u00f6re Yabanc\u0131 \u00c7al\u0131\u015fma \u0130zni T\u00fcrkiye&#8217;de ev hizmetleri ve di\u011fer sekt\u00f6rlerde istihdam edilecek yabanc\u0131 uyruklu bireyler i\u00e7in \u00e7al\u0131\u015fma izni alma zorunlulu\u011fu bulunmaktad\u0131r. \u00c7al\u0131\u015fma izni ba\u015fvurular\u0131nda, meslek gruplar\u0131 ve sekt\u00f6rlere g\u00f6re farkl\u0131 belgeler talep edilmektedir. Yabanc\u0131 \u00e7al\u0131\u015fma izinleri konusunda \u015fans\u0131n\u0131za g\u00fcvenmek yerine, Modum Dan\u0131\u015fmanl\u0131k uzmanlar\u0131ndan destek alman\u0131zda fayda vard\u0131r. Onlar\u0131n deneyim ve uzmanl\u0131\u011f\u0131ndan yararlanarak i\u015flemlerinizi do\u011fru [&hellip;]<\/p>\n","protected":false},"author":1,"featured_media":352,"parent":0,"menu_order":0,"comment_status":"closed","ping_status":"closed","template":"elementor_header_footer","meta":{"footnotes":""},"class_list":["post-5571","page","type-page","status-publish","has-post-thumbnail","hentry"],"_links":{"self":[{"href":"https:\/\/bakudanismanlik.com\/index.php\/wp-json\/wp\/v2\/pages\/5571","targetHints":{"allow":["GET"]}}],"collection":[{"href":"https:\/\/bakudanismanlik.com\/index.php\/wp-json\/wp\/v2\/pages"}],"about":[{"href":"https:\/\/bakudanismanlik.com\/index.php\/wp-json\/wp\/v2\/types\/page"}],"author":[{"embeddable":true,"href":"https:\/\/bakudanismanlik.com\/index.php\/wp-json\/wp\/v2\/users\/1"}],"replies":[{"embeddable":true,"href":"https:\/\/bakudanismanlik.com\/index.php\/wp-json\/wp\/v2\/comments?post=5571"}],"version-history":[{"count":7,"href":"https:\/\/bakudanismanlik.com\/index.php\/wp-json\/wp\/v2\/pages\/5571\/revisions"}],"predecessor-version":[{"id":5579,"href":"https:\/\/bakudanismanlik.com\/index.php\/wp-json\/wp\/v2\/pages\/5571\/revisions\/5579"}],"wp:featuredmedia":[{"embeddable":true,"href":"https:\/\/bakudanismanlik.com\/index.php\/wp-json\/wp\/v2\/media\/352"}],"wp:attachment":[{"href":"https:\/\/bakudanismanlik.com\/index.php\/wp-json\/wp\/v2\/media?parent=5571"}],"curies":[{"name":"wp","href":"https:\/\/api.w.org\/{rel}","templated":true}]}}