{"id":5598,"date":"2023-05-21T19:28:04","date_gmt":"2023-05-21T16:28:04","guid":{"rendered":"https:\/\/bakudanismanlik.com\/?page_id=5598"},"modified":"2023-05-22T21:09:02","modified_gmt":"2023-05-22T18:09:02","slug":"yabanci-calisma-izni-uzatma","status":"publish","type":"page","link":"https:\/\/bakudanismanlik.com\/index.php\/yabanci-calisma-izni-uzatma\/","title":{"rendered":"Yabanc\u0131 \u00c7al\u0131\u015fma \u0130zni Uzatma"},"content":{"rendered":"\t\t<div data-elementor-type=\"wp-page\" data-elementor-id=\"5598\" class=\"elementor elementor-5598\">\n\t\t\t\t\t\t<section class=\"elementor-section elementor-top-section elementor-element elementor-element-e1dd29d elementor-section-boxed elementor-section-height-default elementor-section-height-default\" data-id=\"e1dd29d\" data-element_type=\"section\">\n\t\t\t\t\t\t<div class=\"elementor-container elementor-column-gap-default\">\n\t\t\t\t\t<div class=\"elementor-column elementor-col-50 elementor-top-column elementor-element elementor-element-72ce8f4\" data-id=\"72ce8f4\" data-element_type=\"column\">\n\t\t\t<div class=\"elementor-widget-wrap elementor-element-populated\">\n\t\t\t\t\t\t<div class=\"elementor-element elementor-element-a673ea2 elementor-widget elementor-widget-heading\" data-id=\"a673ea2\" data-element_type=\"widget\" data-widget_type=\"heading.default\">\n\t\t\t\t<div class=\"elementor-widget-container\">\n\t\t\t<style>\/*! elementor - v3.21.0 - 30-04-2024 *\/\n.elementor-heading-title{padding:0;margin:0;line-height:1}.elementor-widget-heading .elementor-heading-title[class*=elementor-size-]>a{color:inherit;font-size:inherit;line-height:inherit}.elementor-widget-heading .elementor-heading-title.elementor-size-small{font-size:15px}.elementor-widget-heading .elementor-heading-title.elementor-size-medium{font-size:19px}.elementor-widget-heading .elementor-heading-title.elementor-size-large{font-size:29px}.elementor-widget-heading .elementor-heading-title.elementor-size-xl{font-size:39px}.elementor-widget-heading .elementor-heading-title.elementor-size-xxl{font-size:59px}<\/style><h2 class=\"elementor-heading-title elementor-size-default\">Yabanc\u0131 \u00c7al\u0131\u015fma \u0130zni Uzatma\n<\/h2>\t\t<\/div>\n\t\t\t\t<\/div>\n\t\t\t\t<div class=\"elementor-element elementor-element-fee4d3a elementor-widget elementor-widget-text-editor\" data-id=\"fee4d3a\" data-element_type=\"widget\" data-widget_type=\"text-editor.default\">\n\t\t\t\t<div class=\"elementor-widget-container\">\n\t\t\t<style>\/*! elementor - v3.21.0 - 30-04-2024 *\/\n.elementor-widget-text-editor.elementor-drop-cap-view-stacked .elementor-drop-cap{background-color:#69727d;color:#fff}.elementor-widget-text-editor.elementor-drop-cap-view-framed .elementor-drop-cap{color:#69727d;border:3px solid;background-color:transparent}.elementor-widget-text-editor:not(.elementor-drop-cap-view-default) .elementor-drop-cap{margin-top:8px}.elementor-widget-text-editor:not(.elementor-drop-cap-view-default) .elementor-drop-cap-letter{width:1em;height:1em}.elementor-widget-text-editor .elementor-drop-cap{float:left;text-align:center;line-height:1;font-size:50px}.elementor-widget-text-editor .elementor-drop-cap-letter{display:inline-block}<\/style>\t\t\t\t<p>Yabanc\u0131lar\u0131n \u00e7al\u0131\u015fma izinlerini nas\u0131l uzatabilecekleri konusunda bilgi vermek istiyorsunuz. \u00c7al\u0131\u015fma iznini uzatmak i\u00e7in gereken belgeler nelerdir ve ba\u015fvurular ne zaman yap\u0131lmal\u0131d\u0131r? Ayr\u0131ca \u00e7al\u0131\u015fma izinleri ne kadar s\u00fcreyle uzat\u0131labilir? Baku Dan\u0131\u015fmanl\u0131k, yabanc\u0131 \u00e7al\u0131\u015fma izni uzatma konusunda uzmanl\u0131\u011f\u0131yla size yard\u0131mc\u0131 olabilir.<\/p>\t\t\t\t\t\t<\/div>\n\t\t\t\t<\/div>\n\t\t\t\t<div class=\"elementor-element elementor-element-51ecd31 elementor-widget elementor-widget-button\" data-id=\"51ecd31\" data-element_type=\"widget\" data-widget_type=\"button.default\">\n\t\t\t\t<div class=\"elementor-widget-container\">\n\t\t\t\t\t<div class=\"elementor-button-wrapper\">\n\t\t\t<a class=\"elementor-button elementor-button-link elementor-size-md\" href=\"https:\/\/api.whatsapp.com\/send\/?phone=905433120420&#038;text=Merhaba&#038;type=phone_number&#038;app_absent=0\">\n\t\t\t\t\t\t<span class=\"elementor-button-content-wrapper\">\n\t\t\t\t\t\t<span class=\"elementor-button-icon elementor-align-icon-left\">\n\t\t\t\t<i aria-hidden=\"true\" class=\"fab fa-whatsapp\"><\/i>\t\t\t<\/span>\n\t\t\t\t\t\t\t\t\t<span class=\"elementor-button-text\">WhatsApp Destek Hatt\u0131<\/span>\n\t\t\t\t\t<\/span>\n\t\t\t\t\t<\/a>\n\t\t<\/div>\n\t\t\t\t<\/div>\n\t\t\t\t<\/div>\n\t\t\t\t\t<\/div>\n\t\t<\/div>\n\t\t\t\t<div class=\"elementor-column elementor-col-50 elementor-top-column elementor-element elementor-element-bef0398\" data-id=\"bef0398\" data-element_type=\"column\">\n\t\t\t<div class=\"elementor-widget-wrap elementor-element-populated\">\n\t\t\t\t\t\t<div class=\"elementor-element elementor-element-9d5dbbc elementor-widget elementor-widget-image\" data-id=\"9d5dbbc\" data-element_type=\"widget\" data-widget_type=\"image.default\">\n\t\t\t\t<div class=\"elementor-widget-container\">\n\t\t\t<style>\/*! elementor - v3.21.0 - 30-04-2024 *\/\n.elementor-widget-image{text-align:center}.elementor-widget-image a{display:inline-block}.elementor-widget-image a img[src$=\".svg\"]{width:48px}.elementor-widget-image img{vertical-align:middle;display:inline-block}<\/style>\t\t\t\t\t\t\t\t\t\t<img fetchpriority=\"high\" decoding=\"async\" width=\"603\" height=\"534\" src=\"https:\/\/bakudanismanlik.com\/wp-content\/uploads\/2023\/05\/home1_img_1-1.png\" class=\"attachment-large size-large wp-image-5550\" alt=\"\" srcset=\"https:\/\/bakudanismanlik.com\/wp-content\/uploads\/2023\/05\/home1_img_1-1.png 603w, https:\/\/bakudanismanlik.com\/wp-content\/uploads\/2023\/05\/home1_img_1-1-300x266.png 300w, https:\/\/bakudanismanlik.com\/wp-content\/uploads\/2023\/05\/home1_img_1-1-600x531.png 600w, https:\/\/bakudanismanlik.com\/wp-content\/uploads\/2023\/05\/home1_img_1-1-560x496.png 560w\" sizes=\"(max-width: 603px) 100vw, 603px\" \/>\t\t\t\t\t\t\t\t\t\t\t\t\t<\/div>\n\t\t\t\t<\/div>\n\t\t\t\t\t<\/div>\n\t\t<\/div>\n\t\t\t\t\t<\/div>\n\t\t<\/section>\n\t\t\t\t<section class=\"elementor-section elementor-top-section elementor-element elementor-element-00da7e1 elementor-section-boxed elementor-section-height-default elementor-section-height-default\" data-id=\"00da7e1\" data-element_type=\"section\">\n\t\t\t\t\t\t<div class=\"elementor-container elementor-column-gap-default\">\n\t\t\t\t\t<div class=\"elementor-column elementor-col-100 elementor-top-column elementor-element elementor-element-7d26fb0\" data-id=\"7d26fb0\" data-element_type=\"column\">\n\t\t\t<div class=\"elementor-widget-wrap elementor-element-populated\">\n\t\t\t\t\t\t<div class=\"elementor-element elementor-element-2bf0c03 elementor-widget elementor-widget-heading\" data-id=\"2bf0c03\" data-element_type=\"widget\" data-widget_type=\"heading.default\">\n\t\t\t\t<div class=\"elementor-widget-container\">\n\t\t\t<h2 class=\"elementor-heading-title elementor-size-default\">\u00c7al\u0131\u015fma \u0130zinlerinin Uzat\u0131lmas\u0131\n<\/h2>\t\t<\/div>\n\t\t\t\t<\/div>\n\t\t\t\t<div class=\"elementor-element elementor-element-66ffcd7 elementor-widget elementor-widget-text-editor\" data-id=\"66ffcd7\" data-element_type=\"widget\" data-widget_type=\"text-editor.default\">\n\t\t\t\t<div class=\"elementor-widget-container\">\n\t\t\t\t\t\t\t<p>Mevcut \u00e7al\u0131\u015fma izninin s\u00fcresinin sona ermeden uzat\u0131labilmesi i\u00e7in, ba\u015fvurunun en ge\u00e7 mevcut iznin biti\u015f tarihinden geriye do\u011fru iki ayl\u0131k s\u00fcre i\u00e7erisinde yap\u0131lmas\u0131 gerekmektedir. \u00c7al\u0131\u015fma izni s\u00fcresi bitiminden sonra yap\u0131lan uzatma ba\u015fvurular\u0131 kabul edilmemektedir.<\/p><p>\u00c7al\u0131\u015fma izninin uzat\u0131lmas\u0131 talebi, ilk ba\u015fvuruda oldu\u011fu gibi e-devlet \u00fczerinden elektronik ortamda ger\u00e7ekle\u015ftirilir.<\/p><p>Kanuni bir y\u0131ll\u0131k \u00e7al\u0131\u015fma s\u00fcresinin ard\u0131ndan, 6735 say\u0131l\u0131 Kanunun 7. maddesi uyar\u0131nca yap\u0131lan uzatma ba\u015fvurusunun olumlu de\u011ferlendirilmesi durumunda, ayn\u0131 i\u015fverene ba\u011fl\u0131 olarak ilk uzatma ba\u015fvurusunda en fazla iki y\u0131l, sonraki uzatma ba\u015fvurular\u0131nda ise en fazla \u00fc\u00e7 y\u0131ll\u0131k \u00e7al\u0131\u015fma izni verilebilir.<\/p><p>Farkl\u0131 bir i\u015fverenle \u00e7al\u0131\u015fmak i\u00e7in yap\u0131lan ba\u015fvurular ise, ilk ba\u015fvuru usul ve esaslar\u0131na g\u00f6re de\u011ferlendirilir.<\/p>\t\t\t\t\t\t<\/div>\n\t\t\t\t<\/div>\n\t\t\t\t<div class=\"elementor-element elementor-element-15e227e elementor-widget elementor-widget-button\" data-id=\"15e227e\" data-element_type=\"widget\" data-widget_type=\"button.default\">\n\t\t\t\t<div class=\"elementor-widget-container\">\n\t\t\t\t\t<div class=\"elementor-button-wrapper\">\n\t\t\t<a class=\"elementor-button elementor-button-link elementor-size-sm\" href=\"https:\/\/api.whatsapp.com\/send\/?phone=905433120420&#038;text=Merhaba&#038;type=phone_number&#038;app_absent=0\">\n\t\t\t\t\t\t<span class=\"elementor-button-content-wrapper\">\n\t\t\t\t\t\t<span class=\"elementor-button-icon elementor-align-icon-left\">\n\t\t\t\t<i aria-hidden=\"true\" class=\"fab fa-whatsapp\"><\/i>\t\t\t<\/span>\n\t\t\t\t\t\t\t\t\t<span class=\"elementor-button-text\">WhatsApp Bilgi Al<\/span>\n\t\t\t\t\t<\/span>\n\t\t\t\t\t<\/a>\n\t\t<\/div>\n\t\t\t\t<\/div>\n\t\t\t\t<\/div>\n\t\t\t\t<div class=\"elementor-element elementor-element-3d7b712 elementor-widget elementor-widget-heading\" data-id=\"3d7b712\" data-element_type=\"widget\" data-widget_type=\"heading.default\">\n\t\t\t\t<div class=\"elementor-widget-container\">\n\t\t\t<h2 class=\"elementor-heading-title elementor-size-default\">\u00c7al\u0131\u015fma \u0130zinlerinin Uzat\u0131lmas\u0131 i\u00e7in e-imza Zorunlu\n<\/h2>\t\t<\/div>\n\t\t\t\t<\/div>\n\t\t\t\t<div class=\"elementor-element elementor-element-b64dcd7 elementor-widget elementor-widget-text-editor\" data-id=\"b64dcd7\" data-element_type=\"widget\" data-widget_type=\"text-editor.default\">\n\t\t\t\t<div class=\"elementor-widget-container\">\n\t\t\t\t\t\t\t<p>\u00c7al\u0131\u015fma ve Sosyal G\u00fcvenlik Bakanl\u0131\u011f\u0131, Yabanc\u0131lar\u0131n T\u00fcrkiye&#8217;de \u00c7al\u0131\u015fma \u0130zni Ba\u015fvuru Sistemi&#8217;nde bir yenileme ger\u00e7ekle\u015ftirmi\u015ftir.<\/p><p>Yap\u0131lan yenilemeye g\u00f6re, herhangi bir \u00e7al\u0131\u015fma izni ba\u015fvurusunda bulunan ba\u015fvuru sahibi (i\u015fveren veya vekili) ve ba\u011f\u0131ms\u0131z veya s\u00fcresiz \u00e7al\u0131\u015fma izni talep eden yabanc\u0131 bireyin; elektronik tebligata uygun bir KEP (Kay\u0131tl\u0131 Elektronik Posta) hesab\u0131na sahip olmas\u0131 ve ba\u015fvurular\u0131n elektronik imza ile yap\u0131lmas\u0131 zorunlu hale getirilmi\u015ftir.<\/p>\t\t\t\t\t\t<\/div>\n\t\t\t\t<\/div>\n\t\t\t\t<div class=\"elementor-element elementor-element-1c34fb1 elementor-widget elementor-widget-button\" data-id=\"1c34fb1\" data-element_type=\"widget\" data-widget_type=\"button.default\">\n\t\t\t\t<div class=\"elementor-widget-container\">\n\t\t\t\t\t<div class=\"elementor-button-wrapper\">\n\t\t\t<a class=\"elementor-button elementor-button-link elementor-size-sm\" href=\"https:\/\/api.whatsapp.com\/send\/?phone=905433120420&#038;text=Merhaba&#038;type=phone_number&#038;app_absent=0\">\n\t\t\t\t\t\t<span class=\"elementor-button-content-wrapper\">\n\t\t\t\t\t\t<span class=\"elementor-button-icon elementor-align-icon-left\">\n\t\t\t\t<i aria-hidden=\"true\" class=\"fab fa-whatsapp\"><\/i>\t\t\t<\/span>\n\t\t\t\t\t\t\t\t\t<span class=\"elementor-button-text\">WhatsApp Bilgi Al<\/span>\n\t\t\t\t\t<\/span>\n\t\t\t\t\t<\/a>\n\t\t<\/div>\n\t\t\t\t<\/div>\n\t\t\t\t<\/div>\n\t\t\t\t\t<\/div>\n\t\t<\/div>\n\t\t\t\t\t<\/div>\n\t\t<\/section>\n\t\t\t\t<\/div>\n\t\t","protected":false},"excerpt":{"rendered":"<p>Yabanc\u0131 \u00c7al\u0131\u015fma \u0130zni Uzatma Yabanc\u0131lar\u0131n \u00e7al\u0131\u015fma izinlerini nas\u0131l uzatabilecekleri konusunda bilgi vermek istiyorsunuz. \u00c7al\u0131\u015fma iznini uzatmak i\u00e7in gereken belgeler nelerdir ve ba\u015fvurular ne zaman yap\u0131lmal\u0131d\u0131r? Ayr\u0131ca \u00e7al\u0131\u015fma izinleri ne kadar s\u00fcreyle uzat\u0131labilir? Baku Dan\u0131\u015fmanl\u0131k, yabanc\u0131 \u00e7al\u0131\u015fma izni uzatma konusunda uzmanl\u0131\u011f\u0131yla size yard\u0131mc\u0131 olabilir. WhatsApp Destek Hatt\u0131 \u00c7al\u0131\u015fma \u0130zinlerinin Uzat\u0131lmas\u0131 Mevcut \u00e7al\u0131\u015fma izninin s\u00fcresinin sona ermeden [&hellip;]<\/p>\n","protected":false},"author":1,"featured_media":352,"parent":0,"menu_order":0,"comment_status":"closed","ping_status":"closed","template":"elementor_header_footer","meta":{"footnotes":""},"class_list":["post-5598","page","type-page","status-publish","has-post-thumbnail","hentry"],"_links":{"self":[{"href":"https:\/\/bakudanismanlik.com\/index.php\/wp-json\/wp\/v2\/pages\/5598","targetHints":{"allow":["GET"]}}],"collection":[{"href":"https:\/\/bakudanismanlik.com\/index.php\/wp-json\/wp\/v2\/pages"}],"about":[{"href":"https:\/\/bakudanismanlik.com\/index.php\/wp-json\/wp\/v2\/types\/page"}],"author":[{"embeddable":true,"href":"https:\/\/bakudanismanlik.com\/index.php\/wp-json\/wp\/v2\/users\/1"}],"replies":[{"embeddable":true,"href":"https:\/\/bakudanismanlik.com\/index.php\/wp-json\/wp\/v2\/comments?post=5598"}],"version-history":[{"count":12,"href":"https:\/\/bakudanismanlik.com\/index.php\/wp-json\/wp\/v2\/pages\/5598\/revisions"}],"predecessor-version":[{"id":5781,"href":"https:\/\/bakudanismanlik.com\/index.php\/wp-json\/wp\/v2\/pages\/5598\/revisions\/5781"}],"wp:featuredmedia":[{"embeddable":true,"href":"https:\/\/bakudanismanlik.com\/index.php\/wp-json\/wp\/v2\/media\/352"}],"wp:attachment":[{"href":"https:\/\/bakudanismanlik.com\/index.php\/wp-json\/wp\/v2\/media?parent=5598"}],"curies":[{"name":"wp","href":"https:\/\/api.w.org\/{rel}","templated":true}]}}