{"id":5615,"date":"2023-05-21T19:39:56","date_gmt":"2023-05-21T16:39:56","guid":{"rendered":"https:\/\/bakudanismanlik.com\/?page_id=5615"},"modified":"2023-05-21T21:14:19","modified_gmt":"2023-05-21T18:14:19","slug":"calisma-izni-degerlendirme-kriterleri","status":"publish","type":"page","link":"https:\/\/bakudanismanlik.com\/index.php\/calisma-izni-degerlendirme-kriterleri\/","title":{"rendered":"\u00c7al\u0131\u015fma \u0130zni De\u011ferlendirme Kriterleri"},"content":{"rendered":"\t\t<div data-elementor-type=\"wp-page\" data-elementor-id=\"5615\" class=\"elementor elementor-5615\">\n\t\t\t\t\t\t<section class=\"elementor-section elementor-top-section elementor-element elementor-element-e1dd29d elementor-section-boxed elementor-section-height-default elementor-section-height-default\" data-id=\"e1dd29d\" data-element_type=\"section\">\n\t\t\t\t\t\t<div class=\"elementor-container elementor-column-gap-default\">\n\t\t\t\t\t<div class=\"elementor-column elementor-col-50 elementor-top-column elementor-element elementor-element-72ce8f4\" data-id=\"72ce8f4\" data-element_type=\"column\">\n\t\t\t<div class=\"elementor-widget-wrap elementor-element-populated\">\n\t\t\t\t\t\t<div class=\"elementor-element elementor-element-a673ea2 elementor-widget elementor-widget-heading\" data-id=\"a673ea2\" data-element_type=\"widget\" data-widget_type=\"heading.default\">\n\t\t\t\t<div class=\"elementor-widget-container\">\n\t\t\t<style>\/*! elementor - v3.21.0 - 30-04-2024 *\/\n.elementor-heading-title{padding:0;margin:0;line-height:1}.elementor-widget-heading .elementor-heading-title[class*=elementor-size-]>a{color:inherit;font-size:inherit;line-height:inherit}.elementor-widget-heading .elementor-heading-title.elementor-size-small{font-size:15px}.elementor-widget-heading .elementor-heading-title.elementor-size-medium{font-size:19px}.elementor-widget-heading .elementor-heading-title.elementor-size-large{font-size:29px}.elementor-widget-heading .elementor-heading-title.elementor-size-xl{font-size:39px}.elementor-widget-heading .elementor-heading-title.elementor-size-xxl{font-size:59px}<\/style><h2 class=\"elementor-heading-title elementor-size-default\">\u00c7al\u0131\u015fma \u0130zni De\u011ferlendirme Kriterleri\n<\/h2>\t\t<\/div>\n\t\t\t\t<\/div>\n\t\t\t\t<div class=\"elementor-element elementor-element-fee4d3a elementor-widget elementor-widget-text-editor\" data-id=\"fee4d3a\" data-element_type=\"widget\" data-widget_type=\"text-editor.default\">\n\t\t\t\t<div class=\"elementor-widget-container\">\n\t\t\t<style>\/*! elementor - v3.21.0 - 30-04-2024 *\/\n.elementor-widget-text-editor.elementor-drop-cap-view-stacked .elementor-drop-cap{background-color:#69727d;color:#fff}.elementor-widget-text-editor.elementor-drop-cap-view-framed .elementor-drop-cap{color:#69727d;border:3px solid;background-color:transparent}.elementor-widget-text-editor:not(.elementor-drop-cap-view-default) .elementor-drop-cap{margin-top:8px}.elementor-widget-text-editor:not(.elementor-drop-cap-view-default) .elementor-drop-cap-letter{width:1em;height:1em}.elementor-widget-text-editor .elementor-drop-cap{float:left;text-align:center;line-height:1;font-size:50px}.elementor-widget-text-editor .elementor-drop-cap-letter{display:inline-block}<\/style>\t\t\t\t<p>Yabanc\u0131 \u00e7al\u0131\u015fma izni de\u011ferlendirme kriterleri, 4817 Say\u0131l\u0131 Yabanc\u0131lar\u0131n \u00c7al\u0131\u015fma \u0130zinleri Hakk\u0131nda Kanunun Uygulama Y\u00f6netmeli\u011finin 13. maddesi uyar\u0131nca belirlenmektedir. Ba\u015fvuru sahibi i\u015fyerlerinin ve yabanc\u0131lar\u0131n kar\u015f\u0131lamas\u0131 gereken zorunlu de\u011ferlendirme kriterleri nelerdir?<\/p>\t\t\t\t\t\t<\/div>\n\t\t\t\t<\/div>\n\t\t\t\t<div class=\"elementor-element elementor-element-51ecd31 elementor-widget elementor-widget-button\" data-id=\"51ecd31\" data-element_type=\"widget\" data-widget_type=\"button.default\">\n\t\t\t\t<div class=\"elementor-widget-container\">\n\t\t\t\t\t<div class=\"elementor-button-wrapper\">\n\t\t\t<a class=\"elementor-button elementor-button-link elementor-size-md\" href=\"https:\/\/api.whatsapp.com\/send\/?phone=905433120420&#038;text=Merhaba&#038;type=phone_number&#038;app_absent=0\">\n\t\t\t\t\t\t<span class=\"elementor-button-content-wrapper\">\n\t\t\t\t\t\t<span class=\"elementor-button-icon elementor-align-icon-left\">\n\t\t\t\t<i aria-hidden=\"true\" class=\"fab fa-whatsapp\"><\/i>\t\t\t<\/span>\n\t\t\t\t\t\t\t\t\t<span class=\"elementor-button-text\">WhatsApp Destek Hatt\u0131<\/span>\n\t\t\t\t\t<\/span>\n\t\t\t\t\t<\/a>\n\t\t<\/div>\n\t\t\t\t<\/div>\n\t\t\t\t<\/div>\n\t\t\t\t\t<\/div>\n\t\t<\/div>\n\t\t\t\t<div class=\"elementor-column elementor-col-50 elementor-top-column elementor-element elementor-element-bef0398\" data-id=\"bef0398\" data-element_type=\"column\">\n\t\t\t<div class=\"elementor-widget-wrap elementor-element-populated\">\n\t\t\t\t\t\t<div class=\"elementor-element elementor-element-9d5dbbc elementor-widget elementor-widget-image\" data-id=\"9d5dbbc\" data-element_type=\"widget\" data-widget_type=\"image.default\">\n\t\t\t\t<div class=\"elementor-widget-container\">\n\t\t\t<style>\/*! elementor - v3.21.0 - 30-04-2024 *\/\n.elementor-widget-image{text-align:center}.elementor-widget-image a{display:inline-block}.elementor-widget-image a img[src$=\".svg\"]{width:48px}.elementor-widget-image img{vertical-align:middle;display:inline-block}<\/style>\t\t\t\t\t\t\t\t\t\t<img fetchpriority=\"high\" decoding=\"async\" width=\"603\" height=\"534\" src=\"https:\/\/bakudanismanlik.com\/wp-content\/uploads\/2023\/05\/home1_img_1-1.png\" class=\"attachment-large size-large wp-image-5550\" alt=\"\" srcset=\"https:\/\/bakudanismanlik.com\/wp-content\/uploads\/2023\/05\/home1_img_1-1.png 603w, https:\/\/bakudanismanlik.com\/wp-content\/uploads\/2023\/05\/home1_img_1-1-300x266.png 300w, https:\/\/bakudanismanlik.com\/wp-content\/uploads\/2023\/05\/home1_img_1-1-600x531.png 600w, https:\/\/bakudanismanlik.com\/wp-content\/uploads\/2023\/05\/home1_img_1-1-560x496.png 560w\" sizes=\"(max-width: 603px) 100vw, 603px\" \/>\t\t\t\t\t\t\t\t\t\t\t\t\t<\/div>\n\t\t\t\t<\/div>\n\t\t\t\t\t<\/div>\n\t\t<\/div>\n\t\t\t\t\t<\/div>\n\t\t<\/section>\n\t\t\t\t<section class=\"elementor-section elementor-top-section elementor-element elementor-element-00da7e1 elementor-section-boxed elementor-section-height-default elementor-section-height-default\" data-id=\"00da7e1\" data-element_type=\"section\">\n\t\t\t\t\t\t<div class=\"elementor-container elementor-column-gap-default\">\n\t\t\t\t\t<div class=\"elementor-column elementor-col-100 elementor-top-column elementor-element elementor-element-7d26fb0\" data-id=\"7d26fb0\" data-element_type=\"column\">\n\t\t\t<div class=\"elementor-widget-wrap elementor-element-populated\">\n\t\t\t\t\t\t<div class=\"elementor-element elementor-element-2bf0c03 elementor-widget elementor-widget-heading\" data-id=\"2bf0c03\" data-element_type=\"widget\" data-widget_type=\"heading.default\">\n\t\t\t\t<div class=\"elementor-widget-container\">\n\t\t\t<h2 class=\"elementor-heading-title elementor-size-default\">En Az Be\u015f T.C. Vatanda\u015f\u0131n\u0131n \u0130stihdam\u0131 \n<\/h2>\t\t<\/div>\n\t\t\t\t<\/div>\n\t\t\t\t<div class=\"elementor-element elementor-element-66ffcd7 elementor-widget elementor-widget-text-editor\" data-id=\"66ffcd7\" data-element_type=\"widget\" data-widget_type=\"text-editor.default\">\n\t\t\t\t<div class=\"elementor-widget-container\">\n\t\t\t\t\t\t\t<p>\u00c7al\u0131\u015fma izni talep edilen i\u015fyerinde minimum be\u015f T\u00fcrkiye Cumhuriyeti vatanda\u015f\u0131n\u0131n istihdam edilmesi zorunludur. E\u011fer ayn\u0131 i\u015fyerinde birden fazla yabanc\u0131 i\u00e7in \u00e7al\u0131\u015fma izni talebinde bulunuluyorsa, her bir yabanc\u0131 i\u00e7in ayr\u0131 ayr\u0131 be\u015f T\u00fcrkiye Cumhuriyeti vatanda\u015f\u0131n\u0131n istihdam edilmesi gerekmektedir.<\/p><p>E\u011fer \u00e7al\u0131\u015fma izni talep eden yabanc\u0131 bir \u015firket orta\u011f\u0131 ise, be\u015f ki\u015filik istihdam \u015fart\u0131, Bakanl\u0131k taraf\u0131ndan verilecek bir y\u0131ll\u0131k \u00e7al\u0131\u015fma izninin son alt\u0131 ay\u0131 i\u00e7in aranmaktad\u0131r.<\/p>\t\t\t\t\t\t<\/div>\n\t\t\t\t<\/div>\n\t\t\t\t<div class=\"elementor-element elementor-element-15e227e elementor-widget elementor-widget-button\" data-id=\"15e227e\" data-element_type=\"widget\" data-widget_type=\"button.default\">\n\t\t\t\t<div class=\"elementor-widget-container\">\n\t\t\t\t\t<div class=\"elementor-button-wrapper\">\n\t\t\t<a class=\"elementor-button elementor-button-link elementor-size-sm\" href=\"https:\/\/api.whatsapp.com\/send\/?phone=905433120420&#038;text=Merhaba&#038;type=phone_number&#038;app_absent=0\">\n\t\t\t\t\t\t<span class=\"elementor-button-content-wrapper\">\n\t\t\t\t\t\t<span class=\"elementor-button-icon elementor-align-icon-left\">\n\t\t\t\t<i aria-hidden=\"true\" class=\"fab fa-whatsapp\"><\/i>\t\t\t<\/span>\n\t\t\t\t\t\t\t\t\t<span class=\"elementor-button-text\">WhatsApp Bilgi Al<\/span>\n\t\t\t\t\t<\/span>\n\t\t\t\t\t<\/a>\n\t\t<\/div>\n\t\t\t\t<\/div>\n\t\t\t\t<\/div>\n\t\t\t\t<div class=\"elementor-element elementor-element-3d7b712 elementor-widget elementor-widget-heading\" data-id=\"3d7b712\" data-element_type=\"widget\" data-widget_type=\"heading.default\">\n\t\t\t\t<div class=\"elementor-widget-container\">\n\t\t\t<h2 class=\"elementor-heading-title elementor-size-default\">\u00d6denmi\u015f Sermaye \u015eart\u0131\n<\/h2>\t\t<\/div>\n\t\t\t\t<\/div>\n\t\t\t\t<div class=\"elementor-element elementor-element-b64dcd7 elementor-widget elementor-widget-text-editor\" data-id=\"b64dcd7\" data-element_type=\"widget\" data-widget_type=\"text-editor.default\">\n\t\t\t\t<div class=\"elementor-widget-container\">\n\t\t\t\t\t\t\t<div id=\"comp-jhegkvbz\" class=\"BaOVQ8 tz5f0K comp-jhegkvbz wixui-rich-text\" data-testid=\"richTextElement\"><p class=\"font_8 wixui-rich-text__text\">\u0130\u015fyerinin \u00f6denmi\u015f sermayesinin en az 100.000 TL olmas\u0131 veya br\u00fct sat\u0131\u015flar\u0131n\u0131n en az 800.000 TL olmas\u0131 veya son y\u0131l i\u00e7inde ger\u00e7ekle\u015ftirilen ihracat tutar\u0131n\u0131n en az 250.000 ABD Dolar\u0131 olmas\u0131 gerekmektedir.<\/p><\/div>\t\t\t\t\t\t<\/div>\n\t\t\t\t<\/div>\n\t\t\t\t<div class=\"elementor-element elementor-element-1c34fb1 elementor-widget elementor-widget-button\" data-id=\"1c34fb1\" data-element_type=\"widget\" data-widget_type=\"button.default\">\n\t\t\t\t<div class=\"elementor-widget-container\">\n\t\t\t\t\t<div class=\"elementor-button-wrapper\">\n\t\t\t<a class=\"elementor-button elementor-button-link elementor-size-sm\" href=\"https:\/\/api.whatsapp.com\/send\/?phone=905433120420&#038;text=Merhaba&#038;type=phone_number&#038;app_absent=0\">\n\t\t\t\t\t\t<span class=\"elementor-button-content-wrapper\">\n\t\t\t\t\t\t<span class=\"elementor-button-icon elementor-align-icon-left\">\n\t\t\t\t<i aria-hidden=\"true\" class=\"fab fa-whatsapp\"><\/i>\t\t\t<\/span>\n\t\t\t\t\t\t\t\t\t<span class=\"elementor-button-text\">WhatsApp Bilgi Al<\/span>\n\t\t\t\t\t<\/span>\n\t\t\t\t\t<\/a>\n\t\t<\/div>\n\t\t\t\t<\/div>\n\t\t\t\t<\/div>\n\t\t\t\t<div class=\"elementor-element elementor-element-46bc568 elementor-widget elementor-widget-heading\" data-id=\"46bc568\" data-element_type=\"widget\" data-widget_type=\"heading.default\">\n\t\t\t\t<div class=\"elementor-widget-container\">\n\t\t\t<h2 class=\"elementor-heading-title elementor-size-default\">Yabanc\u0131 \u015eirket Orta\u011f\u0131 Kriterler\n<\/h2>\t\t<\/div>\n\t\t\t\t<\/div>\n\t\t\t\t<div class=\"elementor-element elementor-element-4e47759 elementor-widget elementor-widget-text-editor\" data-id=\"4e47759\" data-element_type=\"widget\" data-widget_type=\"text-editor.default\">\n\t\t\t\t<div class=\"elementor-widget-container\">\n\t\t\t\t\t\t\t<div id=\"comp-jhegkvbz\" class=\"BaOVQ8 tz5f0K comp-jhegkvbz wixui-rich-text\" data-testid=\"richTextElement\"><p>\u0130zin talep eden yabanc\u0131n\u0131n, \u015firket orta\u011f\u0131 oldu\u011fu durumda, sermaye pay\u0131n\u0131n en az y\u00fczde 20 olmas\u0131 gerekmektedir ve bu pay\u0131n 40.000 TL&#8217;den az olmamas\u0131 zorunludur. Ayr\u0131ca, izin talep eden yabanc\u0131n\u0131n \u015firket orta\u011f\u0131 olmas\u0131 halinde, be\u015f ki\u015filik istihdam \u015fart\u0131, Bakanl\u0131k taraf\u0131ndan verilecek bir y\u0131ll\u0131k \u00e7al\u0131\u015fma izninin son alt\u0131 ay\u0131 i\u00e7in aran\u0131r.<\/p><\/div>\t\t\t\t\t\t<\/div>\n\t\t\t\t<\/div>\n\t\t\t\t<div class=\"elementor-element elementor-element-385e97a elementor-widget elementor-widget-button\" data-id=\"385e97a\" data-element_type=\"widget\" data-widget_type=\"button.default\">\n\t\t\t\t<div class=\"elementor-widget-container\">\n\t\t\t\t\t<div class=\"elementor-button-wrapper\">\n\t\t\t<a class=\"elementor-button elementor-button-link elementor-size-sm\" href=\"https:\/\/api.whatsapp.com\/send\/?phone=905433120420&#038;text=Merhaba&#038;type=phone_number&#038;app_absent=0\">\n\t\t\t\t\t\t<span class=\"elementor-button-content-wrapper\">\n\t\t\t\t\t\t<span class=\"elementor-button-icon elementor-align-icon-left\">\n\t\t\t\t<i aria-hidden=\"true\" class=\"fab fa-whatsapp\"><\/i>\t\t\t<\/span>\n\t\t\t\t\t\t\t\t\t<span class=\"elementor-button-text\">WhatsApp Bilgi Al<\/span>\n\t\t\t\t\t<\/span>\n\t\t\t\t\t<\/a>\n\t\t<\/div>\n\t\t\t\t<\/div>\n\t\t\t\t<\/div>\n\t\t\t\t<div class=\"elementor-element elementor-element-85a211b elementor-widget elementor-widget-heading\" data-id=\"85a211b\" data-element_type=\"widget\" data-widget_type=\"heading.default\">\n\t\t\t\t<div class=\"elementor-widget-container\">\n\t\t\t<h2 class=\"elementor-heading-title elementor-size-default\">Ev Hizmetlerinde \u00c7al\u0131\u015fma \u0130zni Kriterleri\n<\/h2>\t\t<\/div>\n\t\t\t\t<\/div>\n\t\t\t\t<div class=\"elementor-element elementor-element-2174242 elementor-widget elementor-widget-text-editor\" data-id=\"2174242\" data-element_type=\"widget\" data-widget_type=\"text-editor.default\">\n\t\t\t\t<div class=\"elementor-widget-container\">\n\t\t\t\t\t\t\t<div id=\"comp-jhegkvbz\" class=\"BaOVQ8 tz5f0K comp-jhegkvbz wixui-rich-text\" data-testid=\"richTextElement\"><p>Ev hizmetlerinde \u00e7al\u0131\u015facak yabanc\u0131lar\u0131n \u00e7al\u0131\u015fma izni ba\u015fvurular\u0131n\u0131n de\u011ferlendirilmesinde, sermaye \u015fart\u0131 ve en az be\u015f T\u00fcrkiye Cumhuriyeti vatanda\u015f\u0131n\u0131n \u00e7al\u0131\u015ft\u0131r\u0131lma \u015fart\u0131 aranmamaktad\u0131r. Ev hizmetlerinde \u00e7al\u0131\u015facak yabanc\u0131lar\u0131n \u00e7al\u0131\u015fma izni ba\u015fvurular\u0131, di\u011fer \u00f6zel ko\u015fullar ve de\u011ferlendirme kriterlerine tabi tutulmaktad\u0131r.<\/p><\/div>\t\t\t\t\t\t<\/div>\n\t\t\t\t<\/div>\n\t\t\t\t<div class=\"elementor-element elementor-element-d6a603d elementor-widget elementor-widget-button\" data-id=\"d6a603d\" data-element_type=\"widget\" data-widget_type=\"button.default\">\n\t\t\t\t<div class=\"elementor-widget-container\">\n\t\t\t\t\t<div class=\"elementor-button-wrapper\">\n\t\t\t<a class=\"elementor-button elementor-button-link elementor-size-sm\" href=\"https:\/\/api.whatsapp.com\/send\/?phone=905433120420&#038;text=Merhaba&#038;type=phone_number&#038;app_absent=0\">\n\t\t\t\t\t\t<span class=\"elementor-button-content-wrapper\">\n\t\t\t\t\t\t<span class=\"elementor-button-icon elementor-align-icon-left\">\n\t\t\t\t<i aria-hidden=\"true\" class=\"fab fa-whatsapp\"><\/i>\t\t\t<\/span>\n\t\t\t\t\t\t\t\t\t<span class=\"elementor-button-text\">WhatsApp Bilgi Al<\/span>\n\t\t\t\t\t<\/span>\n\t\t\t\t\t<\/a>\n\t\t<\/div>\n\t\t\t\t<\/div>\n\t\t\t\t<\/div>\n\t\t\t\t<div class=\"elementor-element elementor-element-7f59e83 elementor-widget elementor-widget-heading\" data-id=\"7f59e83\" data-element_type=\"widget\" data-widget_type=\"heading.default\">\n\t\t\t\t<div class=\"elementor-widget-container\">\n\t\t\t<h2 class=\"elementor-heading-title elementor-size-default\">Yabanc\u0131 \u00c7al\u0131\u015fma \u0130zni Kriterlerinden Muaf Olan Yabanc\u0131lar\n<\/h2>\t\t<\/div>\n\t\t\t\t<\/div>\n\t\t\t\t<div class=\"elementor-element elementor-element-bb3b2a6 elementor-widget elementor-widget-text-editor\" data-id=\"bb3b2a6\" data-element_type=\"widget\" data-widget_type=\"text-editor.default\">\n\t\t\t\t<div class=\"elementor-widget-container\">\n\t\t\t\t\t\t\t<div id=\"comp-jhegkvbz\" class=\"BaOVQ8 tz5f0K comp-jhegkvbz wixui-rich-text\" data-testid=\"richTextElement\"><p>Anne, baba veya \u00e7ocu\u011fu T\u00fcrk vatanda\u015f\u0131 olan yabanc\u0131lar,<\/p><p>En az \u00fc\u00e7 y\u0131l s\u00fcreyle T\u00fcrk vatanda\u015f\u0131 ile evlilik birli\u011fi i\u00e7inde ya\u015fayan yabanc\u0131lar,<\/p><p>Kuzey K\u0131br\u0131s T\u00fcrk Cumhuriyeti vatanda\u015f\u0131 yabanc\u0131lar,<\/p><p>T\u00fcrk ve akraba topluluklar\u0131 uygulamalar\u0131 \u00e7er\u00e7evesinde ikamet izni verilmi\u015f olan yabanc\u0131lar,<\/p><p>\u0130nsani sebeplerle ikamet izni verilmi\u015f olan yabanc\u0131lar,<\/p><p>\u0130nsan ticareti ma\u011fduru olarak ikamet izni verilmi\u015f olan yabanc\u0131lar,<\/p><p>Vatans\u0131z stat\u00fcs\u00fcnde ikamet izni verilmi\u015f olan yabanc\u0131lar,<\/p><p>Bu kategorilere giren yabanc\u0131lar\u0131n \u00e7al\u0131\u015fma izni ba\u015fvurular\u0131, belirli ko\u015fullar ve prosed\u00fcrlere tabi tutulmaktad\u0131r. De\u011ferlendirme s\u00fcrecinde, ilgili kanun ve y\u00f6netmelikler \u00e7er\u00e7evesinde gerekli belgelerin sunulmas\u0131 ve uygun \u015fartlar\u0131n sa\u011flanmas\u0131 gerekmektedir.<\/p><\/div>\t\t\t\t\t\t<\/div>\n\t\t\t\t<\/div>\n\t\t\t\t<div class=\"elementor-element elementor-element-56609d3 elementor-widget elementor-widget-button\" data-id=\"56609d3\" data-element_type=\"widget\" data-widget_type=\"button.default\">\n\t\t\t\t<div class=\"elementor-widget-container\">\n\t\t\t\t\t<div class=\"elementor-button-wrapper\">\n\t\t\t<a class=\"elementor-button elementor-button-link elementor-size-sm\" href=\"https:\/\/api.whatsapp.com\/send\/?phone=905433120420&#038;text=Merhaba&#038;type=phone_number&#038;app_absent=0\">\n\t\t\t\t\t\t<span class=\"elementor-button-content-wrapper\">\n\t\t\t\t\t\t<span class=\"elementor-button-icon elementor-align-icon-left\">\n\t\t\t\t<i aria-hidden=\"true\" class=\"fab fa-whatsapp\"><\/i>\t\t\t<\/span>\n\t\t\t\t\t\t\t\t\t<span class=\"elementor-button-text\">WhatsApp Bilgi Al<\/span>\n\t\t\t\t\t<\/span>\n\t\t\t\t\t<\/a>\n\t\t<\/div>\n\t\t\t\t<\/div>\n\t\t\t\t<\/div>\n\t\t\t\t\t<\/div>\n\t\t<\/div>\n\t\t\t\t\t<\/div>\n\t\t<\/section>\n\t\t\t\t<\/div>\n\t\t","protected":false},"excerpt":{"rendered":"<p>\u00c7al\u0131\u015fma \u0130zni De\u011ferlendirme Kriterleri Yabanc\u0131 \u00e7al\u0131\u015fma izni de\u011ferlendirme kriterleri, 4817 Say\u0131l\u0131 Yabanc\u0131lar\u0131n \u00c7al\u0131\u015fma \u0130zinleri Hakk\u0131nda Kanunun Uygulama Y\u00f6netmeli\u011finin 13. maddesi uyar\u0131nca belirlenmektedir. Ba\u015fvuru sahibi i\u015fyerlerinin ve yabanc\u0131lar\u0131n kar\u015f\u0131lamas\u0131 gereken zorunlu de\u011ferlendirme kriterleri nelerdir? WhatsApp Destek Hatt\u0131 En Az Be\u015f T.C. Vatanda\u015f\u0131n\u0131n \u0130stihdam\u0131 \u00c7al\u0131\u015fma izni talep edilen i\u015fyerinde minimum be\u015f T\u00fcrkiye Cumhuriyeti vatanda\u015f\u0131n\u0131n istihdam edilmesi zorunludur. [&hellip;]<\/p>\n","protected":false},"author":1,"featured_media":352,"parent":0,"menu_order":0,"comment_status":"closed","ping_status":"closed","template":"elementor_header_footer","meta":{"footnotes":""},"class_list":["post-5615","page","type-page","status-publish","has-post-thumbnail","hentry"],"_links":{"self":[{"href":"https:\/\/bakudanismanlik.com\/index.php\/wp-json\/wp\/v2\/pages\/5615","targetHints":{"allow":["GET"]}}],"collection":[{"href":"https:\/\/bakudanismanlik.com\/index.php\/wp-json\/wp\/v2\/pages"}],"about":[{"href":"https:\/\/bakudanismanlik.com\/index.php\/wp-json\/wp\/v2\/types\/page"}],"author":[{"embeddable":true,"href":"https:\/\/bakudanismanlik.com\/index.php\/wp-json\/wp\/v2\/users\/1"}],"replies":[{"embeddable":true,"href":"https:\/\/bakudanismanlik.com\/index.php\/wp-json\/wp\/v2\/comments?post=5615"}],"version-history":[{"count":4,"href":"https:\/\/bakudanismanlik.com\/index.php\/wp-json\/wp\/v2\/pages\/5615\/revisions"}],"predecessor-version":[{"id":5620,"href":"https:\/\/bakudanismanlik.com\/index.php\/wp-json\/wp\/v2\/pages\/5615\/revisions\/5620"}],"wp:featuredmedia":[{"embeddable":true,"href":"https:\/\/bakudanismanlik.com\/index.php\/wp-json\/wp\/v2\/media\/352"}],"wp:attachment":[{"href":"https:\/\/bakudanismanlik.com\/index.php\/wp-json\/wp\/v2\/media?parent=5615"}],"curies":[{"name":"wp","href":"https:\/\/api.w.org\/{rel}","templated":true}]}}