{"id":5624,"date":"2023-05-22T18:50:55","date_gmt":"2023-05-22T15:50:55","guid":{"rendered":"https:\/\/bakudanismanlik.com\/?page_id=5624"},"modified":"2023-05-22T18:54:27","modified_gmt":"2023-05-22T15:54:27","slug":"ikamet-izni-almak-icin-basvuru","status":"publish","type":"page","link":"https:\/\/bakudanismanlik.com\/index.php\/ikamet-izni-almak-icin-basvuru\/","title":{"rendered":"\u0130kamet \u0130zni Almak \u0130\u00e7in Ba\u015fvuru"},"content":{"rendered":"\t\t<div data-elementor-type=\"wp-page\" data-elementor-id=\"5624\" class=\"elementor elementor-5624\">\n\t\t\t\t\t\t<section class=\"elementor-section elementor-top-section elementor-element elementor-element-e1dd29d elementor-section-boxed elementor-section-height-default elementor-section-height-default\" data-id=\"e1dd29d\" data-element_type=\"section\">\n\t\t\t\t\t\t<div class=\"elementor-container elementor-column-gap-default\">\n\t\t\t\t\t<div class=\"elementor-column elementor-col-50 elementor-top-column elementor-element elementor-element-72ce8f4\" data-id=\"72ce8f4\" data-element_type=\"column\">\n\t\t\t<div class=\"elementor-widget-wrap elementor-element-populated\">\n\t\t\t\t\t\t<div class=\"elementor-element elementor-element-a673ea2 elementor-widget elementor-widget-heading\" data-id=\"a673ea2\" data-element_type=\"widget\" data-widget_type=\"heading.default\">\n\t\t\t\t<div class=\"elementor-widget-container\">\n\t\t\t<style>\/*! elementor - v3.21.0 - 30-04-2024 *\/\n.elementor-heading-title{padding:0;margin:0;line-height:1}.elementor-widget-heading .elementor-heading-title[class*=elementor-size-]>a{color:inherit;font-size:inherit;line-height:inherit}.elementor-widget-heading .elementor-heading-title.elementor-size-small{font-size:15px}.elementor-widget-heading .elementor-heading-title.elementor-size-medium{font-size:19px}.elementor-widget-heading .elementor-heading-title.elementor-size-large{font-size:29px}.elementor-widget-heading .elementor-heading-title.elementor-size-xl{font-size:39px}.elementor-widget-heading .elementor-heading-title.elementor-size-xxl{font-size:59px}<\/style><h2 class=\"elementor-heading-title elementor-size-default\">\u0130kamet \u0130zni Almak \u0130\u00e7in Ba\u015fvuru<\/h2>\t\t<\/div>\n\t\t\t\t<\/div>\n\t\t\t\t<div class=\"elementor-element elementor-element-fee4d3a elementor-widget elementor-widget-text-editor\" data-id=\"fee4d3a\" data-element_type=\"widget\" data-widget_type=\"text-editor.default\">\n\t\t\t\t<div class=\"elementor-widget-container\">\n\t\t\t<style>\/*! elementor - v3.21.0 - 30-04-2024 *\/\n.elementor-widget-text-editor.elementor-drop-cap-view-stacked .elementor-drop-cap{background-color:#69727d;color:#fff}.elementor-widget-text-editor.elementor-drop-cap-view-framed .elementor-drop-cap{color:#69727d;border:3px solid;background-color:transparent}.elementor-widget-text-editor:not(.elementor-drop-cap-view-default) .elementor-drop-cap{margin-top:8px}.elementor-widget-text-editor:not(.elementor-drop-cap-view-default) .elementor-drop-cap-letter{width:1em;height:1em}.elementor-widget-text-editor .elementor-drop-cap{float:left;text-align:center;line-height:1;font-size:50px}.elementor-widget-text-editor .elementor-drop-cap-letter{display:inline-block}<\/style>\t\t\t\t<p>karma\u015f\u0131k ve zaman al\u0131c\u0131 olabilir. Bu s\u00fcre\u00e7te kar\u015f\u0131la\u015f\u0131labilecek b\u00fcrokratik engeller ve belge d\u00fczenlemeleri, bir\u00e7ok ki\u015fi i\u00e7in ciddi bir zorluk te\u015fkil edebilir. Ancak, endi\u015felenmenize gerek yok \u00e7\u00fcnk\u00fc Baku Dan\u0131\u015fmanl\u0131k olarak size yard\u0131mc\u0131 olmak i\u00e7in buraday\u0131z!<\/p><p>Baku Dan\u0131\u015fmanl\u0131k olarak, T\u00fcrkiye&#8217;de ikametgah izni almak isteyen yabanc\u0131lar i\u00e7in profesyonel dan\u0131\u015fmanl\u0131k hizmetleri sunuyoruz. Y\u0131llar\u0131n deneyimine sahip uzman ekibimiz, sizin i\u00e7in s\u00fcreci kolayla\u015ft\u0131rmak ve ba\u015far\u0131l\u0131 sonu\u00e7lar elde etmek i\u00e7in ad\u0131m ad\u0131m rehberlik edecektir.<\/p><p>Dan\u0131\u015fmanl\u0131k hizmetlerimiz, sizin \u00f6zel ihtiya\u00e7lar\u0131n\u0131za ve durumunuza uygun olarak \u00f6zelle\u015ftirilebilir. \u0130htiya\u00e7lar\u0131n\u0131z\u0131 anlamak, belgelerinizi d\u00fczenlemek ve gerekli ba\u015fvurular\u0131 yapmak i\u00e7in size ki\u015fisel bir yakla\u015f\u0131m sunuyoruz. Ayr\u0131ca, s\u00fcre\u00e7 boyunca kar\u015f\u0131la\u015fabilece\u011finiz herhangi bir sorunla ilgilenmek ve sorular\u0131n\u0131z\u0131 cevaplamak i\u00e7in her zaman yan\u0131n\u0131zda olaca\u011f\u0131z.<\/p>\t\t\t\t\t\t<\/div>\n\t\t\t\t<\/div>\n\t\t\t\t<div class=\"elementor-element elementor-element-a2f528e elementor-widget elementor-widget-text-editor\" data-id=\"a2f528e\" data-element_type=\"widget\" data-widget_type=\"text-editor.default\">\n\t\t\t\t<div class=\"elementor-widget-container\">\n\t\t\t\t\t\t\t<p>Baku Dan\u0131\u015fmanl\u0131k olarak t\u00fcm s\u00fcre\u00e7te sizlere dan\u0131\u015fmanl\u0131k vermekteyiz. Hemen bizimle 0543 312 04 20 numaral\u0131 telefondan ileti\u015fime ge\u00e7ebilirsiniz.<\/p>\t\t\t\t\t\t<\/div>\n\t\t\t\t<\/div>\n\t\t\t\t<div class=\"elementor-element elementor-element-51ecd31 elementor-widget elementor-widget-button\" data-id=\"51ecd31\" data-element_type=\"widget\" data-widget_type=\"button.default\">\n\t\t\t\t<div class=\"elementor-widget-container\">\n\t\t\t\t\t<div class=\"elementor-button-wrapper\">\n\t\t\t<a class=\"elementor-button elementor-button-link elementor-size-md\" href=\"https:\/\/api.whatsapp.com\/send\/?phone=905433120420&#038;text=Merhaba&#038;type=phone_number&#038;app_absent=0\">\n\t\t\t\t\t\t<span class=\"elementor-button-content-wrapper\">\n\t\t\t\t\t\t<span class=\"elementor-button-icon elementor-align-icon-left\">\n\t\t\t\t<i aria-hidden=\"true\" class=\"fab fa-whatsapp\"><\/i>\t\t\t<\/span>\n\t\t\t\t\t\t\t\t\t<span class=\"elementor-button-text\">WhatsApp Destek Hatt\u0131<\/span>\n\t\t\t\t\t<\/span>\n\t\t\t\t\t<\/a>\n\t\t<\/div>\n\t\t\t\t<\/div>\n\t\t\t\t<\/div>\n\t\t\t\t\t<\/div>\n\t\t<\/div>\n\t\t\t\t<div class=\"elementor-column elementor-col-50 elementor-top-column elementor-element elementor-element-bef0398\" data-id=\"bef0398\" data-element_type=\"column\">\n\t\t\t<div class=\"elementor-widget-wrap elementor-element-populated\">\n\t\t\t\t\t\t<div class=\"elementor-element elementor-element-9d5dbbc elementor-widget elementor-widget-image\" data-id=\"9d5dbbc\" data-element_type=\"widget\" data-widget_type=\"image.default\">\n\t\t\t\t<div class=\"elementor-widget-container\">\n\t\t\t<style>\/*! elementor - v3.21.0 - 30-04-2024 *\/\n.elementor-widget-image{text-align:center}.elementor-widget-image a{display:inline-block}.elementor-widget-image a img[src$=\".svg\"]{width:48px}.elementor-widget-image img{vertical-align:middle;display:inline-block}<\/style>\t\t\t\t\t\t\t\t\t\t<img fetchpriority=\"high\" decoding=\"async\" width=\"603\" height=\"534\" src=\"https:\/\/bakudanismanlik.com\/wp-content\/uploads\/2023\/05\/home1_img_1-1-1.png\" class=\"attachment-large size-large wp-image-5626\" alt=\"\" srcset=\"https:\/\/bakudanismanlik.com\/wp-content\/uploads\/2023\/05\/home1_img_1-1-1.png 603w, https:\/\/bakudanismanlik.com\/wp-content\/uploads\/2023\/05\/home1_img_1-1-1-300x266.png 300w, https:\/\/bakudanismanlik.com\/wp-content\/uploads\/2023\/05\/home1_img_1-1-1-600x531.png 600w, https:\/\/bakudanismanlik.com\/wp-content\/uploads\/2023\/05\/home1_img_1-1-1-560x496.png 560w\" sizes=\"(max-width: 603px) 100vw, 603px\" \/>\t\t\t\t\t\t\t\t\t\t\t\t\t<\/div>\n\t\t\t\t<\/div>\n\t\t\t\t\t<\/div>\n\t\t<\/div>\n\t\t\t\t\t<\/div>\n\t\t<\/section>\n\t\t\t\t<section class=\"elementor-section elementor-top-section elementor-element elementor-element-00da7e1 elementor-section-boxed elementor-section-height-default elementor-section-height-default\" data-id=\"00da7e1\" data-element_type=\"section\">\n\t\t\t\t\t\t<div class=\"elementor-container elementor-column-gap-default\">\n\t\t\t\t\t<div class=\"elementor-column elementor-col-100 elementor-top-column elementor-element elementor-element-7d26fb0\" data-id=\"7d26fb0\" data-element_type=\"column\">\n\t\t\t<div class=\"elementor-widget-wrap elementor-element-populated\">\n\t\t\t\t\t\t<div class=\"elementor-element elementor-element-2bf0c03 elementor-widget elementor-widget-heading\" data-id=\"2bf0c03\" data-element_type=\"widget\" data-widget_type=\"heading.default\">\n\t\t\t\t<div class=\"elementor-widget-container\">\n\t\t\t<h2 class=\"elementor-heading-title elementor-size-default\">\u0130kametgah \u0130zni Dan\u0131\u015fmanl\u0131\u011f\u0131<\/h2>\t\t<\/div>\n\t\t\t\t<\/div>\n\t\t\t\t<div class=\"elementor-element elementor-element-66ffcd7 elementor-widget elementor-widget-text-editor\" data-id=\"66ffcd7\" data-element_type=\"widget\" data-widget_type=\"text-editor.default\">\n\t\t\t\t<div class=\"elementor-widget-container\">\n\t\t\t\t\t\t\t<p>\u0130kametgah izni almak i\u00e7in gereken belgelerin haz\u0131rlanmas\u0131, ba\u015fvurular\u0131n yap\u0131lmas\u0131, takip edilmesi ve gerekli g\u00f6r\u00fc\u015fmelerin yap\u0131lmas\u0131 gibi s\u00fcre\u00e7leri sizin ad\u0131n\u0131za y\u00fcr\u00fct\u00fcyoruz. B\u00f6ylece siz, zaman\u0131n\u0131z\u0131 ve enerjinizi daha verimli \u015fekilde kullanabilir ve T\u00fcrkiye&#8217;de yeni ya\u015fam\u0131n\u0131z\u0131n tad\u0131n\u0131 \u00e7\u0131karabilirsiniz.<\/p><p>Baku Dan\u0131\u015fmanl\u0131k olarak, m\u00fc\u015fteri memnuniyetini en \u00fcst d\u00fczeyde tutmay\u0131 ve size en iyi hizmeti sunmay\u0131 taahh\u00fct ediyoruz. Her ad\u0131mda size rehberlik ederken, s\u00fcrecin sorunsuz ve h\u0131zl\u0131 bir \u015fekilde ilerlemesini sa\u011flamak i\u00e7in titizlikle \u00e7al\u0131\u015f\u0131yoruz.<\/p><p>T\u00fcrkiye&#8217;de ikametgah izni almak i\u00e7in profesyonel dan\u0131\u015fmanl\u0131k hizmeti almak isterseniz, Baku Dan\u0131\u015fmanl\u0131k olarak sizin i\u00e7in buraday\u0131z. Size en iyi hizmeti sunmak ve s\u00fcreci kolayla\u015ft\u0131rmak i\u00e7in bize g\u00fcvenebilirsiniz. \u0130kametgah izni ba\u015fvurunuzu sorunsuz bir \u015fekilde tamamlamak i\u00e7in bize ula\u015f\u0131n ve size nas\u0131l yard\u0131mc\u0131 olabilece\u011fimizi ke\u015ffedin!<\/p>\t\t\t\t\t\t<\/div>\n\t\t\t\t<\/div>\n\t\t\t\t<div class=\"elementor-element elementor-element-15e227e elementor-widget elementor-widget-button\" data-id=\"15e227e\" data-element_type=\"widget\" data-widget_type=\"button.default\">\n\t\t\t\t<div class=\"elementor-widget-container\">\n\t\t\t\t\t<div class=\"elementor-button-wrapper\">\n\t\t\t<a class=\"elementor-button elementor-button-link elementor-size-sm\" href=\"https:\/\/api.whatsapp.com\/send\/?phone=905433120420&#038;text=Merhaba&#038;type=phone_number&#038;app_absent=0\">\n\t\t\t\t\t\t<span class=\"elementor-button-content-wrapper\">\n\t\t\t\t\t\t<span class=\"elementor-button-icon elementor-align-icon-left\">\n\t\t\t\t<i aria-hidden=\"true\" class=\"fab fa-whatsapp\"><\/i>\t\t\t<\/span>\n\t\t\t\t\t\t\t\t\t<span class=\"elementor-button-text\">WhatsApp Bilgi Al<\/span>\n\t\t\t\t\t<\/span>\n\t\t\t\t\t<\/a>\n\t\t<\/div>\n\t\t\t\t<\/div>\n\t\t\t\t<\/div>\n\t\t\t\t\t<\/div>\n\t\t<\/div>\n\t\t\t\t\t<\/div>\n\t\t<\/section>\n\t\t\t\t<\/div>\n\t\t","protected":false},"excerpt":{"rendered":"<p>\u0130kamet \u0130zni Almak \u0130\u00e7in Ba\u015fvuru karma\u015f\u0131k ve zaman al\u0131c\u0131 olabilir. Bu s\u00fcre\u00e7te kar\u015f\u0131la\u015f\u0131labilecek b\u00fcrokratik engeller ve belge d\u00fczenlemeleri, bir\u00e7ok ki\u015fi i\u00e7in ciddi bir zorluk te\u015fkil edebilir. Ancak, endi\u015felenmenize gerek yok \u00e7\u00fcnk\u00fc Baku Dan\u0131\u015fmanl\u0131k olarak size yard\u0131mc\u0131 olmak i\u00e7in buraday\u0131z! Baku Dan\u0131\u015fmanl\u0131k olarak, T\u00fcrkiye&#8217;de ikametgah izni almak isteyen yabanc\u0131lar i\u00e7in profesyonel dan\u0131\u015fmanl\u0131k hizmetleri sunuyoruz. Y\u0131llar\u0131n deneyimine [&hellip;]<\/p>\n","protected":false},"author":1,"featured_media":352,"parent":0,"menu_order":0,"comment_status":"closed","ping_status":"closed","template":"elementor_header_footer","meta":{"footnotes":""},"class_list":["post-5624","page","type-page","status-publish","has-post-thumbnail","hentry"],"_links":{"self":[{"href":"https:\/\/bakudanismanlik.com\/index.php\/wp-json\/wp\/v2\/pages\/5624","targetHints":{"allow":["GET"]}}],"collection":[{"href":"https:\/\/bakudanismanlik.com\/index.php\/wp-json\/wp\/v2\/pages"}],"about":[{"href":"https:\/\/bakudanismanlik.com\/index.php\/wp-json\/wp\/v2\/types\/page"}],"author":[{"embeddable":true,"href":"https:\/\/bakudanismanlik.com\/index.php\/wp-json\/wp\/v2\/users\/1"}],"replies":[{"embeddable":true,"href":"https:\/\/bakudanismanlik.com\/index.php\/wp-json\/wp\/v2\/comments?post=5624"}],"version-history":[{"count":4,"href":"https:\/\/bakudanismanlik.com\/index.php\/wp-json\/wp\/v2\/pages\/5624\/revisions"}],"predecessor-version":[{"id":5630,"href":"https:\/\/bakudanismanlik.com\/index.php\/wp-json\/wp\/v2\/pages\/5624\/revisions\/5630"}],"wp:featuredmedia":[{"embeddable":true,"href":"https:\/\/bakudanismanlik.com\/index.php\/wp-json\/wp\/v2\/media\/352"}],"wp:attachment":[{"href":"https:\/\/bakudanismanlik.com\/index.php\/wp-json\/wp\/v2\/media?parent=5624"}],"curies":[{"name":"wp","href":"https:\/\/api.w.org\/{rel}","templated":true}]}}