{"id":5641,"date":"2023-05-22T19:15:19","date_gmt":"2023-05-22T16:15:19","guid":{"rendered":"https:\/\/bakudanismanlik.com\/?page_id=5641"},"modified":"2023-05-22T19:16:29","modified_gmt":"2023-05-22T16:16:29","slug":"uzun-donem-ikamet-izni","status":"publish","type":"page","link":"https:\/\/bakudanismanlik.com\/index.php\/uzun-donem-ikamet-izni\/","title":{"rendered":"Uzun D\u00f6nem \u0130kamet \u0130zni"},"content":{"rendered":"\t\t<div data-elementor-type=\"wp-page\" data-elementor-id=\"5641\" class=\"elementor elementor-5641\">\n\t\t\t\t\t\t<section class=\"elementor-section elementor-top-section elementor-element elementor-element-e1dd29d elementor-section-boxed elementor-section-height-default elementor-section-height-default\" data-id=\"e1dd29d\" data-element_type=\"section\">\n\t\t\t\t\t\t<div class=\"elementor-container elementor-column-gap-default\">\n\t\t\t\t\t<div class=\"elementor-column elementor-col-50 elementor-top-column elementor-element elementor-element-72ce8f4\" data-id=\"72ce8f4\" data-element_type=\"column\">\n\t\t\t<div class=\"elementor-widget-wrap elementor-element-populated\">\n\t\t\t\t\t\t<div class=\"elementor-element elementor-element-a673ea2 elementor-widget elementor-widget-heading\" data-id=\"a673ea2\" data-element_type=\"widget\" data-widget_type=\"heading.default\">\n\t\t\t\t<div class=\"elementor-widget-container\">\n\t\t\t<style>\/*! elementor - v3.21.0 - 30-04-2024 *\/\n.elementor-heading-title{padding:0;margin:0;line-height:1}.elementor-widget-heading .elementor-heading-title[class*=elementor-size-]>a{color:inherit;font-size:inherit;line-height:inherit}.elementor-widget-heading .elementor-heading-title.elementor-size-small{font-size:15px}.elementor-widget-heading .elementor-heading-title.elementor-size-medium{font-size:19px}.elementor-widget-heading .elementor-heading-title.elementor-size-large{font-size:29px}.elementor-widget-heading .elementor-heading-title.elementor-size-xl{font-size:39px}.elementor-widget-heading .elementor-heading-title.elementor-size-xxl{font-size:59px}<\/style><h2 class=\"elementor-heading-title elementor-size-default\">Uzun D\u00f6nem \u0130kamet \u0130zni<\/h2>\t\t<\/div>\n\t\t\t\t<\/div>\n\t\t\t\t<div class=\"elementor-element elementor-element-fee4d3a elementor-widget elementor-widget-text-editor\" data-id=\"fee4d3a\" data-element_type=\"widget\" data-widget_type=\"text-editor.default\">\n\t\t\t\t<div class=\"elementor-widget-container\">\n\t\t\t<style>\/*! elementor - v3.21.0 - 30-04-2024 *\/\n.elementor-widget-text-editor.elementor-drop-cap-view-stacked .elementor-drop-cap{background-color:#69727d;color:#fff}.elementor-widget-text-editor.elementor-drop-cap-view-framed .elementor-drop-cap{color:#69727d;border:3px solid;background-color:transparent}.elementor-widget-text-editor:not(.elementor-drop-cap-view-default) .elementor-drop-cap{margin-top:8px}.elementor-widget-text-editor:not(.elementor-drop-cap-view-default) .elementor-drop-cap-letter{width:1em;height:1em}.elementor-widget-text-editor .elementor-drop-cap{float:left;text-align:center;line-height:1;font-size:50px}.elementor-widget-text-editor .elementor-drop-cap-letter{display:inline-block}<\/style>\t\t\t\t<p>Uzun d\u00f6nem ikametgah izni, yabanc\u0131lara T\u00fcrkiye&#8217;de daha uzun s\u00fcreli ve daha geni\u015f haklar ve olanaklar sunar. Bu izinle, yabanc\u0131lar T\u00fcrkiye&#8217;de \u00e7al\u0131\u015fabilir, e\u011fitim alabilir, i\u015f kurabilir, aileleriyle bir araya gelebilir ve sosyal haklardan faydalanabilirler.<\/p><p>Uzun d\u00f6nem ikametgah izni ba\u015fvurusu, N\u00fcfus ve Vatanda\u015fl\u0131k \u0130\u015fleri Genel M\u00fcd\u00fcrl\u00fc\u011f\u00fc veya \u0130l G\u00f6\u00e7 \u0130daresi M\u00fcd\u00fcrl\u00fc\u011f\u00fc&#8217;ne yap\u0131l\u0131r. Ba\u015fvuruda gerekli belgelerin tam ve eksiksiz olarak sunulmas\u0131 gerekmektedir. Ba\u015fvurunun sonucu, ba\u015fvuru yap\u0131lan yerdeki g\u00f6\u00e7 idaresi taraf\u0131ndan de\u011ferlendirilir ve ba\u015fvuru sahibine bildirilir.<\/p><p>Uzun d\u00f6nem ikametgah izni ba\u015fvurusunda, ba\u015fvuru amac\u0131na g\u00f6re ek belgeler ve ko\u015fullar gerekebilir. \u00d6rne\u011fin, \u00e7al\u0131\u015fma izni ba\u015fvurusu i\u00e7in i\u015fveren taraf\u0131ndan sunulan belgeler ve \u00e7al\u0131\u015fma s\u00f6zle\u015fmesi talep edilebilir. E\u011fitim amac\u0131yla yap\u0131lan ba\u015fvurularda ise kabul mektubu ve \u00f6\u011frenci stat\u00fcs\u00fcn\u00fc g\u00f6steren belgeler istenebilir.<\/p>\t\t\t\t\t\t<\/div>\n\t\t\t\t<\/div>\n\t\t\t\t<div class=\"elementor-element elementor-element-a2f528e elementor-widget elementor-widget-text-editor\" data-id=\"a2f528e\" data-element_type=\"widget\" data-widget_type=\"text-editor.default\">\n\t\t\t\t<div class=\"elementor-widget-container\">\n\t\t\t\t\t\t\t<p>Baku Dan\u0131\u015fmanl\u0131k olarak t\u00fcm s\u00fcre\u00e7te sizlere dan\u0131\u015fmanl\u0131k vermekteyiz. Hemen bizimle 0543 312 04 20 numaral\u0131 telefondan ileti\u015fime ge\u00e7ebilirsiniz.<\/p>\t\t\t\t\t\t<\/div>\n\t\t\t\t<\/div>\n\t\t\t\t<div class=\"elementor-element elementor-element-51ecd31 elementor-widget elementor-widget-button\" data-id=\"51ecd31\" data-element_type=\"widget\" data-widget_type=\"button.default\">\n\t\t\t\t<div class=\"elementor-widget-container\">\n\t\t\t\t\t<div class=\"elementor-button-wrapper\">\n\t\t\t<a class=\"elementor-button elementor-button-link elementor-size-md\" href=\"https:\/\/api.whatsapp.com\/send\/?phone=905433120420&#038;text=Merhaba&#038;type=phone_number&#038;app_absent=0\">\n\t\t\t\t\t\t<span class=\"elementor-button-content-wrapper\">\n\t\t\t\t\t\t<span class=\"elementor-button-icon elementor-align-icon-left\">\n\t\t\t\t<i aria-hidden=\"true\" class=\"fab fa-whatsapp\"><\/i>\t\t\t<\/span>\n\t\t\t\t\t\t\t\t\t<span class=\"elementor-button-text\">WhatsApp Destek Hatt\u0131<\/span>\n\t\t\t\t\t<\/span>\n\t\t\t\t\t<\/a>\n\t\t<\/div>\n\t\t\t\t<\/div>\n\t\t\t\t<\/div>\n\t\t\t\t\t<\/div>\n\t\t<\/div>\n\t\t\t\t<div class=\"elementor-column elementor-col-50 elementor-top-column elementor-element elementor-element-bef0398\" data-id=\"bef0398\" data-element_type=\"column\">\n\t\t\t<div class=\"elementor-widget-wrap elementor-element-populated\">\n\t\t\t\t\t\t<div class=\"elementor-element elementor-element-9d5dbbc elementor-widget elementor-widget-image\" data-id=\"9d5dbbc\" data-element_type=\"widget\" data-widget_type=\"image.default\">\n\t\t\t\t<div class=\"elementor-widget-container\">\n\t\t\t<style>\/*! elementor - v3.21.0 - 30-04-2024 *\/\n.elementor-widget-image{text-align:center}.elementor-widget-image a{display:inline-block}.elementor-widget-image a img[src$=\".svg\"]{width:48px}.elementor-widget-image img{vertical-align:middle;display:inline-block}<\/style>\t\t\t\t\t\t\t\t\t\t<img fetchpriority=\"high\" decoding=\"async\" width=\"603\" height=\"534\" src=\"https:\/\/bakudanismanlik.com\/wp-content\/uploads\/2023\/05\/home1_img_1-1-1.png\" class=\"attachment-large size-large wp-image-5626\" alt=\"\" srcset=\"https:\/\/bakudanismanlik.com\/wp-content\/uploads\/2023\/05\/home1_img_1-1-1.png 603w, https:\/\/bakudanismanlik.com\/wp-content\/uploads\/2023\/05\/home1_img_1-1-1-300x266.png 300w, https:\/\/bakudanismanlik.com\/wp-content\/uploads\/2023\/05\/home1_img_1-1-1-600x531.png 600w, https:\/\/bakudanismanlik.com\/wp-content\/uploads\/2023\/05\/home1_img_1-1-1-560x496.png 560w\" sizes=\"(max-width: 603px) 100vw, 603px\" \/>\t\t\t\t\t\t\t\t\t\t\t\t\t<\/div>\n\t\t\t\t<\/div>\n\t\t\t\t\t<\/div>\n\t\t<\/div>\n\t\t\t\t\t<\/div>\n\t\t<\/section>\n\t\t\t\t<section class=\"elementor-section elementor-top-section elementor-element elementor-element-00da7e1 elementor-section-boxed elementor-section-height-default elementor-section-height-default\" data-id=\"00da7e1\" data-element_type=\"section\">\n\t\t\t\t\t\t<div class=\"elementor-container elementor-column-gap-default\">\n\t\t\t\t\t<div class=\"elementor-column elementor-col-100 elementor-top-column elementor-element elementor-element-7d26fb0\" data-id=\"7d26fb0\" data-element_type=\"column\">\n\t\t\t<div class=\"elementor-widget-wrap elementor-element-populated\">\n\t\t\t\t\t\t<div class=\"elementor-element elementor-element-2bf0c03 elementor-widget elementor-widget-heading\" data-id=\"2bf0c03\" data-element_type=\"widget\" data-widget_type=\"heading.default\">\n\t\t\t\t<div class=\"elementor-widget-container\">\n\t\t\t<h2 class=\"elementor-heading-title elementor-size-default\">Uzun D\u00f6nem \u0130kamet \u0130zni<\/h2>\t\t<\/div>\n\t\t\t\t<\/div>\n\t\t\t\t<div class=\"elementor-element elementor-element-66ffcd7 elementor-widget elementor-widget-text-editor\" data-id=\"66ffcd7\" data-element_type=\"widget\" data-widget_type=\"text-editor.default\">\n\t\t\t\t<div class=\"elementor-widget-container\">\n\t\t\t\t\t\t\t<p>Yabanc\u0131lar i\u00e7in uzun d\u00f6nem ikametgah izni, T\u00fcrkiye&#8217;de uzun s\u00fcreli kalma niyeti olan ve farkl\u0131 ama\u00e7larla \u00fclkeye gelen yabanc\u0131lara verilen bir ikamet iznidir. Bu izin, genellikle \u00e7al\u0131\u015fma, e\u011fitim, aile birle\u015fimi, yat\u0131r\u0131m veya emeklilik gibi uzun vadeli hedeflere sahip yabanc\u0131lar i\u00e7in ge\u00e7erlidir.<\/p><p>Uzun d\u00f6nem ikametgah izni, yabanc\u0131lara T\u00fcrkiye&#8217;de daha uzun s\u00fcreli ve daha geni\u015f haklar ve olanaklar sunar. Bu izinle, yabanc\u0131lar T\u00fcrkiye&#8217;de \u00e7al\u0131\u015fabilir, e\u011fitim alabilir, i\u015f kurabilir, aileleriyle bir araya gelebilir ve sosyal haklardan faydalanabilirler.<\/p><p>Uzun d\u00f6nem ikametgah izni ba\u015fvurusu, N\u00fcfus ve Vatanda\u015fl\u0131k \u0130\u015fleri Genel M\u00fcd\u00fcrl\u00fc\u011f\u00fc veya \u0130l G\u00f6\u00e7 \u0130daresi M\u00fcd\u00fcrl\u00fc\u011f\u00fc&#8217;ne yap\u0131l\u0131r. Ba\u015fvuruda gerekli belgelerin tam ve eksiksiz olarak sunulmas\u0131 gerekmektedir. Ba\u015fvurunun sonucu, ba\u015fvuru yap\u0131lan yerdeki g\u00f6\u00e7 idaresi taraf\u0131ndan de\u011ferlendirilir ve ba\u015fvuru sahibine bildirilir.<\/p><p>Uzun d\u00f6nem ikametgah izni ba\u015fvurusunda, ba\u015fvuru amac\u0131na g\u00f6re ek belgeler ve ko\u015fullar gerekebilir. \u00d6rne\u011fin, \u00e7al\u0131\u015fma izni ba\u015fvurusu i\u00e7in i\u015fveren taraf\u0131ndan sunulan belgeler ve \u00e7al\u0131\u015fma s\u00f6zle\u015fmesi talep edilebilir. E\u011fitim amac\u0131yla yap\u0131lan ba\u015fvurularda ise kabul mektubu ve \u00f6\u011frenci stat\u00fcs\u00fcn\u00fc g\u00f6steren belgeler istenebilir.<\/p><p>Uzun d\u00f6nem ikametgah izni, T\u00fcrkiye&#8217;de uzun vadeli kalma planlar\u0131 olan yabanc\u0131lar i\u00e7in \u00f6nemli bir belgedir. Bu izin sayesinde yabanc\u0131lar, T\u00fcrkiye&#8217;de daha kal\u0131c\u0131 bir \u015fekilde ya\u015fayabilir, \u00e7al\u0131\u015fabilir, e\u011fitim alabilir ve aile hayat\u0131 kurabilirler.<\/p>\t\t\t\t\t\t<\/div>\n\t\t\t\t<\/div>\n\t\t\t\t<div class=\"elementor-element elementor-element-15e227e elementor-widget elementor-widget-button\" data-id=\"15e227e\" data-element_type=\"widget\" data-widget_type=\"button.default\">\n\t\t\t\t<div class=\"elementor-widget-container\">\n\t\t\t\t\t<div class=\"elementor-button-wrapper\">\n\t\t\t<a class=\"elementor-button elementor-button-link elementor-size-sm\" href=\"https:\/\/api.whatsapp.com\/send\/?phone=905433120420&#038;text=Merhaba&#038;type=phone_number&#038;app_absent=0\">\n\t\t\t\t\t\t<span class=\"elementor-button-content-wrapper\">\n\t\t\t\t\t\t<span class=\"elementor-button-icon elementor-align-icon-left\">\n\t\t\t\t<i aria-hidden=\"true\" class=\"fab fa-whatsapp\"><\/i>\t\t\t<\/span>\n\t\t\t\t\t\t\t\t\t<span class=\"elementor-button-text\">WhatsApp Bilgi Al<\/span>\n\t\t\t\t\t<\/span>\n\t\t\t\t\t<\/a>\n\t\t<\/div>\n\t\t\t\t<\/div>\n\t\t\t\t<\/div>\n\t\t\t\t\t<\/div>\n\t\t<\/div>\n\t\t\t\t\t<\/div>\n\t\t<\/section>\n\t\t\t\t<\/div>\n\t\t","protected":false},"excerpt":{"rendered":"<p>Uzun D\u00f6nem \u0130kamet \u0130zni Uzun d\u00f6nem ikametgah izni, yabanc\u0131lara T\u00fcrkiye&#8217;de daha uzun s\u00fcreli ve daha geni\u015f haklar ve olanaklar sunar. Bu izinle, yabanc\u0131lar T\u00fcrkiye&#8217;de \u00e7al\u0131\u015fabilir, e\u011fitim alabilir, i\u015f kurabilir, aileleriyle bir araya gelebilir ve sosyal haklardan faydalanabilirler. Uzun d\u00f6nem ikametgah izni ba\u015fvurusu, N\u00fcfus ve Vatanda\u015fl\u0131k \u0130\u015fleri Genel M\u00fcd\u00fcrl\u00fc\u011f\u00fc veya \u0130l G\u00f6\u00e7 \u0130daresi M\u00fcd\u00fcrl\u00fc\u011f\u00fc&#8217;ne yap\u0131l\u0131r. Ba\u015fvuruda [&hellip;]<\/p>\n","protected":false},"author":1,"featured_media":352,"parent":0,"menu_order":0,"comment_status":"closed","ping_status":"closed","template":"elementor_header_footer","meta":{"footnotes":""},"class_list":["post-5641","page","type-page","status-publish","has-post-thumbnail","hentry"],"_links":{"self":[{"href":"https:\/\/bakudanismanlik.com\/index.php\/wp-json\/wp\/v2\/pages\/5641","targetHints":{"allow":["GET"]}}],"collection":[{"href":"https:\/\/bakudanismanlik.com\/index.php\/wp-json\/wp\/v2\/pages"}],"about":[{"href":"https:\/\/bakudanismanlik.com\/index.php\/wp-json\/wp\/v2\/types\/page"}],"author":[{"embeddable":true,"href":"https:\/\/bakudanismanlik.com\/index.php\/wp-json\/wp\/v2\/users\/1"}],"replies":[{"embeddable":true,"href":"https:\/\/bakudanismanlik.com\/index.php\/wp-json\/wp\/v2\/comments?post=5641"}],"version-history":[{"count":4,"href":"https:\/\/bakudanismanlik.com\/index.php\/wp-json\/wp\/v2\/pages\/5641\/revisions"}],"predecessor-version":[{"id":5645,"href":"https:\/\/bakudanismanlik.com\/index.php\/wp-json\/wp\/v2\/pages\/5641\/revisions\/5645"}],"wp:featuredmedia":[{"embeddable":true,"href":"https:\/\/bakudanismanlik.com\/index.php\/wp-json\/wp\/v2\/media\/352"}],"wp:attachment":[{"href":"https:\/\/bakudanismanlik.com\/index.php\/wp-json\/wp\/v2\/media?parent=5641"}],"curies":[{"name":"wp","href":"https:\/\/api.w.org\/{rel}","templated":true}]}}