{"id":5651,"date":"2023-05-22T19:23:50","date_gmt":"2023-05-22T16:23:50","guid":{"rendered":"https:\/\/bakudanismanlik.com\/?page_id=5651"},"modified":"2023-05-22T19:25:01","modified_gmt":"2023-05-22T16:25:01","slug":"aile-ikamet-izni","status":"publish","type":"page","link":"https:\/\/bakudanismanlik.com\/index.php\/aile-ikamet-izni\/","title":{"rendered":"Aile \u0130kamet \u0130zni"},"content":{"rendered":"\t\t<div data-elementor-type=\"wp-page\" data-elementor-id=\"5651\" class=\"elementor elementor-5651\">\n\t\t\t\t\t\t<section class=\"elementor-section elementor-top-section elementor-element elementor-element-e1dd29d elementor-section-boxed elementor-section-height-default elementor-section-height-default\" data-id=\"e1dd29d\" data-element_type=\"section\">\n\t\t\t\t\t\t<div class=\"elementor-container elementor-column-gap-default\">\n\t\t\t\t\t<div class=\"elementor-column elementor-col-50 elementor-top-column elementor-element elementor-element-72ce8f4\" data-id=\"72ce8f4\" data-element_type=\"column\">\n\t\t\t<div class=\"elementor-widget-wrap elementor-element-populated\">\n\t\t\t\t\t\t<div class=\"elementor-element elementor-element-a673ea2 elementor-widget elementor-widget-heading\" data-id=\"a673ea2\" data-element_type=\"widget\" data-widget_type=\"heading.default\">\n\t\t\t\t<div class=\"elementor-widget-container\">\n\t\t\t<style>\/*! elementor - v3.21.0 - 30-04-2024 *\/\n.elementor-heading-title{padding:0;margin:0;line-height:1}.elementor-widget-heading .elementor-heading-title[class*=elementor-size-]>a{color:inherit;font-size:inherit;line-height:inherit}.elementor-widget-heading .elementor-heading-title.elementor-size-small{font-size:15px}.elementor-widget-heading .elementor-heading-title.elementor-size-medium{font-size:19px}.elementor-widget-heading .elementor-heading-title.elementor-size-large{font-size:29px}.elementor-widget-heading .elementor-heading-title.elementor-size-xl{font-size:39px}.elementor-widget-heading .elementor-heading-title.elementor-size-xxl{font-size:59px}<\/style><h2 class=\"elementor-heading-title elementor-size-default\">Aile \u0130kamet \u0130zni<\/h2>\t\t<\/div>\n\t\t\t\t<\/div>\n\t\t\t\t<div class=\"elementor-element elementor-element-fee4d3a elementor-widget elementor-widget-text-editor\" data-id=\"fee4d3a\" data-element_type=\"widget\" data-widget_type=\"text-editor.default\">\n\t\t\t\t<div class=\"elementor-widget-container\">\n\t\t\t<style>\/*! elementor - v3.21.0 - 30-04-2024 *\/\n.elementor-widget-text-editor.elementor-drop-cap-view-stacked .elementor-drop-cap{background-color:#69727d;color:#fff}.elementor-widget-text-editor.elementor-drop-cap-view-framed .elementor-drop-cap{color:#69727d;border:3px solid;background-color:transparent}.elementor-widget-text-editor:not(.elementor-drop-cap-view-default) .elementor-drop-cap{margin-top:8px}.elementor-widget-text-editor:not(.elementor-drop-cap-view-default) .elementor-drop-cap-letter{width:1em;height:1em}.elementor-widget-text-editor .elementor-drop-cap{float:left;text-align:center;line-height:1;font-size:50px}.elementor-widget-text-editor .elementor-drop-cap-letter{display:inline-block}<\/style>\t\t\t\t<p>Yabanc\u0131lar i\u00e7in aile ikamet izni, T\u00fcrkiye&#8217;de ikamet eden bir yabanc\u0131n\u0131n, T\u00fcrkiye&#8217;de ya\u015fayan aile \u00fcyelerine verilen bir ikamet iznidir. Bu izin, yabanc\u0131lar\u0131n e\u015fleri, \u00e7ocuklar\u0131 veya ebeveynleri gibi aile \u00fcyelerinin T\u00fcrkiye&#8217;de birlikte ya\u015famalar\u0131n\u0131 ve yasal olarak \u00fclkede kalabilmelerini sa\u011flar.<\/p><p>Aile ikamet izni, yabanc\u0131lar\u0131n aile birle\u015fimi amac\u0131yla T\u00fcrkiye&#8217;de kalabilmelerini sa\u011flar. T\u00fcrkiye&#8217;de ikamet eden bir yabanc\u0131n\u0131n e\u015fi, \u00e7ocu\u011fu veya ebeveyni, ba\u015fvuru yap\u0131lan yabanc\u0131yla aile ba\u011f\u0131 oldu\u011funu kan\u0131tlayarak aile ikamet izni ba\u015fvurusunda bulunabilir.<\/p>\t\t\t\t\t\t<\/div>\n\t\t\t\t<\/div>\n\t\t\t\t<div class=\"elementor-element elementor-element-a2f528e elementor-widget elementor-widget-text-editor\" data-id=\"a2f528e\" data-element_type=\"widget\" data-widget_type=\"text-editor.default\">\n\t\t\t\t<div class=\"elementor-widget-container\">\n\t\t\t\t\t\t\t<p>Baku Dan\u0131\u015fmanl\u0131k olarak t\u00fcm s\u00fcre\u00e7te sizlere dan\u0131\u015fmanl\u0131k vermekteyiz. Hemen bizimle 0543 312 04 20 numaral\u0131 telefondan ileti\u015fime ge\u00e7ebilirsiniz.<\/p>\t\t\t\t\t\t<\/div>\n\t\t\t\t<\/div>\n\t\t\t\t<div class=\"elementor-element elementor-element-51ecd31 elementor-widget elementor-widget-button\" data-id=\"51ecd31\" data-element_type=\"widget\" data-widget_type=\"button.default\">\n\t\t\t\t<div class=\"elementor-widget-container\">\n\t\t\t\t\t<div class=\"elementor-button-wrapper\">\n\t\t\t<a class=\"elementor-button elementor-button-link elementor-size-md\" href=\"https:\/\/api.whatsapp.com\/send\/?phone=905433120420&#038;text=Merhaba&#038;type=phone_number&#038;app_absent=0\">\n\t\t\t\t\t\t<span class=\"elementor-button-content-wrapper\">\n\t\t\t\t\t\t<span class=\"elementor-button-icon elementor-align-icon-left\">\n\t\t\t\t<i aria-hidden=\"true\" class=\"fab fa-whatsapp\"><\/i>\t\t\t<\/span>\n\t\t\t\t\t\t\t\t\t<span class=\"elementor-button-text\">WhatsApp Destek Hatt\u0131<\/span>\n\t\t\t\t\t<\/span>\n\t\t\t\t\t<\/a>\n\t\t<\/div>\n\t\t\t\t<\/div>\n\t\t\t\t<\/div>\n\t\t\t\t\t<\/div>\n\t\t<\/div>\n\t\t\t\t<div class=\"elementor-column elementor-col-50 elementor-top-column elementor-element elementor-element-bef0398\" data-id=\"bef0398\" data-element_type=\"column\">\n\t\t\t<div class=\"elementor-widget-wrap elementor-element-populated\">\n\t\t\t\t\t\t<div class=\"elementor-element elementor-element-9d5dbbc elementor-widget elementor-widget-image\" data-id=\"9d5dbbc\" data-element_type=\"widget\" data-widget_type=\"image.default\">\n\t\t\t\t<div class=\"elementor-widget-container\">\n\t\t\t<style>\/*! elementor - v3.21.0 - 30-04-2024 *\/\n.elementor-widget-image{text-align:center}.elementor-widget-image a{display:inline-block}.elementor-widget-image a img[src$=\".svg\"]{width:48px}.elementor-widget-image img{vertical-align:middle;display:inline-block}<\/style>\t\t\t\t\t\t\t\t\t\t<img fetchpriority=\"high\" decoding=\"async\" width=\"603\" height=\"534\" src=\"https:\/\/bakudanismanlik.com\/wp-content\/uploads\/2023\/05\/home1_img_1-1-1.png\" class=\"attachment-large size-large wp-image-5626\" alt=\"\" srcset=\"https:\/\/bakudanismanlik.com\/wp-content\/uploads\/2023\/05\/home1_img_1-1-1.png 603w, https:\/\/bakudanismanlik.com\/wp-content\/uploads\/2023\/05\/home1_img_1-1-1-300x266.png 300w, https:\/\/bakudanismanlik.com\/wp-content\/uploads\/2023\/05\/home1_img_1-1-1-600x531.png 600w, https:\/\/bakudanismanlik.com\/wp-content\/uploads\/2023\/05\/home1_img_1-1-1-560x496.png 560w\" sizes=\"(max-width: 603px) 100vw, 603px\" \/>\t\t\t\t\t\t\t\t\t\t\t\t\t<\/div>\n\t\t\t\t<\/div>\n\t\t\t\t\t<\/div>\n\t\t<\/div>\n\t\t\t\t\t<\/div>\n\t\t<\/section>\n\t\t\t\t<section class=\"elementor-section elementor-top-section elementor-element elementor-element-00da7e1 elementor-section-boxed elementor-section-height-default elementor-section-height-default\" data-id=\"00da7e1\" data-element_type=\"section\">\n\t\t\t\t\t\t<div class=\"elementor-container elementor-column-gap-default\">\n\t\t\t\t\t<div class=\"elementor-column elementor-col-100 elementor-top-column elementor-element elementor-element-7d26fb0\" data-id=\"7d26fb0\" data-element_type=\"column\">\n\t\t\t<div class=\"elementor-widget-wrap elementor-element-populated\">\n\t\t\t\t\t\t<div class=\"elementor-element elementor-element-2bf0c03 elementor-widget elementor-widget-heading\" data-id=\"2bf0c03\" data-element_type=\"widget\" data-widget_type=\"heading.default\">\n\t\t\t\t<div class=\"elementor-widget-container\">\n\t\t\t<h2 class=\"elementor-heading-title elementor-size-default\">Aile \u0130kamet \u0130zni<\/h2>\t\t<\/div>\n\t\t\t\t<\/div>\n\t\t\t\t<div class=\"elementor-element elementor-element-66ffcd7 elementor-widget elementor-widget-text-editor\" data-id=\"66ffcd7\" data-element_type=\"widget\" data-widget_type=\"text-editor.default\">\n\t\t\t\t<div class=\"elementor-widget-container\">\n\t\t\t\t\t\t\t<p>Yabanc\u0131lar i\u00e7in aile ikamet izni, T\u00fcrkiye&#8217;de ikamet eden bir yabanc\u0131n\u0131n, T\u00fcrkiye&#8217;de ya\u015fayan aile \u00fcyelerine verilen bir ikamet iznidir. Bu izin, yabanc\u0131lar\u0131n e\u015fleri, \u00e7ocuklar\u0131 veya ebeveynleri gibi aile \u00fcyelerinin T\u00fcrkiye&#8217;de birlikte ya\u015famalar\u0131n\u0131 ve yasal olarak \u00fclkede kalabilmelerini sa\u011flar.<\/p><p>Aile ikamet izni, yabanc\u0131lar\u0131n aile birle\u015fimi amac\u0131yla T\u00fcrkiye&#8217;de kalabilmelerini sa\u011flar. T\u00fcrkiye&#8217;de ikamet eden bir yabanc\u0131n\u0131n e\u015fi, \u00e7ocu\u011fu veya ebeveyni, ba\u015fvuru yap\u0131lan yabanc\u0131yla aile ba\u011f\u0131 oldu\u011funu kan\u0131tlayarak aile ikamet izni ba\u015fvurusunda bulunabilir.<\/p><p>Aile ikamet izni ba\u015fvurusu, N\u00fcfus ve Vatanda\u015fl\u0131k \u0130\u015fleri Genel M\u00fcd\u00fcrl\u00fc\u011f\u00fc veya \u0130l G\u00f6\u00e7 \u0130daresi M\u00fcd\u00fcrl\u00fc\u011f\u00fc&#8217;ne yap\u0131l\u0131r. Ba\u015fvuruda, aile ili\u015fkisini kan\u0131tlayan belgeler, pasaportlar, biyometrik foto\u011fraflar ve di\u011fer gerekli evraklar sunulmal\u0131d\u0131r.<\/p><p>Ba\u015fvurunun sonucu, ba\u015fvuru yap\u0131lan yerdeki g\u00f6\u00e7 idaresi taraf\u0131ndan de\u011ferlendirilir ve ba\u015fvuru sahibine bildirilir. Aile ikamet izni onayland\u0131\u011f\u0131nda, aile \u00fcyelerine ikamet izni kart\u0131 verilir ve bu kartlar T\u00fcrkiye&#8217;de yasal olarak kalma hakk\u0131 sa\u011flar.<\/p><p>Aile ikamet izni, yabanc\u0131lar\u0131n aileleriyle birlikte T\u00fcrkiye&#8217;de ya\u015fayabilme imkan\u0131 sunar. Bu izin sayesinde yabanc\u0131lar, e\u015fleriyle bir arada olabilir, \u00e7ocuklar\u0131n\u0131n e\u011fitimine destek olabilir ve aile birli\u011fini s\u00fcrd\u00fcrebilirler. Ayr\u0131ca, aile ikamet izni sahibi olan ki\u015filer, T\u00fcrkiye&#8217;de sa\u011fl\u0131k hizmetlerinden, e\u011fitim olanaklar\u0131ndan ve di\u011fer sosyal haklardan da yararlanabilirler.<\/p>\t\t\t\t\t\t<\/div>\n\t\t\t\t<\/div>\n\t\t\t\t<div class=\"elementor-element elementor-element-15e227e elementor-widget elementor-widget-button\" data-id=\"15e227e\" data-element_type=\"widget\" data-widget_type=\"button.default\">\n\t\t\t\t<div class=\"elementor-widget-container\">\n\t\t\t\t\t<div class=\"elementor-button-wrapper\">\n\t\t\t<a class=\"elementor-button elementor-button-link elementor-size-sm\" href=\"https:\/\/api.whatsapp.com\/send\/?phone=905433120420&#038;text=Merhaba&#038;type=phone_number&#038;app_absent=0\">\n\t\t\t\t\t\t<span class=\"elementor-button-content-wrapper\">\n\t\t\t\t\t\t<span class=\"elementor-button-icon elementor-align-icon-left\">\n\t\t\t\t<i aria-hidden=\"true\" class=\"fab fa-whatsapp\"><\/i>\t\t\t<\/span>\n\t\t\t\t\t\t\t\t\t<span class=\"elementor-button-text\">WhatsApp Bilgi Al<\/span>\n\t\t\t\t\t<\/span>\n\t\t\t\t\t<\/a>\n\t\t<\/div>\n\t\t\t\t<\/div>\n\t\t\t\t<\/div>\n\t\t\t\t\t<\/div>\n\t\t<\/div>\n\t\t\t\t\t<\/div>\n\t\t<\/section>\n\t\t\t\t<\/div>\n\t\t","protected":false},"excerpt":{"rendered":"<p>Aile \u0130kamet \u0130zni Yabanc\u0131lar i\u00e7in aile ikamet izni, T\u00fcrkiye&#8217;de ikamet eden bir yabanc\u0131n\u0131n, T\u00fcrkiye&#8217;de ya\u015fayan aile \u00fcyelerine verilen bir ikamet iznidir. Bu izin, yabanc\u0131lar\u0131n e\u015fleri, \u00e7ocuklar\u0131 veya ebeveynleri gibi aile \u00fcyelerinin T\u00fcrkiye&#8217;de birlikte ya\u015famalar\u0131n\u0131 ve yasal olarak \u00fclkede kalabilmelerini sa\u011flar. Aile ikamet izni, yabanc\u0131lar\u0131n aile birle\u015fimi amac\u0131yla T\u00fcrkiye&#8217;de kalabilmelerini sa\u011flar. T\u00fcrkiye&#8217;de ikamet eden bir yabanc\u0131n\u0131n [&hellip;]<\/p>\n","protected":false},"author":1,"featured_media":352,"parent":0,"menu_order":0,"comment_status":"closed","ping_status":"closed","template":"elementor_header_footer","meta":{"footnotes":""},"class_list":["post-5651","page","type-page","status-publish","has-post-thumbnail","hentry"],"_links":{"self":[{"href":"https:\/\/bakudanismanlik.com\/index.php\/wp-json\/wp\/v2\/pages\/5651","targetHints":{"allow":["GET"]}}],"collection":[{"href":"https:\/\/bakudanismanlik.com\/index.php\/wp-json\/wp\/v2\/pages"}],"about":[{"href":"https:\/\/bakudanismanlik.com\/index.php\/wp-json\/wp\/v2\/types\/page"}],"author":[{"embeddable":true,"href":"https:\/\/bakudanismanlik.com\/index.php\/wp-json\/wp\/v2\/users\/1"}],"replies":[{"embeddable":true,"href":"https:\/\/bakudanismanlik.com\/index.php\/wp-json\/wp\/v2\/comments?post=5651"}],"version-history":[{"count":4,"href":"https:\/\/bakudanismanlik.com\/index.php\/wp-json\/wp\/v2\/pages\/5651\/revisions"}],"predecessor-version":[{"id":5655,"href":"https:\/\/bakudanismanlik.com\/index.php\/wp-json\/wp\/v2\/pages\/5651\/revisions\/5655"}],"wp:featuredmedia":[{"embeddable":true,"href":"https:\/\/bakudanismanlik.com\/index.php\/wp-json\/wp\/v2\/media\/352"}],"wp:attachment":[{"href":"https:\/\/bakudanismanlik.com\/index.php\/wp-json\/wp\/v2\/media?parent=5651"}],"curies":[{"name":"wp","href":"https:\/\/api.w.org\/{rel}","templated":true}]}}