{"id":5674,"date":"2023-05-22T19:33:43","date_gmt":"2023-05-22T16:33:43","guid":{"rendered":"https:\/\/bakudanismanlik.com\/?page_id=5674"},"modified":"2023-05-22T19:34:31","modified_gmt":"2023-05-22T16:34:31","slug":"aile-ikamet-izni-belgeleri","status":"publish","type":"page","link":"https:\/\/bakudanismanlik.com\/index.php\/aile-ikamet-izni-belgeleri\/","title":{"rendered":"Aile \u0130kamet \u0130zni Belgeleri"},"content":{"rendered":"\t\t<div data-elementor-type=\"wp-page\" data-elementor-id=\"5674\" class=\"elementor elementor-5674\">\n\t\t\t\t\t\t<section class=\"elementor-section elementor-top-section elementor-element elementor-element-e1dd29d elementor-section-boxed elementor-section-height-default elementor-section-height-default\" data-id=\"e1dd29d\" data-element_type=\"section\">\n\t\t\t\t\t\t<div class=\"elementor-container elementor-column-gap-default\">\n\t\t\t\t\t<div class=\"elementor-column elementor-col-50 elementor-top-column elementor-element elementor-element-72ce8f4\" data-id=\"72ce8f4\" data-element_type=\"column\">\n\t\t\t<div class=\"elementor-widget-wrap elementor-element-populated\">\n\t\t\t\t\t\t<div class=\"elementor-element elementor-element-a673ea2 elementor-widget elementor-widget-heading\" data-id=\"a673ea2\" data-element_type=\"widget\" data-widget_type=\"heading.default\">\n\t\t\t\t<div class=\"elementor-widget-container\">\n\t\t\t<style>\/*! elementor - v3.21.0 - 30-04-2024 *\/\n.elementor-heading-title{padding:0;margin:0;line-height:1}.elementor-widget-heading .elementor-heading-title[class*=elementor-size-]>a{color:inherit;font-size:inherit;line-height:inherit}.elementor-widget-heading .elementor-heading-title.elementor-size-small{font-size:15px}.elementor-widget-heading .elementor-heading-title.elementor-size-medium{font-size:19px}.elementor-widget-heading .elementor-heading-title.elementor-size-large{font-size:29px}.elementor-widget-heading .elementor-heading-title.elementor-size-xl{font-size:39px}.elementor-widget-heading .elementor-heading-title.elementor-size-xxl{font-size:59px}<\/style><h2 class=\"elementor-heading-title elementor-size-default\">Aile \u0130kamet \u0130zni Belgeleri<\/h2>\t\t<\/div>\n\t\t\t\t<\/div>\n\t\t\t\t<div class=\"elementor-element elementor-element-fee4d3a elementor-widget elementor-widget-text-editor\" data-id=\"fee4d3a\" data-element_type=\"widget\" data-widget_type=\"text-editor.default\">\n\t\t\t\t<div class=\"elementor-widget-container\">\n\t\t\t<style>\/*! elementor - v3.21.0 - 30-04-2024 *\/\n.elementor-widget-text-editor.elementor-drop-cap-view-stacked .elementor-drop-cap{background-color:#69727d;color:#fff}.elementor-widget-text-editor.elementor-drop-cap-view-framed .elementor-drop-cap{color:#69727d;border:3px solid;background-color:transparent}.elementor-widget-text-editor:not(.elementor-drop-cap-view-default) .elementor-drop-cap{margin-top:8px}.elementor-widget-text-editor:not(.elementor-drop-cap-view-default) .elementor-drop-cap-letter{width:1em;height:1em}.elementor-widget-text-editor .elementor-drop-cap{float:left;text-align:center;line-height:1;font-size:50px}.elementor-widget-text-editor .elementor-drop-cap-letter{display:inline-block}<\/style>\t\t\t\t<p>Aile ikamet izni i\u00e7in istenilen belgeler, T\u00fcrkiye&#8217;de aile birle\u015fimi amac\u0131yla ikamet etmek isteyen yabanc\u0131lar\u0131n ba\u015fvuru s\u00fcrecinde sunmalar\u0131 gereken belgeleri i\u00e7erir. Ba\u015fvuru sahibinin durumuna ve ba\u015fvuru t\u00fcr\u00fcne ba\u011fl\u0131 olarak baz\u0131 farkl\u0131l\u0131klar olabilir, ancak genel olarak a\u015fa\u011f\u0131daki belgeler talep edilir:<\/p><ol><li><p>Pasaport: Ge\u00e7erlilik s\u00fcresi en az 60 g\u00fcn olan ve T\u00fcrkiye&#8217;ye giri\u015f yap\u0131ld\u0131\u011f\u0131nda en az 6 ay daha ge\u00e7erli olmas\u0131 gereken pasaport. Ba\u015fvuru sahibinin ve aile \u00fcyelerinin pasaport fotokopileri de talep edilebilir.<\/p><\/li><li><p>\u0130kamet \u0130zni Ba\u015fvuru Formu: \u0130lgili makamlardan temin edilen ve eksiksiz doldurulan ikamet izni ba\u015fvuru formu.<\/p><\/li><li><p>Aile Birle\u015fimi \u0130\u00e7in Gerekli Belgeler: Ba\u015fvuru sahibinin aile birle\u015fimi yapmak istedi\u011fi yak\u0131n akrabalar\u0131yla (e\u015f, \u00e7ocuk, anne, baba gibi) ilgili belgeler. Bu belgeler, aile ba\u011f\u0131n\u0131 g\u00f6steren evlilik veya do\u011fum belgeleri, n\u00fcfus kay\u0131t \u00f6rne\u011fi, vesayet belgesi gibi belgeler olabilir.<\/p><\/li><li><p>\u0130ki adet biyometrik foto\u011fraf: Son alt\u0131 ay i\u00e7inde \u00e7ekilmi\u015f, arka fonu beyaz, 4,5 cm x 6 cm boyutlar\u0131nda, y\u00fcz\u00fcn\u00fcz\u00fc net bir \u015fekilde g\u00f6steren foto\u011fraflar. Ba\u015fvuru sahibi ve aile \u00fcyeleri i\u00e7in ayr\u0131 ayr\u0131 foto\u011fraflar gerekebilir.<\/p><\/li><li><p>Sa\u011fl\u0131k Sigortas\u0131: T\u00fcrkiye&#8217;de ge\u00e7erli olan ve ba\u015fvuru sahibini ve aile \u00fcyelerini kapsayan sa\u011fl\u0131k sigortas\u0131 poli\u00e7esi. Bu sigorta poli\u00e7esinin s\u00fcresi, ikamet izni s\u00fcresinden daha uzun olmal\u0131d\u0131r.<\/p><\/li><li><p>Gelir Kan\u0131t\u0131: Ba\u015fvuru sahibinin T\u00fcrkiye&#8217;de ya\u015fam\u0131n\u0131 s\u00fcrd\u00fcrebilecek yeterli bir maddi gelire sahip oldu\u011funu g\u00f6steren belgeler. Bu belgeler, banka hesap d\u00f6k\u00fcmleri, \u00e7al\u0131\u015fma izni belgesi veya T\u00fcrkiye&#8217;de gelir getiren bir faaliyetin kan\u0131t\u0131 olabilir.<\/p><\/li><li><p>\u0130kametgah Belgesi: T\u00fcrkiye&#8217;de ikamet edilen adresi do\u011frulayan ve ba\u015fvuru sahibinin ad\u0131na d\u00fczenlenmi\u015f ikametgah belgesi.<\/p><\/li><li><p>Davet Mektubu veya Oturum \u0130zni Sahibi \u0130le \u0130lgili Belgeler: Ba\u015fvuru sahibinin aile birle\u015fimi yapmak istedi\u011fi ki\u015fiden (T\u00fcrk vatanda\u015f\u0131 veya ikamet izni sahibi) al\u0131nan davet mektubu veya oturum izni sahibiyle ilgili belgeler.<\/p><\/li><li><p>Ba\u015fvuru Harc\u0131: Ba\u015fvurunun yap\u0131ld\u0131\u011f\u0131 yerde belirlenen miktarda ba\u015fvuru harc\u0131n\u0131n \u00f6dendi\u011fine dair makbuz.<\/p><\/li><li><p>Di\u011fer \u0130stenen Belgeler: \u0130lgili makamlar taraf\u0131ndan talep edilen ek belgeler. Bu belgeler, ba\u015fvuru sahibinin durumuna ve ba\u015fvuru t\u00fcr\u00fcne ba\u011fl\u0131 olarak de\u011fi\u015febilir.<\/p><\/li><\/ol>\t\t\t\t\t\t<\/div>\n\t\t\t\t<\/div>\n\t\t\t\t<div class=\"elementor-element elementor-element-a2f528e elementor-widget elementor-widget-text-editor\" data-id=\"a2f528e\" data-element_type=\"widget\" data-widget_type=\"text-editor.default\">\n\t\t\t\t<div class=\"elementor-widget-container\">\n\t\t\t\t\t\t\t<p>Baku Dan\u0131\u015fmanl\u0131k olarak t\u00fcm s\u00fcre\u00e7te sizlere dan\u0131\u015fmanl\u0131k vermekteyiz. Hemen bizimle 0543 312 04 20 numaral\u0131 telefondan ileti\u015fime ge\u00e7ebilirsiniz.<\/p>\t\t\t\t\t\t<\/div>\n\t\t\t\t<\/div>\n\t\t\t\t<div class=\"elementor-element elementor-element-51ecd31 elementor-widget elementor-widget-button\" data-id=\"51ecd31\" data-element_type=\"widget\" data-widget_type=\"button.default\">\n\t\t\t\t<div class=\"elementor-widget-container\">\n\t\t\t\t\t<div class=\"elementor-button-wrapper\">\n\t\t\t<a class=\"elementor-button elementor-button-link elementor-size-md\" href=\"https:\/\/api.whatsapp.com\/send\/?phone=905433120420&#038;text=Merhaba&#038;type=phone_number&#038;app_absent=0\">\n\t\t\t\t\t\t<span class=\"elementor-button-content-wrapper\">\n\t\t\t\t\t\t<span class=\"elementor-button-icon elementor-align-icon-left\">\n\t\t\t\t<i aria-hidden=\"true\" class=\"fab fa-whatsapp\"><\/i>\t\t\t<\/span>\n\t\t\t\t\t\t\t\t\t<span class=\"elementor-button-text\">WhatsApp Destek Hatt\u0131<\/span>\n\t\t\t\t\t<\/span>\n\t\t\t\t\t<\/a>\n\t\t<\/div>\n\t\t\t\t<\/div>\n\t\t\t\t<\/div>\n\t\t\t\t\t<\/div>\n\t\t<\/div>\n\t\t\t\t<div class=\"elementor-column elementor-col-50 elementor-top-column elementor-element elementor-element-bef0398\" data-id=\"bef0398\" data-element_type=\"column\">\n\t\t\t<div class=\"elementor-widget-wrap elementor-element-populated\">\n\t\t\t\t\t\t<div class=\"elementor-element elementor-element-9d5dbbc elementor-widget elementor-widget-image\" data-id=\"9d5dbbc\" data-element_type=\"widget\" data-widget_type=\"image.default\">\n\t\t\t\t<div class=\"elementor-widget-container\">\n\t\t\t<style>\/*! elementor - v3.21.0 - 30-04-2024 *\/\n.elementor-widget-image{text-align:center}.elementor-widget-image a{display:inline-block}.elementor-widget-image a img[src$=\".svg\"]{width:48px}.elementor-widget-image img{vertical-align:middle;display:inline-block}<\/style>\t\t\t\t\t\t\t\t\t\t<img fetchpriority=\"high\" decoding=\"async\" width=\"603\" height=\"534\" src=\"https:\/\/bakudanismanlik.com\/wp-content\/uploads\/2023\/05\/home1_img_1-1-1.png\" class=\"attachment-large size-large wp-image-5626\" alt=\"\" srcset=\"https:\/\/bakudanismanlik.com\/wp-content\/uploads\/2023\/05\/home1_img_1-1-1.png 603w, https:\/\/bakudanismanlik.com\/wp-content\/uploads\/2023\/05\/home1_img_1-1-1-300x266.png 300w, https:\/\/bakudanismanlik.com\/wp-content\/uploads\/2023\/05\/home1_img_1-1-1-600x531.png 600w, https:\/\/bakudanismanlik.com\/wp-content\/uploads\/2023\/05\/home1_img_1-1-1-560x496.png 560w\" sizes=\"(max-width: 603px) 100vw, 603px\" \/>\t\t\t\t\t\t\t\t\t\t\t\t\t<\/div>\n\t\t\t\t<\/div>\n\t\t\t\t\t<\/div>\n\t\t<\/div>\n\t\t\t\t\t<\/div>\n\t\t<\/section>\n\t\t\t\t<\/div>\n\t\t","protected":false},"excerpt":{"rendered":"<p>Aile \u0130kamet \u0130zni Belgeleri Aile ikamet izni i\u00e7in istenilen belgeler, T\u00fcrkiye&#8217;de aile birle\u015fimi amac\u0131yla ikamet etmek isteyen yabanc\u0131lar\u0131n ba\u015fvuru s\u00fcrecinde sunmalar\u0131 gereken belgeleri i\u00e7erir. Ba\u015fvuru sahibinin durumuna ve ba\u015fvuru t\u00fcr\u00fcne ba\u011fl\u0131 olarak baz\u0131 farkl\u0131l\u0131klar olabilir, ancak genel olarak a\u015fa\u011f\u0131daki belgeler talep edilir: Pasaport: Ge\u00e7erlilik s\u00fcresi en az 60 g\u00fcn olan ve T\u00fcrkiye&#8217;ye giri\u015f yap\u0131ld\u0131\u011f\u0131nda en [&hellip;]<\/p>\n","protected":false},"author":1,"featured_media":352,"parent":0,"menu_order":0,"comment_status":"closed","ping_status":"closed","template":"elementor_header_footer","meta":{"footnotes":""},"class_list":["post-5674","page","type-page","status-publish","has-post-thumbnail","hentry"],"_links":{"self":[{"href":"https:\/\/bakudanismanlik.com\/index.php\/wp-json\/wp\/v2\/pages\/5674","targetHints":{"allow":["GET"]}}],"collection":[{"href":"https:\/\/bakudanismanlik.com\/index.php\/wp-json\/wp\/v2\/pages"}],"about":[{"href":"https:\/\/bakudanismanlik.com\/index.php\/wp-json\/wp\/v2\/types\/page"}],"author":[{"embeddable":true,"href":"https:\/\/bakudanismanlik.com\/index.php\/wp-json\/wp\/v2\/users\/1"}],"replies":[{"embeddable":true,"href":"https:\/\/bakudanismanlik.com\/index.php\/wp-json\/wp\/v2\/comments?post=5674"}],"version-history":[{"count":4,"href":"https:\/\/bakudanismanlik.com\/index.php\/wp-json\/wp\/v2\/pages\/5674\/revisions"}],"predecessor-version":[{"id":5678,"href":"https:\/\/bakudanismanlik.com\/index.php\/wp-json\/wp\/v2\/pages\/5674\/revisions\/5678"}],"wp:featuredmedia":[{"embeddable":true,"href":"https:\/\/bakudanismanlik.com\/index.php\/wp-json\/wp\/v2\/media\/352"}],"wp:attachment":[{"href":"https:\/\/bakudanismanlik.com\/index.php\/wp-json\/wp\/v2\/media?parent=5674"}],"curies":[{"name":"wp","href":"https:\/\/api.w.org\/{rel}","templated":true}]}}