{"id":5679,"date":"2023-05-22T19:37:01","date_gmt":"2023-05-22T16:37:01","guid":{"rendered":"https:\/\/bakudanismanlik.com\/?page_id=5679"},"modified":"2023-05-22T19:37:26","modified_gmt":"2023-05-22T16:37:26","slug":"ogrenci-ikamet-izni-belgeleri","status":"publish","type":"page","link":"https:\/\/bakudanismanlik.com\/index.php\/ogrenci-ikamet-izni-belgeleri\/","title":{"rendered":"\u00d6\u011frenci \u0130kamet \u0130zni Belgeleri"},"content":{"rendered":"\t\t<div data-elementor-type=\"wp-page\" data-elementor-id=\"5679\" class=\"elementor elementor-5679\">\n\t\t\t\t\t\t<section class=\"elementor-section elementor-top-section elementor-element elementor-element-e1dd29d elementor-section-boxed elementor-section-height-default elementor-section-height-default\" data-id=\"e1dd29d\" data-element_type=\"section\">\n\t\t\t\t\t\t<div class=\"elementor-container elementor-column-gap-default\">\n\t\t\t\t\t<div class=\"elementor-column elementor-col-50 elementor-top-column elementor-element elementor-element-72ce8f4\" data-id=\"72ce8f4\" data-element_type=\"column\">\n\t\t\t<div class=\"elementor-widget-wrap elementor-element-populated\">\n\t\t\t\t\t\t<div class=\"elementor-element elementor-element-a673ea2 elementor-widget elementor-widget-heading\" data-id=\"a673ea2\" data-element_type=\"widget\" data-widget_type=\"heading.default\">\n\t\t\t\t<div class=\"elementor-widget-container\">\n\t\t\t<style>\/*! elementor - v3.21.0 - 30-04-2024 *\/\n.elementor-heading-title{padding:0;margin:0;line-height:1}.elementor-widget-heading .elementor-heading-title[class*=elementor-size-]>a{color:inherit;font-size:inherit;line-height:inherit}.elementor-widget-heading .elementor-heading-title.elementor-size-small{font-size:15px}.elementor-widget-heading .elementor-heading-title.elementor-size-medium{font-size:19px}.elementor-widget-heading .elementor-heading-title.elementor-size-large{font-size:29px}.elementor-widget-heading .elementor-heading-title.elementor-size-xl{font-size:39px}.elementor-widget-heading .elementor-heading-title.elementor-size-xxl{font-size:59px}<\/style><h2 class=\"elementor-heading-title elementor-size-default\">\u00d6\u011frenci \u0130kamet \u0130zni Belgeleri<\/h2>\t\t<\/div>\n\t\t\t\t<\/div>\n\t\t\t\t<div class=\"elementor-element elementor-element-fee4d3a elementor-widget elementor-widget-text-editor\" data-id=\"fee4d3a\" data-element_type=\"widget\" data-widget_type=\"text-editor.default\">\n\t\t\t\t<div class=\"elementor-widget-container\">\n\t\t\t<style>\/*! elementor - v3.21.0 - 30-04-2024 *\/\n.elementor-widget-text-editor.elementor-drop-cap-view-stacked .elementor-drop-cap{background-color:#69727d;color:#fff}.elementor-widget-text-editor.elementor-drop-cap-view-framed .elementor-drop-cap{color:#69727d;border:3px solid;background-color:transparent}.elementor-widget-text-editor:not(.elementor-drop-cap-view-default) .elementor-drop-cap{margin-top:8px}.elementor-widget-text-editor:not(.elementor-drop-cap-view-default) .elementor-drop-cap-letter{width:1em;height:1em}.elementor-widget-text-editor .elementor-drop-cap{float:left;text-align:center;line-height:1;font-size:50px}.elementor-widget-text-editor .elementor-drop-cap-letter{display:inline-block}<\/style>\t\t\t\t<p>\u00d6\u011frenci ikamet izni i\u00e7in istenen belgeler \u00fclke ve kurallara g\u00f6re de\u011fi\u015febilir. Genel olarak, a\u015fa\u011f\u0131daki belgeler talep edilebilir:<\/p><ol><li>Pasaport: Ge\u00e7erli bir pasaportunuzun olmas\u0131 gerekmektedir.<\/li><li>Ba\u015fvuru Formu: \u0130kamet izni ba\u015fvuru formunu eksiksiz olarak doldurman\u0131z gerekmektedir. Bu form genellikle ilgili g\u00f6\u00e7menlik veya yerel makam taraf\u0131ndan sa\u011flan\u0131r.<\/li><li>\u00d6\u011frenci Belgesi: Aktif bir \u00f6\u011frenci oldu\u011funuzu g\u00f6steren belgeyi sunman\u0131z gerekmektedir. \u00d6rne\u011fin, \u00fcniversite kayd\u0131n\u0131z\u0131 veya \u00f6\u011frenci kimli\u011finizi sa\u011flaman\u0131z istenebilir.<\/li><li>Kabul Mektubu: E\u011fer yurtd\u0131\u015f\u0131ndaki bir e\u011fitim kurumuna kabul edildiyseniz, kabul mektubunu sunman\u0131z gerekebilir.<\/li><li>Finansal Kan\u0131t: \u0130kamet masraflar\u0131n\u0131z\u0131 kar\u015f\u0131layabilece\u011finizi g\u00f6steren finansal kan\u0131tlar\u0131 sunman\u0131z istenebilir. \u00d6rne\u011fin, banka hesap d\u00f6k\u00fcmleri, sponsorluk mektuplar\u0131 veya burs belgeleri gibi belgeler talep edilebilir.<\/li><li>Sa\u011fl\u0131k Sigortas\u0131: \u00d6\u011frenci ikamet izni i\u00e7in sa\u011fl\u0131k sigortas\u0131 sa\u011flaman\u0131z gerekebilir. Bu, acil t\u0131bbi hizmetlerin yan\u0131 s\u0131ra hastal\u0131k veya kaza durumlar\u0131nda t\u0131bbi masraflar\u0131 kar\u015f\u0131layacak bir sigortay\u0131 i\u00e7erebilir.<\/li><li>Foto\u011fraflar: Ba\u015fvuru i\u00e7in istenilen biyometrik foto\u011fraflar\u0131 sa\u011flaman\u0131z gerekmektedir. Bu foto\u011fraflar genellikle \u00f6zel \u00f6l\u00e7\u00fclere ve arka plan gereksinimlerine uymal\u0131d\u0131r.<\/li><li>\u0130kamet Adresi: \u0130kamet edece\u011finiz adresi belgelemek i\u00e7in kira s\u00f6zle\u015fmesi, otel rezervasyonu veya ev sahibi beyan\u0131 gibi belgeler talep edilebilir.<\/li><li>\u00d6nceki \u0130kamet \u0130zni: Daha \u00f6nceki ikamet izniniz varsa veya ba\u015fka bir \u00fclkede ikamet ettiyseniz, bunu belgelemek i\u00e7in ilgili belgeleri sunman\u0131z gerekebilir.<\/li><li>Ba\u015fvuru \u00dccreti: \u0130kamet izni ba\u015fvurusu i\u00e7in belirlenmi\u015f bir \u00fccreti \u00f6demeniz gerekebilir.<\/li><\/ol>\t\t\t\t\t\t<\/div>\n\t\t\t\t<\/div>\n\t\t\t\t<div class=\"elementor-element elementor-element-a2f528e elementor-widget elementor-widget-text-editor\" data-id=\"a2f528e\" data-element_type=\"widget\" data-widget_type=\"text-editor.default\">\n\t\t\t\t<div class=\"elementor-widget-container\">\n\t\t\t\t\t\t\t<p>Baku Dan\u0131\u015fmanl\u0131k olarak t\u00fcm s\u00fcre\u00e7te sizlere dan\u0131\u015fmanl\u0131k vermekteyiz. Hemen bizimle 0543 312 04 20 numaral\u0131 telefondan ileti\u015fime ge\u00e7ebilirsiniz.<\/p>\t\t\t\t\t\t<\/div>\n\t\t\t\t<\/div>\n\t\t\t\t<div class=\"elementor-element elementor-element-51ecd31 elementor-widget elementor-widget-button\" data-id=\"51ecd31\" data-element_type=\"widget\" data-widget_type=\"button.default\">\n\t\t\t\t<div class=\"elementor-widget-container\">\n\t\t\t\t\t<div class=\"elementor-button-wrapper\">\n\t\t\t<a class=\"elementor-button elementor-button-link elementor-size-md\" href=\"https:\/\/api.whatsapp.com\/send\/?phone=905433120420&#038;text=Merhaba&#038;type=phone_number&#038;app_absent=0\">\n\t\t\t\t\t\t<span class=\"elementor-button-content-wrapper\">\n\t\t\t\t\t\t<span class=\"elementor-button-icon elementor-align-icon-left\">\n\t\t\t\t<i aria-hidden=\"true\" class=\"fab fa-whatsapp\"><\/i>\t\t\t<\/span>\n\t\t\t\t\t\t\t\t\t<span class=\"elementor-button-text\">WhatsApp Destek Hatt\u0131<\/span>\n\t\t\t\t\t<\/span>\n\t\t\t\t\t<\/a>\n\t\t<\/div>\n\t\t\t\t<\/div>\n\t\t\t\t<\/div>\n\t\t\t\t\t<\/div>\n\t\t<\/div>\n\t\t\t\t<div class=\"elementor-column elementor-col-50 elementor-top-column elementor-element elementor-element-bef0398\" data-id=\"bef0398\" data-element_type=\"column\">\n\t\t\t<div class=\"elementor-widget-wrap elementor-element-populated\">\n\t\t\t\t\t\t<div class=\"elementor-element elementor-element-9d5dbbc elementor-widget elementor-widget-image\" data-id=\"9d5dbbc\" data-element_type=\"widget\" data-widget_type=\"image.default\">\n\t\t\t\t<div class=\"elementor-widget-container\">\n\t\t\t<style>\/*! elementor - v3.21.0 - 30-04-2024 *\/\n.elementor-widget-image{text-align:center}.elementor-widget-image a{display:inline-block}.elementor-widget-image a img[src$=\".svg\"]{width:48px}.elementor-widget-image img{vertical-align:middle;display:inline-block}<\/style>\t\t\t\t\t\t\t\t\t\t<img fetchpriority=\"high\" decoding=\"async\" width=\"603\" height=\"534\" src=\"https:\/\/bakudanismanlik.com\/wp-content\/uploads\/2023\/05\/home1_img_1-1-1.png\" class=\"attachment-large size-large wp-image-5626\" alt=\"\" srcset=\"https:\/\/bakudanismanlik.com\/wp-content\/uploads\/2023\/05\/home1_img_1-1-1.png 603w, https:\/\/bakudanismanlik.com\/wp-content\/uploads\/2023\/05\/home1_img_1-1-1-300x266.png 300w, https:\/\/bakudanismanlik.com\/wp-content\/uploads\/2023\/05\/home1_img_1-1-1-600x531.png 600w, https:\/\/bakudanismanlik.com\/wp-content\/uploads\/2023\/05\/home1_img_1-1-1-560x496.png 560w\" sizes=\"(max-width: 603px) 100vw, 603px\" \/>\t\t\t\t\t\t\t\t\t\t\t\t\t<\/div>\n\t\t\t\t<\/div>\n\t\t\t\t\t<\/div>\n\t\t<\/div>\n\t\t\t\t\t<\/div>\n\t\t<\/section>\n\t\t\t\t<\/div>\n\t\t","protected":false},"excerpt":{"rendered":"<p>\u00d6\u011frenci \u0130kamet \u0130zni Belgeleri \u00d6\u011frenci ikamet izni i\u00e7in istenen belgeler \u00fclke ve kurallara g\u00f6re de\u011fi\u015febilir. Genel olarak, a\u015fa\u011f\u0131daki belgeler talep edilebilir: Pasaport: Ge\u00e7erli bir pasaportunuzun olmas\u0131 gerekmektedir. Ba\u015fvuru Formu: \u0130kamet izni ba\u015fvuru formunu eksiksiz olarak doldurman\u0131z gerekmektedir. Bu form genellikle ilgili g\u00f6\u00e7menlik veya yerel makam taraf\u0131ndan sa\u011flan\u0131r. \u00d6\u011frenci Belgesi: Aktif bir \u00f6\u011frenci oldu\u011funuzu g\u00f6steren belgeyi [&hellip;]<\/p>\n","protected":false},"author":1,"featured_media":352,"parent":0,"menu_order":0,"comment_status":"closed","ping_status":"closed","template":"elementor_header_footer","meta":{"footnotes":""},"class_list":["post-5679","page","type-page","status-publish","has-post-thumbnail","hentry"],"_links":{"self":[{"href":"https:\/\/bakudanismanlik.com\/index.php\/wp-json\/wp\/v2\/pages\/5679","targetHints":{"allow":["GET"]}}],"collection":[{"href":"https:\/\/bakudanismanlik.com\/index.php\/wp-json\/wp\/v2\/pages"}],"about":[{"href":"https:\/\/bakudanismanlik.com\/index.php\/wp-json\/wp\/v2\/types\/page"}],"author":[{"embeddable":true,"href":"https:\/\/bakudanismanlik.com\/index.php\/wp-json\/wp\/v2\/users\/1"}],"replies":[{"embeddable":true,"href":"https:\/\/bakudanismanlik.com\/index.php\/wp-json\/wp\/v2\/comments?post=5679"}],"version-history":[{"count":4,"href":"https:\/\/bakudanismanlik.com\/index.php\/wp-json\/wp\/v2\/pages\/5679\/revisions"}],"predecessor-version":[{"id":5683,"href":"https:\/\/bakudanismanlik.com\/index.php\/wp-json\/wp\/v2\/pages\/5679\/revisions\/5683"}],"wp:featuredmedia":[{"embeddable":true,"href":"https:\/\/bakudanismanlik.com\/index.php\/wp-json\/wp\/v2\/media\/352"}],"wp:attachment":[{"href":"https:\/\/bakudanismanlik.com\/index.php\/wp-json\/wp\/v2\/media?parent=5679"}],"curies":[{"name":"wp","href":"https:\/\/api.w.org\/{rel}","templated":true}]}}