{"id":5719,"date":"2023-05-22T20:04:44","date_gmt":"2023-05-22T17:04:44","guid":{"rendered":"https:\/\/bakudanismanlik.com\/?page_id=5719"},"modified":"2023-05-22T23:09:34","modified_gmt":"2023-05-22T20:09:34","slug":"universite-basvuru-surecleri","status":"publish","type":"page","link":"https:\/\/bakudanismanlik.com\/index.php\/universite-basvuru-surecleri\/","title":{"rendered":"\u00dcniversite Ba\u015fvuru S\u00fcre\u00e7leri"},"content":{"rendered":"\t\t<div data-elementor-type=\"wp-page\" data-elementor-id=\"5719\" class=\"elementor elementor-5719\">\n\t\t\t\t\t\t<section class=\"elementor-section elementor-top-section elementor-element elementor-element-e1dd29d elementor-section-boxed elementor-section-height-default elementor-section-height-default\" data-id=\"e1dd29d\" data-element_type=\"section\">\n\t\t\t\t\t\t<div class=\"elementor-container elementor-column-gap-default\">\n\t\t\t\t\t<div class=\"elementor-column elementor-col-50 elementor-top-column elementor-element elementor-element-72ce8f4\" data-id=\"72ce8f4\" data-element_type=\"column\">\n\t\t\t<div class=\"elementor-widget-wrap elementor-element-populated\">\n\t\t\t\t\t\t<div class=\"elementor-element elementor-element-a673ea2 elementor-widget elementor-widget-heading\" data-id=\"a673ea2\" data-element_type=\"widget\" data-widget_type=\"heading.default\">\n\t\t\t\t<div class=\"elementor-widget-container\">\n\t\t\t<style>\/*! elementor - v3.21.0 - 30-04-2024 *\/\n.elementor-heading-title{padding:0;margin:0;line-height:1}.elementor-widget-heading .elementor-heading-title[class*=elementor-size-]>a{color:inherit;font-size:inherit;line-height:inherit}.elementor-widget-heading .elementor-heading-title.elementor-size-small{font-size:15px}.elementor-widget-heading .elementor-heading-title.elementor-size-medium{font-size:19px}.elementor-widget-heading .elementor-heading-title.elementor-size-large{font-size:29px}.elementor-widget-heading .elementor-heading-title.elementor-size-xl{font-size:39px}.elementor-widget-heading .elementor-heading-title.elementor-size-xxl{font-size:59px}<\/style><h2 class=\"elementor-heading-title elementor-size-default\">\u00dcniversite Ba\u015fvuru S\u00fcre\u00e7leri\n<\/h2>\t\t<\/div>\n\t\t\t\t<\/div>\n\t\t\t\t<div class=\"elementor-element elementor-element-fee4d3a elementor-widget elementor-widget-text-editor\" data-id=\"fee4d3a\" data-element_type=\"widget\" data-widget_type=\"text-editor.default\">\n\t\t\t\t<div class=\"elementor-widget-container\">\n\t\t\t<style>\/*! elementor - v3.21.0 - 30-04-2024 *\/\n.elementor-widget-text-editor.elementor-drop-cap-view-stacked .elementor-drop-cap{background-color:#69727d;color:#fff}.elementor-widget-text-editor.elementor-drop-cap-view-framed .elementor-drop-cap{color:#69727d;border:3px solid;background-color:transparent}.elementor-widget-text-editor:not(.elementor-drop-cap-view-default) .elementor-drop-cap{margin-top:8px}.elementor-widget-text-editor:not(.elementor-drop-cap-view-default) .elementor-drop-cap-letter{width:1em;height:1em}.elementor-widget-text-editor .elementor-drop-cap{float:left;text-align:center;line-height:1;font-size:50px}.elementor-widget-text-editor .elementor-drop-cap-letter{display:inline-block}<\/style>\t\t\t\t<p>Okulumuzu ve b\u00f6l\u00fcm\u00fcm\u00fcz\u00fc se\u00e7tik ve \u015fimdi \u00fcniversite ba\u015fvurusu yapma zaman\u0131 geldi.<\/p>\n<p>E\u011fitim amac\u0131yla farkl\u0131 bir \u00fclkeye yerle\u015fmek, hayat\u0131n\u0131zda yeni bir ba\u015flang\u0131\u00e7 anlam\u0131na gelecektir. Yeni insanlarla tan\u0131\u015fmak, farkl\u0131 k\u00fclt\u00fcrlerle etkile\u015fimde bulunmak, arkada\u015flar edinmek ve e\u011fitim seviyenizi y\u00fckseltmek olduk\u00e7a heyecan verici bir deneyim olmal\u0131. Bu tatl\u0131 heyecan\u0131 ya\u015farken \u00fcniversite ba\u015fvurular\u0131yla ilgili prosed\u00fcrler, evrak haz\u0131rl\u0131klar\u0131 ve di\u011fer detaylar gibi konular\u0131 bize b\u0131rakabilirsiniz.<\/p>\n<p>Belki de dilini bile bilmedi\u011finiz bir \u00fclkede bu s\u00fcre\u00e7lerle u\u011fra\u015fmak size yorucu ve karma\u015f\u0131k gelebilir. Baku&nbsp;Dan\u0131\u015fmanl\u0131k olarak, sizin ad\u0131n\u0131za \u00fcniversitelere ba\u015fvurular\u0131 takip etmek ve \u00f6\u011frenci vizesi i\u00e7in gerekli \u00f6n kabul belgelerini almak gibi i\u015flemleri yorulmadan yapaca\u011f\u0131z.<\/p>\t\t\t\t\t\t<\/div>\n\t\t\t\t<\/div>\n\t\t\t\t<div class=\"elementor-element elementor-element-a2f528e elementor-widget elementor-widget-text-editor\" data-id=\"a2f528e\" data-element_type=\"widget\" data-widget_type=\"text-editor.default\">\n\t\t\t\t<div class=\"elementor-widget-container\">\n\t\t\t\t\t\t\t<p>Baku Dan\u0131\u015fmanl\u0131k olarak t\u00fcm s\u00fcre\u00e7te sizlere dan\u0131\u015fmanl\u0131k vermekteyiz. Hemen bizimle 0543 312 04 20 numaral\u0131 telefondan ileti\u015fime ge\u00e7ebilirsiniz.<\/p>\t\t\t\t\t\t<\/div>\n\t\t\t\t<\/div>\n\t\t\t\t<div class=\"elementor-element elementor-element-51ecd31 elementor-widget elementor-widget-button\" data-id=\"51ecd31\" data-element_type=\"widget\" data-widget_type=\"button.default\">\n\t\t\t\t<div class=\"elementor-widget-container\">\n\t\t\t\t\t<div class=\"elementor-button-wrapper\">\n\t\t\t<a class=\"elementor-button elementor-button-link elementor-size-md\" href=\"https:\/\/api.whatsapp.com\/send\/?phone=905433120420&#038;text=Merhaba&#038;type=phone_number&#038;app_absent=0\">\n\t\t\t\t\t\t<span class=\"elementor-button-content-wrapper\">\n\t\t\t\t\t\t<span class=\"elementor-button-icon elementor-align-icon-left\">\n\t\t\t\t<i aria-hidden=\"true\" class=\"fab fa-whatsapp\"><\/i>\t\t\t<\/span>\n\t\t\t\t\t\t\t\t\t<span class=\"elementor-button-text\">WhatsApp Destek Hatt\u0131<\/span>\n\t\t\t\t\t<\/span>\n\t\t\t\t\t<\/a>\n\t\t<\/div>\n\t\t\t\t<\/div>\n\t\t\t\t<\/div>\n\t\t\t\t\t<\/div>\n\t\t<\/div>\n\t\t\t\t<div class=\"elementor-column elementor-col-50 elementor-top-column elementor-element elementor-element-bef0398\" data-id=\"bef0398\" data-element_type=\"column\">\n\t\t\t<div class=\"elementor-widget-wrap elementor-element-populated\">\n\t\t\t\t\t\t<div class=\"elementor-element elementor-element-9d5dbbc elementor-widget elementor-widget-image\" data-id=\"9d5dbbc\" data-element_type=\"widget\" data-widget_type=\"image.default\">\n\t\t\t\t<div class=\"elementor-widget-container\">\n\t\t\t<style>\/*! elementor - v3.21.0 - 30-04-2024 *\/\n.elementor-widget-image{text-align:center}.elementor-widget-image a{display:inline-block}.elementor-widget-image a img[src$=\".svg\"]{width:48px}.elementor-widget-image img{vertical-align:middle;display:inline-block}<\/style>\t\t\t\t\t\t\t\t\t\t<img fetchpriority=\"high\" decoding=\"async\" width=\"560\" height=\"496\" src=\"https:\/\/bakudanismanlik.com\/wp-content\/uploads\/2023\/05\/home1_img_1-1-1-560x496-1-1.png\" class=\"attachment-large size-large wp-image-5991\" alt=\"\" srcset=\"https:\/\/bakudanismanlik.com\/wp-content\/uploads\/2023\/05\/home1_img_1-1-1-560x496-1-1.png 560w, https:\/\/bakudanismanlik.com\/wp-content\/uploads\/2023\/05\/home1_img_1-1-1-560x496-1-1-300x266.png 300w\" sizes=\"(max-width: 560px) 100vw, 560px\" \/>\t\t\t\t\t\t\t\t\t\t\t\t\t<\/div>\n\t\t\t\t<\/div>\n\t\t\t\t\t<\/div>\n\t\t<\/div>\n\t\t\t\t\t<\/div>\n\t\t<\/section>\n\t\t\t\t<\/div>\n\t\t","protected":false},"excerpt":{"rendered":"<p>\u00dcniversite Ba\u015fvuru S\u00fcre\u00e7leri Okulumuzu ve b\u00f6l\u00fcm\u00fcm\u00fcz\u00fc se\u00e7tik ve \u015fimdi \u00fcniversite ba\u015fvurusu yapma zaman\u0131 geldi. E\u011fitim amac\u0131yla farkl\u0131 bir \u00fclkeye yerle\u015fmek, hayat\u0131n\u0131zda yeni bir ba\u015flang\u0131\u00e7 anlam\u0131na gelecektir. Yeni insanlarla tan\u0131\u015fmak, farkl\u0131 k\u00fclt\u00fcrlerle etkile\u015fimde bulunmak, arkada\u015flar edinmek ve e\u011fitim seviyenizi y\u00fckseltmek olduk\u00e7a heyecan verici bir deneyim olmal\u0131. Bu tatl\u0131 heyecan\u0131 ya\u015farken \u00fcniversite ba\u015fvurular\u0131yla ilgili prosed\u00fcrler, evrak haz\u0131rl\u0131klar\u0131 [&hellip;]<\/p>\n","protected":false},"author":1,"featured_media":352,"parent":0,"menu_order":0,"comment_status":"closed","ping_status":"closed","template":"elementor_header_footer","meta":{"footnotes":""},"class_list":["post-5719","page","type-page","status-publish","has-post-thumbnail","hentry"],"_links":{"self":[{"href":"https:\/\/bakudanismanlik.com\/index.php\/wp-json\/wp\/v2\/pages\/5719","targetHints":{"allow":["GET"]}}],"collection":[{"href":"https:\/\/bakudanismanlik.com\/index.php\/wp-json\/wp\/v2\/pages"}],"about":[{"href":"https:\/\/bakudanismanlik.com\/index.php\/wp-json\/wp\/v2\/types\/page"}],"author":[{"embeddable":true,"href":"https:\/\/bakudanismanlik.com\/index.php\/wp-json\/wp\/v2\/users\/1"}],"replies":[{"embeddable":true,"href":"https:\/\/bakudanismanlik.com\/index.php\/wp-json\/wp\/v2\/comments?post=5719"}],"version-history":[{"count":13,"href":"https:\/\/bakudanismanlik.com\/index.php\/wp-json\/wp\/v2\/pages\/5719\/revisions"}],"predecessor-version":[{"id":6073,"href":"https:\/\/bakudanismanlik.com\/index.php\/wp-json\/wp\/v2\/pages\/5719\/revisions\/6073"}],"wp:featuredmedia":[{"embeddable":true,"href":"https:\/\/bakudanismanlik.com\/index.php\/wp-json\/wp\/v2\/media\/352"}],"wp:attachment":[{"href":"https:\/\/bakudanismanlik.com\/index.php\/wp-json\/wp\/v2\/media?parent=5719"}],"curies":[{"name":"wp","href":"https:\/\/api.w.org\/{rel}","templated":true}]}}