{"id":5724,"date":"2023-05-22T20:06:11","date_gmt":"2023-05-22T17:06:11","guid":{"rendered":"https:\/\/bakudanismanlik.com\/?page_id=5724"},"modified":"2023-05-22T22:56:43","modified_gmt":"2023-05-22T19:56:43","slug":"ogrenci-vizesi","status":"publish","type":"page","link":"https:\/\/bakudanismanlik.com\/index.php\/ogrenci-vizesi\/","title":{"rendered":"\u00d6\u011frenci Vizesi"},"content":{"rendered":"\t\t<div data-elementor-type=\"wp-page\" data-elementor-id=\"5724\" class=\"elementor elementor-5724\">\n\t\t\t\t\t\t<section class=\"elementor-section elementor-top-section elementor-element elementor-element-e1dd29d elementor-section-boxed elementor-section-height-default elementor-section-height-default\" data-id=\"e1dd29d\" data-element_type=\"section\">\n\t\t\t\t\t\t<div class=\"elementor-container elementor-column-gap-default\">\n\t\t\t\t\t<div class=\"elementor-column elementor-col-50 elementor-top-column elementor-element elementor-element-72ce8f4\" data-id=\"72ce8f4\" data-element_type=\"column\">\n\t\t\t<div class=\"elementor-widget-wrap elementor-element-populated\">\n\t\t\t\t\t\t<div class=\"elementor-element elementor-element-a673ea2 elementor-widget elementor-widget-heading\" data-id=\"a673ea2\" data-element_type=\"widget\" data-widget_type=\"heading.default\">\n\t\t\t\t<div class=\"elementor-widget-container\">\n\t\t\t<style>\/*! elementor - v3.21.0 - 30-04-2024 *\/\n.elementor-heading-title{padding:0;margin:0;line-height:1}.elementor-widget-heading .elementor-heading-title[class*=elementor-size-]>a{color:inherit;font-size:inherit;line-height:inherit}.elementor-widget-heading .elementor-heading-title.elementor-size-small{font-size:15px}.elementor-widget-heading .elementor-heading-title.elementor-size-medium{font-size:19px}.elementor-widget-heading .elementor-heading-title.elementor-size-large{font-size:29px}.elementor-widget-heading .elementor-heading-title.elementor-size-xl{font-size:39px}.elementor-widget-heading .elementor-heading-title.elementor-size-xxl{font-size:59px}<\/style><h2 class=\"elementor-heading-title elementor-size-default\">\u00d6\u011frenci Vizesi\n<\/h2>\t\t<\/div>\n\t\t\t\t<\/div>\n\t\t\t\t<div class=\"elementor-element elementor-element-fee4d3a elementor-widget elementor-widget-text-editor\" data-id=\"fee4d3a\" data-element_type=\"widget\" data-widget_type=\"text-editor.default\">\n\t\t\t\t<div class=\"elementor-widget-container\">\n\t\t\t<style>\/*! elementor - v3.21.0 - 30-04-2024 *\/\n.elementor-widget-text-editor.elementor-drop-cap-view-stacked .elementor-drop-cap{background-color:#69727d;color:#fff}.elementor-widget-text-editor.elementor-drop-cap-view-framed .elementor-drop-cap{color:#69727d;border:3px solid;background-color:transparent}.elementor-widget-text-editor:not(.elementor-drop-cap-view-default) .elementor-drop-cap{margin-top:8px}.elementor-widget-text-editor:not(.elementor-drop-cap-view-default) .elementor-drop-cap-letter{width:1em;height:1em}.elementor-widget-text-editor .elementor-drop-cap{float:left;text-align:center;line-height:1;font-size:50px}.elementor-widget-text-editor .elementor-drop-cap-letter{display:inline-block}<\/style>\t\t\t\t<p>T\u00fcrkiye&#8217;de \u00f6\u011frenci vizesi, yabanc\u0131 \u00f6\u011frencilerin T\u00fcrkiye&#8217;de e\u011fitim almak i\u00e7in ge\u00e7erli bir vize t\u00fcr\u00fcd\u00fcr. Bu vize, T\u00fcrkiye&#8217;de resmi olarak tan\u0131nan bir e\u011fitim kurumuna kabul edilmi\u015f olan \u00f6\u011frencilere verilir. \u00d6\u011frenci vizesi, e\u011fitim s\u00fcresi boyunca T\u00fcrkiye&#8217;de kalma ve e\u011fitim alman\u0131za olanak sa\u011flar.<\/p><p>\u00d6\u011frenci vizesi i\u00e7in ba\u015fvuruda bulunmadan \u00f6nce, T\u00fcrkiye&#8217;deki bir e\u011fitim kurumuna kabul edilmi\u015f olman\u0131z gerekmektedir. Ba\u015fvuru s\u00fcreci genellikle \u00f6\u011frencinin kabul mektubunu ve di\u011fer belgeleri sunmas\u0131n\u0131 i\u00e7erir. Bu belgeler aras\u0131nda pasaport, ba\u015fvuru formu, son diplomalar, sa\u011fl\u0131k sigortas\u0131 gibi belgeler bulunabilir. Ba\u015fvuru gereksinimleri ve prosed\u00fcr\u00fc, T\u00fcrkiye&#8217;deki ilgili konsoloslu\u011fun veya b\u00fcy\u00fckel\u00e7ili\u011fin web sitesinde bulunabilir.<\/p><p>Ba\u015fvuru s\u00fcrecinden sonra, T\u00fcrkiye&#8217;deki ilgili konsolosluk veya b\u00fcy\u00fckel\u00e7ilik taraf\u0131ndan yap\u0131lan bir m\u00fclakat ve de\u011ferlendirme s\u00fcreci olabilir. \u00d6\u011frenci vizesi genellikle vize \u00fccretinin \u00f6denmesiyle al\u0131n\u0131r ve belirli bir s\u00fcre i\u00e7in ge\u00e7erlidir. \u00d6\u011frenci vizesi, e\u011fitim s\u00fcresi boyunca T\u00fcrkiye&#8217;de kalmak i\u00e7in kullan\u0131labilir ve baz\u0131 durumlarda \u00e7al\u0131\u015fma izni de sa\u011flayabilir.<\/p><p>\u00d6\u011frenci vizesiyle ilgili en g\u00fcncel ve ayr\u0131nt\u0131l\u0131 bilgilere T\u00fcrkiye&#8217;deki ilgili konsoloslu\u011fun veya b\u00fcy\u00fckel\u00e7ili\u011fin resmi web sitesinden ula\u015fman\u0131z \u00f6nemlidir, \u00e7\u00fcnk\u00fc vize gereksinimleri ve prosed\u00fcrleri zamanla de\u011fi\u015febilir.<\/p>\t\t\t\t\t\t<\/div>\n\t\t\t\t<\/div>\n\t\t\t\t<div class=\"elementor-element elementor-element-a2f528e elementor-widget elementor-widget-text-editor\" data-id=\"a2f528e\" data-element_type=\"widget\" data-widget_type=\"text-editor.default\">\n\t\t\t\t<div class=\"elementor-widget-container\">\n\t\t\t\t\t\t\t<p>Baku Dan\u0131\u015fmanl\u0131k olarak t\u00fcm s\u00fcre\u00e7te sizlere dan\u0131\u015fmanl\u0131k vermekteyiz. Hemen bizimle 0543 312 04 20 numaral\u0131 telefondan ileti\u015fime ge\u00e7ebilirsiniz.<\/p>\t\t\t\t\t\t<\/div>\n\t\t\t\t<\/div>\n\t\t\t\t<div class=\"elementor-element elementor-element-51ecd31 elementor-widget elementor-widget-button\" data-id=\"51ecd31\" data-element_type=\"widget\" data-widget_type=\"button.default\">\n\t\t\t\t<div class=\"elementor-widget-container\">\n\t\t\t\t\t<div class=\"elementor-button-wrapper\">\n\t\t\t<a class=\"elementor-button elementor-button-link elementor-size-md\" href=\"https:\/\/api.whatsapp.com\/send\/?phone=905433120420&#038;text=Merhaba&#038;type=phone_number&#038;app_absent=0\">\n\t\t\t\t\t\t<span class=\"elementor-button-content-wrapper\">\n\t\t\t\t\t\t<span class=\"elementor-button-icon elementor-align-icon-left\">\n\t\t\t\t<i aria-hidden=\"true\" class=\"fab fa-whatsapp\"><\/i>\t\t\t<\/span>\n\t\t\t\t\t\t\t\t\t<span class=\"elementor-button-text\">WhatsApp Destek Hatt\u0131<\/span>\n\t\t\t\t\t<\/span>\n\t\t\t\t\t<\/a>\n\t\t<\/div>\n\t\t\t\t<\/div>\n\t\t\t\t<\/div>\n\t\t\t\t\t<\/div>\n\t\t<\/div>\n\t\t\t\t<div class=\"elementor-column elementor-col-50 elementor-top-column elementor-element elementor-element-bef0398\" data-id=\"bef0398\" data-element_type=\"column\">\n\t\t\t<div class=\"elementor-widget-wrap elementor-element-populated\">\n\t\t\t\t\t\t<div class=\"elementor-element elementor-element-9d5dbbc elementor-widget elementor-widget-image\" data-id=\"9d5dbbc\" data-element_type=\"widget\" data-widget_type=\"image.default\">\n\t\t\t\t<div class=\"elementor-widget-container\">\n\t\t\t<style>\/*! elementor - v3.21.0 - 30-04-2024 *\/\n.elementor-widget-image{text-align:center}.elementor-widget-image a{display:inline-block}.elementor-widget-image a img[src$=\".svg\"]{width:48px}.elementor-widget-image img{vertical-align:middle;display:inline-block}<\/style>\t\t\t\t\t\t\t\t\t\t<img fetchpriority=\"high\" decoding=\"async\" width=\"560\" height=\"496\" src=\"https:\/\/bakudanismanlik.com\/wp-content\/uploads\/2023\/05\/home1_img_1-1-1-560x496-1-1.png\" class=\"attachment-large size-large wp-image-5991\" alt=\"\" srcset=\"https:\/\/bakudanismanlik.com\/wp-content\/uploads\/2023\/05\/home1_img_1-1-1-560x496-1-1.png 560w, https:\/\/bakudanismanlik.com\/wp-content\/uploads\/2023\/05\/home1_img_1-1-1-560x496-1-1-300x266.png 300w\" sizes=\"(max-width: 560px) 100vw, 560px\" \/>\t\t\t\t\t\t\t\t\t\t\t\t\t<\/div>\n\t\t\t\t<\/div>\n\t\t\t\t\t<\/div>\n\t\t<\/div>\n\t\t\t\t\t<\/div>\n\t\t<\/section>\n\t\t\t\t<\/div>\n\t\t","protected":false},"excerpt":{"rendered":"<p>\u00d6\u011frenci Vizesi T\u00fcrkiye&#8217;de \u00f6\u011frenci vizesi, yabanc\u0131 \u00f6\u011frencilerin T\u00fcrkiye&#8217;de e\u011fitim almak i\u00e7in ge\u00e7erli bir vize t\u00fcr\u00fcd\u00fcr. Bu vize, T\u00fcrkiye&#8217;de resmi olarak tan\u0131nan bir e\u011fitim kurumuna kabul edilmi\u015f olan \u00f6\u011frencilere verilir. \u00d6\u011frenci vizesi, e\u011fitim s\u00fcresi boyunca T\u00fcrkiye&#8217;de kalma ve e\u011fitim alman\u0131za olanak sa\u011flar. \u00d6\u011frenci vizesi i\u00e7in ba\u015fvuruda bulunmadan \u00f6nce, T\u00fcrkiye&#8217;deki bir e\u011fitim kurumuna kabul edilmi\u015f olman\u0131z gerekmektedir. [&hellip;]<\/p>\n","protected":false},"author":1,"featured_media":352,"parent":0,"menu_order":0,"comment_status":"closed","ping_status":"closed","template":"elementor_header_footer","meta":{"footnotes":""},"class_list":["post-5724","page","type-page","status-publish","has-post-thumbnail","hentry"],"_links":{"self":[{"href":"https:\/\/bakudanismanlik.com\/index.php\/wp-json\/wp\/v2\/pages\/5724","targetHints":{"allow":["GET"]}}],"collection":[{"href":"https:\/\/bakudanismanlik.com\/index.php\/wp-json\/wp\/v2\/pages"}],"about":[{"href":"https:\/\/bakudanismanlik.com\/index.php\/wp-json\/wp\/v2\/types\/page"}],"author":[{"embeddable":true,"href":"https:\/\/bakudanismanlik.com\/index.php\/wp-json\/wp\/v2\/users\/1"}],"replies":[{"embeddable":true,"href":"https:\/\/bakudanismanlik.com\/index.php\/wp-json\/wp\/v2\/comments?post=5724"}],"version-history":[{"count":7,"href":"https:\/\/bakudanismanlik.com\/index.php\/wp-json\/wp\/v2\/pages\/5724\/revisions"}],"predecessor-version":[{"id":5997,"href":"https:\/\/bakudanismanlik.com\/index.php\/wp-json\/wp\/v2\/pages\/5724\/revisions\/5997"}],"wp:featuredmedia":[{"embeddable":true,"href":"https:\/\/bakudanismanlik.com\/index.php\/wp-json\/wp\/v2\/media\/352"}],"wp:attachment":[{"href":"https:\/\/bakudanismanlik.com\/index.php\/wp-json\/wp\/v2\/media?parent=5724"}],"curies":[{"name":"wp","href":"https:\/\/api.w.org\/{rel}","templated":true}]}}