{"id":5804,"date":"2023-05-22T21:24:11","date_gmt":"2023-05-22T18:24:11","guid":{"rendered":"https:\/\/bakudanismanlik.com\/?page_id=5804"},"modified":"2023-05-22T22:54:17","modified_gmt":"2023-05-22T19:54:17","slug":"sinir-disi-kararina-itiraz","status":"publish","type":"page","link":"https:\/\/bakudanismanlik.com\/index.php\/sinir-disi-kararina-itiraz\/","title":{"rendered":"S\u0131n\u0131r D\u0131\u015f\u0131 Karar\u0131na \u0130tiraz"},"content":{"rendered":"\t\t<div data-elementor-type=\"wp-page\" data-elementor-id=\"5804\" class=\"elementor elementor-5804\">\n\t\t\t\t\t\t<section class=\"elementor-section elementor-top-section elementor-element elementor-element-e1dd29d elementor-section-boxed elementor-section-height-default elementor-section-height-default\" data-id=\"e1dd29d\" data-element_type=\"section\">\n\t\t\t\t\t\t<div class=\"elementor-container elementor-column-gap-default\">\n\t\t\t\t\t<div class=\"elementor-column elementor-col-50 elementor-top-column elementor-element elementor-element-72ce8f4\" data-id=\"72ce8f4\" data-element_type=\"column\">\n\t\t\t<div class=\"elementor-widget-wrap elementor-element-populated\">\n\t\t\t\t\t\t<div class=\"elementor-element elementor-element-6a3dd42 elementor-widget elementor-widget-heading\" data-id=\"6a3dd42\" data-element_type=\"widget\" data-widget_type=\"heading.default\">\n\t\t\t\t<div class=\"elementor-widget-container\">\n\t\t\t<style>\/*! elementor - v3.21.0 - 30-04-2024 *\/\n.elementor-heading-title{padding:0;margin:0;line-height:1}.elementor-widget-heading .elementor-heading-title[class*=elementor-size-]>a{color:inherit;font-size:inherit;line-height:inherit}.elementor-widget-heading .elementor-heading-title.elementor-size-small{font-size:15px}.elementor-widget-heading .elementor-heading-title.elementor-size-medium{font-size:19px}.elementor-widget-heading .elementor-heading-title.elementor-size-large{font-size:29px}.elementor-widget-heading .elementor-heading-title.elementor-size-xl{font-size:39px}.elementor-widget-heading .elementor-heading-title.elementor-size-xxl{font-size:59px}<\/style><h2 class=\"elementor-heading-title elementor-size-default\">S\u0131n\u0131r D\u0131\u015f\u0131 Karar\u0131na \u0130tiraz<\/h2>\t\t<\/div>\n\t\t\t\t<\/div>\n\t\t\t\t<div class=\"elementor-element elementor-element-fee4d3a elementor-widget elementor-widget-text-editor\" data-id=\"fee4d3a\" data-element_type=\"widget\" data-widget_type=\"text-editor.default\">\n\t\t\t\t<div class=\"elementor-widget-container\">\n\t\t\t<style>\/*! elementor - v3.21.0 - 30-04-2024 *\/\n.elementor-widget-text-editor.elementor-drop-cap-view-stacked .elementor-drop-cap{background-color:#69727d;color:#fff}.elementor-widget-text-editor.elementor-drop-cap-view-framed .elementor-drop-cap{color:#69727d;border:3px solid;background-color:transparent}.elementor-widget-text-editor:not(.elementor-drop-cap-view-default) .elementor-drop-cap{margin-top:8px}.elementor-widget-text-editor:not(.elementor-drop-cap-view-default) .elementor-drop-cap-letter{width:1em;height:1em}.elementor-widget-text-editor .elementor-drop-cap{float:left;text-align:center;line-height:1;font-size:50px}.elementor-widget-text-editor .elementor-drop-cap-letter{display:inline-block}<\/style>\t\t\t\t<p>Bilindi\u011fi gibi ola\u011fan\u00fcst\u00fc hal uygulamas\u0131 ile birlikte toplu ula\u015f\u0131m ara\u00e7lar\u0131nda, caddelerde, al\u0131\u015fveri\u015f merkezlerinde, e\u011flence yerlerinde ve i\u015f yerlerinde yabanc\u0131 uyruklu ki\u015filere y\u00f6nelik kolluk kuvvetleri taraf\u0131ndan yap\u0131lan rutin kontrollerin say\u0131s\u0131 art\u0131r\u0131lm\u0131\u015ft\u0131r.<\/p><p>Yap\u0131lan kontrollerde \u00fclkemizde ya\u015fayan yabanc\u0131 uyruklu ki\u015filerden vize ihlali olanlar, ikamet izni veya \u00e7al\u0131\u015fma izinleri iptal edildi\u011fi halde halen T\u00fcrkiye\u2019de kalmaya devam ettikleri tespit edienler, \u00e7al\u0131\u015fma izinleri olmad\u0131klar\u0131 halde izinsiz \u00e7al\u0131\u015ft\u0131klar\u0131 tespit edilenler, T\u00fcrkiye\u2019ye yasa d\u0131\u015f\u0131 yollardan giri\u015f yapt\u0131klar\u0131 tespit edilenler, haklar\u0131nda \u00e7e\u015fitli nedenlerden dolay\u0131 tahdit kodu oldu\u011fu anla\u015f\u0131lanlar, genel ahlak kurallar\u0131 d\u0131\u015f\u0131nda davran\u0131\u015f sergileyenler veya daha \u00f6nce kendilerine T\u00fcrkiye\u2019den \u00e7\u0131kmalar\u0131 tebli\u011f edildi\u011fi halde T\u00fcrkiye\u2019den \u00e7\u0131k\u0131\u015f yapmad\u0131klar\u0131 tespit edilenler polis merkezlerine veya jandarma karakollar\u0131na getirilerek s\u0131n\u0131r d\u0131\u015f\u0131 edilmek \u00fczere idari g\u00f6zetim alt\u0131na al\u0131nmaktad\u0131r. Peki, idari g\u00f6zetim karar\u0131na itiraz edilebilir mi?\u00a0<\/p><p>Yabanc\u0131 uyruklu bir ki\u015fi i\u00e7in hakk\u0131nda hen\u00fcz s\u0131n\u0131r d\u0131\u015f\u0131 karar\u0131 al\u0131nmadan serbest kalabilir mi? Evet; idari g\u00f6zetim karar\u0131na itiraz edilebilir ve idari g\u00f6zetim alt\u0131na al\u0131nan yabanc\u0131lar serbest kalabilirler. Ancak bu baz\u0131 \u015fartlar alt\u0131nda bu m\u00fcmk\u00fcnd\u00fcr. Bunun i\u00e7in \u0130dari g\u00f6zetim alt\u0131na al\u0131nan ki\u015fi veya yasal temsilcisi ya da avukat\u0131, \u00f6nce idari g\u00f6zetim karar\u0131na kar\u015f\u0131 sulh ceza h\u00e2kimli\u011fine ba\u015fvuru yapmal\u0131d\u0131r. Ancak yap\u0131lan ba\u015fvuru idari g\u00f6zetimi durdurmaz. Sulh ceza hakimli\u011fi gerekli incelemeleri yaparak ki\u015finin serbest kalmas\u0131na veya idari g\u00f6zetimin devam\u0131na karar verir.<\/p>\t\t\t\t\t\t<\/div>\n\t\t\t\t<\/div>\n\t\t\t\t<div class=\"elementor-element elementor-element-a2f528e elementor-widget elementor-widget-text-editor\" data-id=\"a2f528e\" data-element_type=\"widget\" data-widget_type=\"text-editor.default\">\n\t\t\t\t<div class=\"elementor-widget-container\">\n\t\t\t\t\t\t\t<p>Baku Dan\u0131\u015fmanl\u0131k olarak t\u00fcm s\u00fcre\u00e7te sizlere dan\u0131\u015fmanl\u0131k vermekteyiz. Hemen bizimle 0543 312 04 20 numaral\u0131 telefondan ileti\u015fime ge\u00e7ebilirsiniz.<\/p>\t\t\t\t\t\t<\/div>\n\t\t\t\t<\/div>\n\t\t\t\t<div class=\"elementor-element elementor-element-51ecd31 elementor-widget elementor-widget-button\" data-id=\"51ecd31\" data-element_type=\"widget\" data-widget_type=\"button.default\">\n\t\t\t\t<div class=\"elementor-widget-container\">\n\t\t\t\t\t<div class=\"elementor-button-wrapper\">\n\t\t\t<a class=\"elementor-button elementor-button-link elementor-size-md\" href=\"https:\/\/api.whatsapp.com\/send\/?phone=905433120420&#038;text=Merhaba&#038;type=phone_number&#038;app_absent=0\">\n\t\t\t\t\t\t<span class=\"elementor-button-content-wrapper\">\n\t\t\t\t\t\t<span class=\"elementor-button-icon elementor-align-icon-left\">\n\t\t\t\t<i aria-hidden=\"true\" class=\"fab fa-whatsapp\"><\/i>\t\t\t<\/span>\n\t\t\t\t\t\t\t\t\t<span class=\"elementor-button-text\">WhatsApp Destek Hatt\u0131<\/span>\n\t\t\t\t\t<\/span>\n\t\t\t\t\t<\/a>\n\t\t<\/div>\n\t\t\t\t<\/div>\n\t\t\t\t<\/div>\n\t\t\t\t\t<\/div>\n\t\t<\/div>\n\t\t\t\t<div class=\"elementor-column elementor-col-50 elementor-top-column elementor-element elementor-element-bef0398\" data-id=\"bef0398\" data-element_type=\"column\">\n\t\t\t<div class=\"elementor-widget-wrap elementor-element-populated\">\n\t\t\t\t\t\t<div class=\"elementor-element elementor-element-9d5dbbc elementor-widget elementor-widget-image\" data-id=\"9d5dbbc\" data-element_type=\"widget\" data-widget_type=\"image.default\">\n\t\t\t\t<div class=\"elementor-widget-container\">\n\t\t\t<style>\/*! elementor - v3.21.0 - 30-04-2024 *\/\n.elementor-widget-image{text-align:center}.elementor-widget-image a{display:inline-block}.elementor-widget-image a img[src$=\".svg\"]{width:48px}.elementor-widget-image img{vertical-align:middle;display:inline-block}<\/style>\t\t\t\t\t\t\t\t\t\t<img fetchpriority=\"high\" decoding=\"async\" width=\"560\" height=\"496\" src=\"https:\/\/bakudanismanlik.com\/wp-content\/uploads\/2023\/05\/home1_img_1-1-1-560x496-1.png\" class=\"attachment-large size-large wp-image-5975\" alt=\"\" srcset=\"https:\/\/bakudanismanlik.com\/wp-content\/uploads\/2023\/05\/home1_img_1-1-1-560x496-1.png 560w, https:\/\/bakudanismanlik.com\/wp-content\/uploads\/2023\/05\/home1_img_1-1-1-560x496-1-300x266.png 300w\" sizes=\"(max-width: 560px) 100vw, 560px\" \/>\t\t\t\t\t\t\t\t\t\t\t\t\t<\/div>\n\t\t\t\t<\/div>\n\t\t\t\t\t<\/div>\n\t\t<\/div>\n\t\t\t\t\t<\/div>\n\t\t<\/section>\n\t\t\t\t<section class=\"elementor-section elementor-top-section elementor-element elementor-element-54a068b elementor-section-boxed elementor-section-height-default elementor-section-height-default\" data-id=\"54a068b\" data-element_type=\"section\">\n\t\t\t\t\t\t<div class=\"elementor-container elementor-column-gap-default\">\n\t\t\t\t\t<div class=\"elementor-column elementor-col-100 elementor-top-column elementor-element elementor-element-112abb2\" data-id=\"112abb2\" data-element_type=\"column\">\n\t\t\t<div class=\"elementor-widget-wrap elementor-element-populated\">\n\t\t\t\t\t\t<div class=\"elementor-element elementor-element-a673ea2 elementor-widget elementor-widget-heading\" data-id=\"a673ea2\" data-element_type=\"widget\" data-widget_type=\"heading.default\">\n\t\t\t\t<div class=\"elementor-widget-container\">\n\t\t\t<h2 class=\"elementor-heading-title elementor-size-default\">Hakk\u0131n\u0131zda Al\u0131nan S\u0131n\u0131r D\u0131\u015f\u0131 Karar\u0131na \u0130tiraz Edilebilirsiniz. \n<\/h2>\t\t<\/div>\n\t\t\t\t<\/div>\n\t\t\t\t<div class=\"elementor-element elementor-element-7eb225a elementor-widget elementor-widget-text-editor\" data-id=\"7eb225a\" data-element_type=\"widget\" data-widget_type=\"text-editor.default\">\n\t\t\t\t<div class=\"elementor-widget-container\">\n\t\t\t\t\t\t\t<p class=\"alignLeft   font_8 wixui-rich-text__text\"><span class=\"wixui-rich-text__text\">Polis merkezlerinde\u00a0veya jandarma karakollar\u0131nda idari \u00a0g\u00f6zetim alt\u0131ndaki yabanc\u0131 uyruklu ki\u015filer haklar\u0131nda y\u00fcr\u00fct\u00fclen soru\u015fturma tamamland\u0131ktan sonra, ki\u015fi hakk\u0131nda s\u0131n\u0131r d\u0131\u015f\u0131 karar\u0131 al\u0131nmak \u00fczere\u00a0G\u00f6\u00e7 \u0130daresinin sorumlulu\u011funda bulunan geri g\u00f6nderme merkezlerine g\u00f6t\u00fcr\u00fcl\u00fcr.<\/span><\/p><p class=\"font_8 wixui-rich-text__text\"><span class=\"wixui-rich-text__text\">Geri g\u00f6nderme merkezlerine\u00a0getirilen yabanc\u0131 uyruklu ki\u015filer i\u00e7in\u00a0 en ge\u00e7\u00a048 saat i\u00e7erisinde \u00a0s\u0131n\u0131r d\u0131\u015f\u0131 karar\u0131 al\u0131n\u0131r\u00a0ve sonras\u0131nda s\u0131n\u0131r d\u0131\u015f\u0131 edilirler.<\/span><\/p><p class=\"font_8 wixui-rich-text__text\"><span class=\"wixui-rich-text__text\">Peki; S\u0131n\u0131r d\u0131\u015f\u0131 karar\u0131 etme kimler i\u00e7in al\u0131n\u0131r?<\/span><\/p><ul class=\"font_8 wixui-rich-text__text\"><li class=\"wixui-rich-text__text\"><p class=\"font_8 wixui-rich-text__text\"><span class=\"wixui-rich-text__text\">Ter\u00f6r \u00f6rg\u00fct\u00fc veya \u00e7\u0131kar ama\u00e7l\u0131 su\u00e7 \u00f6rg\u00fct\u00fc y\u00f6neticisi, \u00fcyesi veya destekleyicisi olanlar,<\/span><\/p><\/li><li class=\"wixui-rich-text__text\"><p class=\"font_8 wixui-rich-text__text\"><span class=\"wixui-rich-text__text\">T\u00fcrkiye\u2019ye giri\u015f, vize ve ikamet izinleri i\u00e7in yap\u0131lan i\u015flemlerde ger\u00e7ek d\u0131\u015f\u0131 bilgi ve sahte belge kullananlar,<\/span><\/p><\/li><li class=\"wixui-rich-text__text\"><p class=\"font_8 wixui-rich-text__text\"><span class=\"wixui-rich-text__text\">T\u00fcrkiye\u2019de bulundu\u011fu s\u00fcre zarf\u0131nda ge\u00e7imini me\u015fru olmayan yollardan sa\u011flayanlar,<\/span><\/p><\/li><li class=\"wixui-rich-text__text\"><p class=\"font_8 wixui-rich-text__text\"><span class=\"wixui-rich-text__text\">Kamu d\u00fczeni veya kamu g\u00fcvenli\u011fi ya da kamu sa\u011fl\u0131\u011f\u0131 a\u00e7\u0131s\u0131ndan tehdit olu\u015fturanlar,<\/span><\/p><\/li><li class=\"wixui-rich-text__text\"><p class=\"font_8 wixui-rich-text__text\"><span class=\"wixui-rich-text__text\">Vize veya vize muafiyeti s\u00fcresini on g\u00fcnden fazla a\u015fanlar veya vizesi iptal edilenler,<\/span><\/p><\/li><li class=\"wixui-rich-text__text\"><p class=\"font_8 wixui-rich-text__text\"><span class=\"wixui-rich-text__text\">\u0130kamet izinleri iptal edilenler,<\/span><\/p><\/li><li class=\"wixui-rich-text__text\"><p class=\"font_8 wixui-rich-text__text\"><span class=\"wixui-rich-text__text\">\u0130kamet izni bulunup da s\u00fcresinin sona ermesinden itibaren kabul edilebilir gerek\u00e7esi olmadan ikamet izni s\u00fcresini on g\u00fcnden fazla ihlal edenler,<\/span><\/p><\/li><li class=\"wixui-rich-text__text\"><p class=\"font_8 wixui-rich-text__text\"><span class=\"wixui-rich-text__text\">\u00c7al\u0131\u015fma izni olmadan \u00e7al\u0131\u015ft\u0131\u011f\u0131 tespit edilenler,<\/span><\/p><\/li><li class=\"wixui-rich-text__text\"><p class=\"font_8 wixui-rich-text__text\"><span class=\"wixui-rich-text__text\">T\u00fcrkiye\u2019ye yasal giri\u015f veya T\u00fcrkiye\u2019den yasal \u00e7\u0131k\u0131\u015f h\u00fck\u00fcmlerini ihlal edenler,<\/span><\/p><\/li><li class=\"wixui-rich-text__text\"><p class=\"font_8 wixui-rich-text__text\"><span class=\"wixui-rich-text__text\">Hakk\u0131nda T\u00fcrkiye\u2019ye giri\u015f yasa\u011f\u0131 bulunmas\u0131na ra\u011fmen T\u00fcrkiye\u2019ye geldi\u011fi tespit edilenler,<\/span><\/p><\/li><li class=\"wixui-rich-text__text\"><p class=\"font_8 wixui-rich-text__text\"><span class=\"wixui-rich-text__text\">Uluslararas\u0131 koruma ba\u015fvurusu reddedilenler, uluslararas\u0131 korumadan hari\u00e7te tutulanlar, uluslararas\u0131 koruma ba\u015fvurusu kabul edilemez olarak de\u011ferlendirilenler, uluslararas\u0131 koruma ba\u015fvurusunu geri \u00e7ekenler, uluslararas\u0131 koruma ba\u015fvurusu geri \u00e7ekilmi\u015f say\u0131lanlar, uluslararas\u0131 koruma stat\u00fcleri sona eren veya iptal edilenlerden haklar\u0131nda verilen son karardan sonra 6458 Say\u0131l\u0131 Kanunun di\u011fer h\u00fck\u00fcmlerine g\u00f6re T\u00fcrkiye\u2019de kalma hakk\u0131 bulunmayanlar,<\/span><\/p><\/li><li class=\"wixui-rich-text__text\"><p class=\"font_8 wixui-rich-text__text\"><span class=\"wixui-rich-text__text\">\u0130kamet izni uzatma ba\u015fvurular\u0131 reddedilenlerden, on g\u00fcn i\u00e7inde T\u00fcrkiye\u2019den \u00e7\u0131k\u0131\u015f yapmayanlar,<\/span><\/p><\/li><li class=\"wixui-rich-text__text\"><p class=\"font_8 wixui-rich-text__text\"><span class=\"wixui-rich-text__text\">Uluslararas\u0131 koruma ba\u015fvuru sahibi veya uluslararas\u0131 koruma stat\u00fcs\u00fc sahibi olup \u00fclke g\u00fcvenli\u011fi i\u00e7in tehlike olu\u015fturdu\u011funa dair ciddi emareler bulunanlar,<\/span><\/p><\/li><li class=\"wixui-rich-text__text\"><p class=\"font_8 wixui-rich-text__text\"><span class=\"wixui-rich-text__text\">Uluslararas\u0131 koruma ba\u015fvuru sahibi veya uluslararas\u0131 koruma stat\u00fcs\u00fc sahibi olup kamu d\u00fczeni a\u00e7\u0131s\u0131ndan tehlike olu\u015fturan bir su\u00e7tan kesin h\u00fck\u00fcm giyenler,<\/span><\/p><\/li><\/ul><p class=\"font_8 wixui-rich-text__text\"><span class=\"wixui-rich-text__text\">Hakk\u0131nda s\u0131n\u0131r d\u0131\u015f\u0131 karar\u0131 al\u0131n\u0131r.<\/span><\/p><p class=\"font_8 wixui-rich-text__text\"><span class=\"wixui-rich-text__text\">Hakk\u0131n\u0131zda verilmi\u015f s\u0131n\u0131r d\u0131\u015f\u0131 etme karar\u0131na itiraz edilebilirsiniz.\u00a0Bunun i\u00e7in hakk\u0131nda s\u0131n\u0131r d\u0131\u015f\u0131 etme karar\u0131\u00a0al\u0131nan ki\u015fi veya yasal temsilcisi ya da avukat\u0131, s\u0131n\u0131r d\u0131\u015f\u0131\u00a0karar\u0131na kar\u015f\u0131\u00a0idare mahkemesine\u00a0 ba\u015fvuru yapmal\u0131d\u0131r.<\/span><\/p><p class=\"font_8 wixui-rich-text__text\"><span class=\"wixui-rich-text__text\">\u0130dare mahkemesine yap\u0131lan ba\u015fvuru ile birlikte s\u0131n\u0131r d\u0131\u015f\u0131 etme i\u015flemleri durur.<\/span><\/p><p class=\"font_8 wixui-rich-text__text\"><span class=\"wixui-rich-text__text\">Hakk\u0131n\u0131zda al\u0131nm\u0131\u015f s\u0131n\u0131r d\u0131\u015f\u0131 etme karar\u0131na itiraz etmek ne kadar do\u011fru?<\/span><\/p><p class=\"font_8 wixui-rich-text__text\"><span class=\"wixui-rich-text__text\">S\u0131n\u0131r d\u0131\u015f\u0131 karar\u0131na itiraz etmek size ne kazand\u0131rabilir?<\/span><\/p><p class=\"font_8 wixui-rich-text__text\"><span class=\"wixui-rich-text__text\">S\u0131n\u0131r d\u0131\u015f\u0131 karar\u0131na itiraz ederek T\u00fcrkiye&#8217;de kalabilir misiniz?\u00a0<\/span><\/p><p class=\"font_8 wixui-rich-text__text\"><span class=\"wixui-rich-text__text\">Bu sorular\u0131n\u0131z\u0131n cevab\u0131 ve daha fazlas\u0131 i\u00e7in uzman bir avukattan destek alman\u0131z\u0131 tavsiye ederiz. Barolar size bu konuda destek sa\u011flayabilir.<\/span><\/p>\t\t\t\t\t\t<\/div>\n\t\t\t\t<\/div>\n\t\t\t\t<div class=\"elementor-element elementor-element-50cb291 elementor-widget elementor-widget-button\" data-id=\"50cb291\" data-element_type=\"widget\" data-widget_type=\"button.default\">\n\t\t\t\t<div class=\"elementor-widget-container\">\n\t\t\t\t\t<div class=\"elementor-button-wrapper\">\n\t\t\t<a class=\"elementor-button elementor-button-link elementor-size-md\" href=\"https:\/\/api.whatsapp.com\/send\/?phone=905433120420&#038;text=Merhaba&#038;type=phone_number&#038;app_absent=0\">\n\t\t\t\t\t\t<span class=\"elementor-button-content-wrapper\">\n\t\t\t\t\t\t<span class=\"elementor-button-icon elementor-align-icon-left\">\n\t\t\t\t<i aria-hidden=\"true\" class=\"fab fa-whatsapp\"><\/i>\t\t\t<\/span>\n\t\t\t\t\t\t\t\t\t<span class=\"elementor-button-text\">WhatsApp Destek Hatt\u0131<\/span>\n\t\t\t\t\t<\/span>\n\t\t\t\t\t<\/a>\n\t\t<\/div>\n\t\t\t\t<\/div>\n\t\t\t\t<\/div>\n\t\t\t\t\t<\/div>\n\t\t<\/div>\n\t\t\t\t\t<\/div>\n\t\t<\/section>\n\t\t\t\t<\/div>\n\t\t","protected":false},"excerpt":{"rendered":"<p>S\u0131n\u0131r D\u0131\u015f\u0131 Karar\u0131na \u0130tiraz Bilindi\u011fi gibi ola\u011fan\u00fcst\u00fc hal uygulamas\u0131 ile birlikte toplu ula\u015f\u0131m ara\u00e7lar\u0131nda, caddelerde, al\u0131\u015fveri\u015f merkezlerinde, e\u011flence yerlerinde ve i\u015f yerlerinde yabanc\u0131 uyruklu ki\u015filere y\u00f6nelik kolluk kuvvetleri taraf\u0131ndan yap\u0131lan rutin kontrollerin say\u0131s\u0131 art\u0131r\u0131lm\u0131\u015ft\u0131r. Yap\u0131lan kontrollerde \u00fclkemizde ya\u015fayan yabanc\u0131 uyruklu ki\u015filerden vize ihlali olanlar, ikamet izni veya \u00e7al\u0131\u015fma izinleri iptal edildi\u011fi halde halen T\u00fcrkiye\u2019de kalmaya [&hellip;]<\/p>\n","protected":false},"author":1,"featured_media":352,"parent":0,"menu_order":0,"comment_status":"closed","ping_status":"closed","template":"elementor_header_footer","meta":{"footnotes":""},"class_list":["post-5804","page","type-page","status-publish","has-post-thumbnail","hentry"],"_links":{"self":[{"href":"https:\/\/bakudanismanlik.com\/index.php\/wp-json\/wp\/v2\/pages\/5804","targetHints":{"allow":["GET"]}}],"collection":[{"href":"https:\/\/bakudanismanlik.com\/index.php\/wp-json\/wp\/v2\/pages"}],"about":[{"href":"https:\/\/bakudanismanlik.com\/index.php\/wp-json\/wp\/v2\/types\/page"}],"author":[{"embeddable":true,"href":"https:\/\/bakudanismanlik.com\/index.php\/wp-json\/wp\/v2\/users\/1"}],"replies":[{"embeddable":true,"href":"https:\/\/bakudanismanlik.com\/index.php\/wp-json\/wp\/v2\/comments?post=5804"}],"version-history":[{"count":10,"href":"https:\/\/bakudanismanlik.com\/index.php\/wp-json\/wp\/v2\/pages\/5804\/revisions"}],"predecessor-version":[{"id":5984,"href":"https:\/\/bakudanismanlik.com\/index.php\/wp-json\/wp\/v2\/pages\/5804\/revisions\/5984"}],"wp:featuredmedia":[{"embeddable":true,"href":"https:\/\/bakudanismanlik.com\/index.php\/wp-json\/wp\/v2\/media\/352"}],"wp:attachment":[{"href":"https:\/\/bakudanismanlik.com\/index.php\/wp-json\/wp\/v2\/media?parent=5804"}],"curies":[{"name":"wp","href":"https:\/\/api.w.org\/{rel}","templated":true}]}}