{"id":5820,"date":"2023-05-22T21:30:42","date_gmt":"2023-05-22T18:30:42","guid":{"rendered":"https:\/\/bakudanismanlik.com\/?page_id=5820"},"modified":"2023-05-22T23:09:08","modified_gmt":"2023-05-22T20:09:08","slug":"profesyonel-egitim-danismanligi","status":"publish","type":"page","link":"https:\/\/bakudanismanlik.com\/index.php\/profesyonel-egitim-danismanligi\/","title":{"rendered":"Profesyonel E\u011fitim Dan\u0131\u015fmanl\u0131\u011f\u0131"},"content":{"rendered":"\t\t<div data-elementor-type=\"wp-page\" data-elementor-id=\"5820\" class=\"elementor elementor-5820\">\n\t\t\t\t\t\t<section class=\"elementor-section elementor-top-section elementor-element elementor-element-e1dd29d elementor-section-boxed elementor-section-height-default elementor-section-height-default\" data-id=\"e1dd29d\" data-element_type=\"section\">\n\t\t\t\t\t\t<div class=\"elementor-container elementor-column-gap-default\">\n\t\t\t\t\t<div class=\"elementor-column elementor-col-50 elementor-top-column elementor-element elementor-element-72ce8f4\" data-id=\"72ce8f4\" data-element_type=\"column\">\n\t\t\t<div class=\"elementor-widget-wrap elementor-element-populated\">\n\t\t\t\t\t\t<div class=\"elementor-element elementor-element-a673ea2 elementor-widget elementor-widget-heading\" data-id=\"a673ea2\" data-element_type=\"widget\" data-widget_type=\"heading.default\">\n\t\t\t\t<div class=\"elementor-widget-container\">\n\t\t\t<style>\/*! elementor - v3.21.0 - 30-04-2024 *\/\n.elementor-heading-title{padding:0;margin:0;line-height:1}.elementor-widget-heading .elementor-heading-title[class*=elementor-size-]>a{color:inherit;font-size:inherit;line-height:inherit}.elementor-widget-heading .elementor-heading-title.elementor-size-small{font-size:15px}.elementor-widget-heading .elementor-heading-title.elementor-size-medium{font-size:19px}.elementor-widget-heading .elementor-heading-title.elementor-size-large{font-size:29px}.elementor-widget-heading .elementor-heading-title.elementor-size-xl{font-size:39px}.elementor-widget-heading .elementor-heading-title.elementor-size-xxl{font-size:59px}<\/style><h2 class=\"elementor-heading-title elementor-size-default\">Profesyonel E\u011fitim Dan\u0131\u015fmanl\u0131\u011f\u0131\n<\/h2>\t\t<\/div>\n\t\t\t\t<\/div>\n\t\t\t\t<div class=\"elementor-element elementor-element-fee4d3a elementor-widget elementor-widget-text-editor\" data-id=\"fee4d3a\" data-element_type=\"widget\" data-widget_type=\"text-editor.default\">\n\t\t\t\t<div class=\"elementor-widget-container\">\n\t\t\t<style>\/*! elementor - v3.21.0 - 30-04-2024 *\/\n.elementor-widget-text-editor.elementor-drop-cap-view-stacked .elementor-drop-cap{background-color:#69727d;color:#fff}.elementor-widget-text-editor.elementor-drop-cap-view-framed .elementor-drop-cap{color:#69727d;border:3px solid;background-color:transparent}.elementor-widget-text-editor:not(.elementor-drop-cap-view-default) .elementor-drop-cap{margin-top:8px}.elementor-widget-text-editor:not(.elementor-drop-cap-view-default) .elementor-drop-cap-letter{width:1em;height:1em}.elementor-widget-text-editor .elementor-drop-cap{float:left;text-align:center;line-height:1;font-size:50px}.elementor-widget-text-editor .elementor-drop-cap-letter{display:inline-block}<\/style>\t\t\t\t<p>E\u011fer, hayat\u0131m\u0131z\u0131 bir gemiye benzetecek olursak do\u011fru y\u00f6nde ilerlememiz i\u00e7in kaptan koltu\u011funda E\u011e\u0130T\u0130M\u0130N olmas\u0131 gerekiyor. E\u011fitim, se\u00e7imimiz geri kalan b\u00fct\u00fcn \u00f6mr\u00fcm\u00fcz\u00fcn rotas\u0131n\u0131 \u00e7izmek g\u00fcc\u00fcne sahiptir. Bu nedenle b\u00f6yle bir \u00f6nemli karara varmadan \u00f6nce mutlaka bir uzman g\u00f6r\u00fc\u015f\u00fc al\u0131nmas\u0131 \u00f6nerilmektedir. Baku Dan\u0131\u015fmanl\u0131k yabanc\u0131 \u00f6\u011frencilerin bu \u00f6nemli karar\u0131 verebilmesi i\u00e7in rehber niteli\u011finde bir hizmet s\u00fcn\u00fcyor. Kurumumuz size kaliteli hizmet verebilmek ad\u0131na en iyi e\u011fitim standartlar\u0131 uygulanan \u00fcniversitelerle anla\u015fmalar yap\u0131yor, bizzat g\u00f6r\u00fc\u015fmeler ger\u00e7ekle\u015ftirerek bilgi ediniyor. Baku&nbsp;Dan\u0131\u015fmanl\u0131k \u015firketinin bu alandaki faaliyeti sadece \u00fcniversite ve b\u00f6l\u00fcm se\u00e7imi ile s\u0131n\u0131rl\u0131 kalmay\u0131p ayn\u0131 zamanda vize al\u0131nmas\u0131 u\u00e7u\u015f plan\u0131n\u0131z\u0131n yap\u0131lmas\u0131 kar\u015f\u0131lama konaklama gibi konular\u0131 da kaps\u0131yor. Sonsuz se\u00e7enekler aras\u0131nda kaybolmadan ama\u00e7 ve beklentilerinize g\u00f6re ayn\u0131 zamanda b\u00fct\u00e7enize uygun se\u00e7imler yapman\u0131za olanak sa\u011fl\u0131yoruz. Siz de gelece\u011finizi in\u015fa etme yolunda att\u0131\u011f\u0131n\u0131z bu ad\u0131mda profesyonel destekten yararlan\u0131n.<\/p>\t\t\t\t\t\t<\/div>\n\t\t\t\t<\/div>\n\t\t\t\t<div class=\"elementor-element elementor-element-51ecd31 elementor-widget elementor-widget-button\" data-id=\"51ecd31\" data-element_type=\"widget\" data-widget_type=\"button.default\">\n\t\t\t\t<div class=\"elementor-widget-container\">\n\t\t\t\t\t<div class=\"elementor-button-wrapper\">\n\t\t\t<a class=\"elementor-button elementor-button-link elementor-size-md\" href=\"https:\/\/api.whatsapp.com\/send\/?phone=905433120420&#038;text=Merhaba&#038;type=phone_number&#038;app_absent=0\">\n\t\t\t\t\t\t<span class=\"elementor-button-content-wrapper\">\n\t\t\t\t\t\t<span class=\"elementor-button-icon elementor-align-icon-left\">\n\t\t\t\t<i aria-hidden=\"true\" class=\"fab fa-whatsapp\"><\/i>\t\t\t<\/span>\n\t\t\t\t\t\t\t\t\t<span class=\"elementor-button-text\">WhatsApp Destek Hatt\u0131<\/span>\n\t\t\t\t\t<\/span>\n\t\t\t\t\t<\/a>\n\t\t<\/div>\n\t\t\t\t<\/div>\n\t\t\t\t<\/div>\n\t\t\t\t\t<\/div>\n\t\t<\/div>\n\t\t\t\t<div class=\"elementor-column elementor-col-50 elementor-top-column elementor-element elementor-element-bef0398\" data-id=\"bef0398\" data-element_type=\"column\">\n\t\t\t<div class=\"elementor-widget-wrap elementor-element-populated\">\n\t\t\t\t\t\t<div class=\"elementor-element elementor-element-9d5dbbc elementor-widget elementor-widget-image\" data-id=\"9d5dbbc\" data-element_type=\"widget\" data-widget_type=\"image.default\">\n\t\t\t\t<div class=\"elementor-widget-container\">\n\t\t\t<style>\/*! elementor - v3.21.0 - 30-04-2024 *\/\n.elementor-widget-image{text-align:center}.elementor-widget-image a{display:inline-block}.elementor-widget-image a img[src$=\".svg\"]{width:48px}.elementor-widget-image img{vertical-align:middle;display:inline-block}<\/style>\t\t\t\t\t\t\t\t\t\t<img fetchpriority=\"high\" decoding=\"async\" width=\"560\" height=\"496\" src=\"https:\/\/bakudanismanlik.com\/wp-content\/uploads\/2023\/05\/home1_img_1-1-1-560x496-1-1.png\" class=\"attachment-large size-large wp-image-5991\" alt=\"\" srcset=\"https:\/\/bakudanismanlik.com\/wp-content\/uploads\/2023\/05\/home1_img_1-1-1-560x496-1-1.png 560w, https:\/\/bakudanismanlik.com\/wp-content\/uploads\/2023\/05\/home1_img_1-1-1-560x496-1-1-300x266.png 300w\" sizes=\"(max-width: 560px) 100vw, 560px\" \/>\t\t\t\t\t\t\t\t\t\t\t\t\t<\/div>\n\t\t\t\t<\/div>\n\t\t\t\t\t<\/div>\n\t\t<\/div>\n\t\t\t\t\t<\/div>\n\t\t<\/section>\n\t\t\t\t<\/div>\n\t\t","protected":false},"excerpt":{"rendered":"<p>Profesyonel E\u011fitim Dan\u0131\u015fmanl\u0131\u011f\u0131 E\u011fer, hayat\u0131m\u0131z\u0131 bir gemiye benzetecek olursak do\u011fru y\u00f6nde ilerlememiz i\u00e7in kaptan koltu\u011funda E\u011e\u0130T\u0130M\u0130N olmas\u0131 gerekiyor. E\u011fitim, se\u00e7imimiz geri kalan b\u00fct\u00fcn \u00f6mr\u00fcm\u00fcz\u00fcn rotas\u0131n\u0131 \u00e7izmek g\u00fcc\u00fcne sahiptir. Bu nedenle b\u00f6yle bir \u00f6nemli karara varmadan \u00f6nce mutlaka bir uzman g\u00f6r\u00fc\u015f\u00fc al\u0131nmas\u0131 \u00f6nerilmektedir. Baku Dan\u0131\u015fmanl\u0131k yabanc\u0131 \u00f6\u011frencilerin bu \u00f6nemli karar\u0131 verebilmesi i\u00e7in rehber niteli\u011finde bir hizmet [&hellip;]<\/p>\n","protected":false},"author":1,"featured_media":352,"parent":0,"menu_order":0,"comment_status":"closed","ping_status":"closed","template":"elementor_header_footer","meta":{"footnotes":""},"class_list":["post-5820","page","type-page","status-publish","has-post-thumbnail","hentry"],"_links":{"self":[{"href":"https:\/\/bakudanismanlik.com\/index.php\/wp-json\/wp\/v2\/pages\/5820","targetHints":{"allow":["GET"]}}],"collection":[{"href":"https:\/\/bakudanismanlik.com\/index.php\/wp-json\/wp\/v2\/pages"}],"about":[{"href":"https:\/\/bakudanismanlik.com\/index.php\/wp-json\/wp\/v2\/types\/page"}],"author":[{"embeddable":true,"href":"https:\/\/bakudanismanlik.com\/index.php\/wp-json\/wp\/v2\/users\/1"}],"replies":[{"embeddable":true,"href":"https:\/\/bakudanismanlik.com\/index.php\/wp-json\/wp\/v2\/comments?post=5820"}],"version-history":[{"count":13,"href":"https:\/\/bakudanismanlik.com\/index.php\/wp-json\/wp\/v2\/pages\/5820\/revisions"}],"predecessor-version":[{"id":6067,"href":"https:\/\/bakudanismanlik.com\/index.php\/wp-json\/wp\/v2\/pages\/5820\/revisions\/6067"}],"wp:featuredmedia":[{"embeddable":true,"href":"https:\/\/bakudanismanlik.com\/index.php\/wp-json\/wp\/v2\/media\/352"}],"wp:attachment":[{"href":"https:\/\/bakudanismanlik.com\/index.php\/wp-json\/wp\/v2\/media?parent=5820"}],"curies":[{"name":"wp","href":"https:\/\/api.w.org\/{rel}","templated":true}]}}