{"id":5828,"date":"2023-05-22T21:31:51","date_gmt":"2023-05-22T18:31:51","guid":{"rendered":"https:\/\/bakudanismanlik.com\/?page_id=5828"},"modified":"2023-05-22T23:08:59","modified_gmt":"2023-05-22T20:08:59","slug":"indirimli-universite","status":"publish","type":"page","link":"https:\/\/bakudanismanlik.com\/index.php\/indirimli-universite\/","title":{"rendered":"\u0130ndirimli \u00dcniversite"},"content":{"rendered":"\t\t<div data-elementor-type=\"wp-page\" data-elementor-id=\"5828\" class=\"elementor elementor-5828\">\n\t\t\t\t\t\t<section class=\"elementor-section elementor-top-section elementor-element elementor-element-e1dd29d elementor-section-boxed elementor-section-height-default elementor-section-height-default\" data-id=\"e1dd29d\" data-element_type=\"section\">\n\t\t\t\t\t\t<div class=\"elementor-container elementor-column-gap-default\">\n\t\t\t\t\t<div class=\"elementor-column elementor-col-50 elementor-top-column elementor-element elementor-element-72ce8f4\" data-id=\"72ce8f4\" data-element_type=\"column\">\n\t\t\t<div class=\"elementor-widget-wrap elementor-element-populated\">\n\t\t\t\t\t\t<div class=\"elementor-element elementor-element-a673ea2 elementor-widget elementor-widget-heading\" data-id=\"a673ea2\" data-element_type=\"widget\" data-widget_type=\"heading.default\">\n\t\t\t\t<div class=\"elementor-widget-container\">\n\t\t\t<style>\/*! elementor - v3.21.0 - 30-04-2024 *\/\n.elementor-heading-title{padding:0;margin:0;line-height:1}.elementor-widget-heading .elementor-heading-title[class*=elementor-size-]>a{color:inherit;font-size:inherit;line-height:inherit}.elementor-widget-heading .elementor-heading-title.elementor-size-small{font-size:15px}.elementor-widget-heading .elementor-heading-title.elementor-size-medium{font-size:19px}.elementor-widget-heading .elementor-heading-title.elementor-size-large{font-size:29px}.elementor-widget-heading .elementor-heading-title.elementor-size-xl{font-size:39px}.elementor-widget-heading .elementor-heading-title.elementor-size-xxl{font-size:59px}<\/style><h2 class=\"elementor-heading-title elementor-size-default\">\u0130ndirimli \u00dcniversite\n<\/h2>\t\t<\/div>\n\t\t\t\t<\/div>\n\t\t\t\t<div class=\"elementor-element elementor-element-fee4d3a elementor-widget elementor-widget-text-editor\" data-id=\"fee4d3a\" data-element_type=\"widget\" data-widget_type=\"text-editor.default\">\n\t\t\t\t<div class=\"elementor-widget-container\">\n\t\t\t<style>\/*! elementor - v3.21.0 - 30-04-2024 *\/\n.elementor-widget-text-editor.elementor-drop-cap-view-stacked .elementor-drop-cap{background-color:#69727d;color:#fff}.elementor-widget-text-editor.elementor-drop-cap-view-framed .elementor-drop-cap{color:#69727d;border:3px solid;background-color:transparent}.elementor-widget-text-editor:not(.elementor-drop-cap-view-default) .elementor-drop-cap{margin-top:8px}.elementor-widget-text-editor:not(.elementor-drop-cap-view-default) .elementor-drop-cap-letter{width:1em;height:1em}.elementor-widget-text-editor .elementor-drop-cap{float:left;text-align:center;line-height:1;font-size:50px}.elementor-widget-text-editor .elementor-drop-cap-letter{display:inline-block}<\/style>\t\t\t\t<p class=\"font_8 wixui-rich-text__text\"><span class=\"wixui-rich-text__text\">G\u00fcn\u00fcm\u00fczde internetin yayg\u0131n&nbsp;kullan\u0131lmas\u0131yla insanlar bilgiye \u00e7ok kolay bir \u015fekilde ula\u015f\u0131yor. D\u00fcnyan\u0131n farkl\u0131 bir noktas\u0131ndaki her hangi bir kurumla ileti\u015fime ge\u00e7mek bir ka\u00e7 dakika zaman\u0131n\u0131z\u0131 al\u0131yor. Yurtd\u0131\u015f\u0131nda e\u011fitim almak isteyen gen\u00e7 kitlenin de bilgi i\u00e7in ilk ba\u015fvurdu\u011fu yer tabii ki internet oluyor. Bu yolla T\u00fcrkiye&#8217;deki e\u011fitim sistemi \u00fcniversiteler vs. hakk\u0131nda birden fazla bilgiye ula\u015fabilirsiniz.&nbsp;Ama unutmay\u0131n ki bu bilgiler&nbsp;kaotik bir \u015fekilde oldu\u011fu i\u00e7in kafa kar\u0131\u015f\u0131kl\u0131\u011f\u0131n\u0131 da beraberinde getirecek ve sizi i\u00e7inden \u00e7\u0131kamayaca\u011f\u0131n\u0131z bir duruma sokacakt\u0131r. Bu noktada dan\u0131\u015fmanl\u0131k almak i\u015finizi fazlas\u0131yla kolayla\u015ft\u0131racakt\u0131r.<\/span><\/p>\n<p class=\"font_8 wixui-rich-text__text\">\n<\/p><p class=\"font_8 wixui-rich-text__text\"><span class=\"wixui-rich-text__text\">Baku Dan\u0131\u015fmanl\u0131k&nbsp;sekt\u00f6rdeki yenilikleri s\u00fcrekli takip ediyor ve yabanc\u0131 \u00f6\u011frencilerin isteklerini dikkate alarak onlar\u0131n&nbsp;do\u011fru e\u011fitim plan\u0131&nbsp;kurmas\u0131nda yard\u0131mc\u0131 oluyoruz. T\u00fcrkiye&#8217;nin en \u00f6nde gelen \u00fcniversiteleriyle anla\u015fmalar sa\u011flad\u0131k ve listeyi g\u00fcnden g\u00fcne b\u00fcy\u00fct\u00fcyoruz. Bu da sizi sadece yo\u011fun bilgi ak\u0131\u015f\u0131n\u0131n i\u00e7inde kaybolmaktan kurtarm\u0131yor ayn\u0131 zamanda Baku&nbsp;Dan\u0131\u015fmanl\u0131k&nbsp;fark\u0131yla da&nbsp;%25 den ba\u015flayan&nbsp;indirim \u015fans\u0131n\u0131 da kazanm\u0131\u015f oluyorsunuz.<\/span><\/p>\t\t\t\t\t\t<\/div>\n\t\t\t\t<\/div>\n\t\t\t\t<div class=\"elementor-element elementor-element-51ecd31 elementor-widget elementor-widget-button\" data-id=\"51ecd31\" data-element_type=\"widget\" data-widget_type=\"button.default\">\n\t\t\t\t<div class=\"elementor-widget-container\">\n\t\t\t\t\t<div class=\"elementor-button-wrapper\">\n\t\t\t<a class=\"elementor-button elementor-button-link elementor-size-md\" href=\"https:\/\/api.whatsapp.com\/send\/?phone=905433120420&#038;text=Merhaba&#038;type=phone_number&#038;app_absent=0\">\n\t\t\t\t\t\t<span class=\"elementor-button-content-wrapper\">\n\t\t\t\t\t\t<span class=\"elementor-button-icon elementor-align-icon-left\">\n\t\t\t\t<i aria-hidden=\"true\" class=\"fab fa-whatsapp\"><\/i>\t\t\t<\/span>\n\t\t\t\t\t\t\t\t\t<span class=\"elementor-button-text\">WhatsApp Destek Hatt\u0131<\/span>\n\t\t\t\t\t<\/span>\n\t\t\t\t\t<\/a>\n\t\t<\/div>\n\t\t\t\t<\/div>\n\t\t\t\t<\/div>\n\t\t\t\t\t<\/div>\n\t\t<\/div>\n\t\t\t\t<div class=\"elementor-column elementor-col-50 elementor-top-column elementor-element elementor-element-bef0398\" data-id=\"bef0398\" data-element_type=\"column\">\n\t\t\t<div class=\"elementor-widget-wrap elementor-element-populated\">\n\t\t\t\t\t\t<div class=\"elementor-element elementor-element-9d5dbbc elementor-widget elementor-widget-image\" data-id=\"9d5dbbc\" data-element_type=\"widget\" data-widget_type=\"image.default\">\n\t\t\t\t<div class=\"elementor-widget-container\">\n\t\t\t<style>\/*! elementor - v3.21.0 - 30-04-2024 *\/\n.elementor-widget-image{text-align:center}.elementor-widget-image a{display:inline-block}.elementor-widget-image a img[src$=\".svg\"]{width:48px}.elementor-widget-image img{vertical-align:middle;display:inline-block}<\/style>\t\t\t\t\t\t\t\t\t\t<img fetchpriority=\"high\" decoding=\"async\" width=\"560\" height=\"496\" src=\"https:\/\/bakudanismanlik.com\/wp-content\/uploads\/2023\/05\/home1_img_1-1-1-560x496-1-1.png\" class=\"attachment-large size-large wp-image-5991\" alt=\"\" srcset=\"https:\/\/bakudanismanlik.com\/wp-content\/uploads\/2023\/05\/home1_img_1-1-1-560x496-1-1.png 560w, https:\/\/bakudanismanlik.com\/wp-content\/uploads\/2023\/05\/home1_img_1-1-1-560x496-1-1-300x266.png 300w\" sizes=\"(max-width: 560px) 100vw, 560px\" \/>\t\t\t\t\t\t\t\t\t\t\t\t\t<\/div>\n\t\t\t\t<\/div>\n\t\t\t\t\t<\/div>\n\t\t<\/div>\n\t\t\t\t\t<\/div>\n\t\t<\/section>\n\t\t\t\t<\/div>\n\t\t","protected":false},"excerpt":{"rendered":"<p>\u0130ndirimli \u00dcniversite G\u00fcn\u00fcm\u00fczde internetin yayg\u0131n&nbsp;kullan\u0131lmas\u0131yla insanlar bilgiye \u00e7ok kolay bir \u015fekilde ula\u015f\u0131yor. D\u00fcnyan\u0131n farkl\u0131 bir noktas\u0131ndaki her hangi bir kurumla ileti\u015fime ge\u00e7mek bir ka\u00e7 dakika zaman\u0131n\u0131z\u0131 al\u0131yor. Yurtd\u0131\u015f\u0131nda e\u011fitim almak isteyen gen\u00e7 kitlenin de bilgi i\u00e7in ilk ba\u015fvurdu\u011fu yer tabii ki internet oluyor. Bu yolla T\u00fcrkiye&#8217;deki e\u011fitim sistemi \u00fcniversiteler vs. hakk\u0131nda birden fazla bilgiye ula\u015fabilirsiniz.&nbsp;Ama [&hellip;]<\/p>\n","protected":false},"author":1,"featured_media":352,"parent":0,"menu_order":0,"comment_status":"closed","ping_status":"closed","template":"elementor_header_footer","meta":{"footnotes":""},"class_list":["post-5828","page","type-page","status-publish","has-post-thumbnail","hentry"],"_links":{"self":[{"href":"https:\/\/bakudanismanlik.com\/index.php\/wp-json\/wp\/v2\/pages\/5828","targetHints":{"allow":["GET"]}}],"collection":[{"href":"https:\/\/bakudanismanlik.com\/index.php\/wp-json\/wp\/v2\/pages"}],"about":[{"href":"https:\/\/bakudanismanlik.com\/index.php\/wp-json\/wp\/v2\/types\/page"}],"author":[{"embeddable":true,"href":"https:\/\/bakudanismanlik.com\/index.php\/wp-json\/wp\/v2\/users\/1"}],"replies":[{"embeddable":true,"href":"https:\/\/bakudanismanlik.com\/index.php\/wp-json\/wp\/v2\/comments?post=5828"}],"version-history":[{"count":10,"href":"https:\/\/bakudanismanlik.com\/index.php\/wp-json\/wp\/v2\/pages\/5828\/revisions"}],"predecessor-version":[{"id":6064,"href":"https:\/\/bakudanismanlik.com\/index.php\/wp-json\/wp\/v2\/pages\/5828\/revisions\/6064"}],"wp:featuredmedia":[{"embeddable":true,"href":"https:\/\/bakudanismanlik.com\/index.php\/wp-json\/wp\/v2\/media\/352"}],"wp:attachment":[{"href":"https:\/\/bakudanismanlik.com\/index.php\/wp-json\/wp\/v2\/media?parent=5828"}],"curies":[{"name":"wp","href":"https:\/\/api.w.org\/{rel}","templated":true}]}}