{"id":5853,"date":"2023-05-22T21:56:40","date_gmt":"2023-05-22T18:56:40","guid":{"rendered":"https:\/\/bakudanismanlik.com\/?page_id=5853"},"modified":"2023-05-22T23:10:01","modified_gmt":"2023-05-22T20:10:01","slug":"universite-kesin-kayit-ucreti","status":"publish","type":"page","link":"https:\/\/bakudanismanlik.com\/index.php\/universite-kesin-kayit-ucreti\/","title":{"rendered":"\u00dcniversite Kesin Kay\u0131t \u00dccreti"},"content":{"rendered":"\t\t<div data-elementor-type=\"wp-page\" data-elementor-id=\"5853\" class=\"elementor elementor-5853\">\n\t\t\t\t\t\t<section class=\"elementor-section elementor-top-section elementor-element elementor-element-e1dd29d elementor-section-boxed elementor-section-height-default elementor-section-height-default\" data-id=\"e1dd29d\" data-element_type=\"section\">\n\t\t\t\t\t\t<div class=\"elementor-container elementor-column-gap-default\">\n\t\t\t\t\t<div class=\"elementor-column elementor-col-50 elementor-top-column elementor-element elementor-element-72ce8f4\" data-id=\"72ce8f4\" data-element_type=\"column\">\n\t\t\t<div class=\"elementor-widget-wrap elementor-element-populated\">\n\t\t\t\t\t\t<div class=\"elementor-element elementor-element-a673ea2 elementor-widget elementor-widget-heading\" data-id=\"a673ea2\" data-element_type=\"widget\" data-widget_type=\"heading.default\">\n\t\t\t\t<div class=\"elementor-widget-container\">\n\t\t\t<style>\/*! elementor - v3.21.0 - 30-04-2024 *\/\n.elementor-heading-title{padding:0;margin:0;line-height:1}.elementor-widget-heading .elementor-heading-title[class*=elementor-size-]>a{color:inherit;font-size:inherit;line-height:inherit}.elementor-widget-heading .elementor-heading-title.elementor-size-small{font-size:15px}.elementor-widget-heading .elementor-heading-title.elementor-size-medium{font-size:19px}.elementor-widget-heading .elementor-heading-title.elementor-size-large{font-size:29px}.elementor-widget-heading .elementor-heading-title.elementor-size-xl{font-size:39px}.elementor-widget-heading .elementor-heading-title.elementor-size-xxl{font-size:59px}<\/style><h2 class=\"elementor-heading-title elementor-size-default\">\u00dcniversite Kesin Kay\u0131t \u00dccreti\n<\/h2>\t\t<\/div>\n\t\t\t\t<\/div>\n\t\t\t\t<div class=\"elementor-element elementor-element-fee4d3a elementor-widget elementor-widget-text-editor\" data-id=\"fee4d3a\" data-element_type=\"widget\" data-widget_type=\"text-editor.default\">\n\t\t\t\t<div class=\"elementor-widget-container\">\n\t\t\t<style>\/*! elementor - v3.21.0 - 30-04-2024 *\/\n.elementor-widget-text-editor.elementor-drop-cap-view-stacked .elementor-drop-cap{background-color:#69727d;color:#fff}.elementor-widget-text-editor.elementor-drop-cap-view-framed .elementor-drop-cap{color:#69727d;border:3px solid;background-color:transparent}.elementor-widget-text-editor:not(.elementor-drop-cap-view-default) .elementor-drop-cap{margin-top:8px}.elementor-widget-text-editor:not(.elementor-drop-cap-view-default) .elementor-drop-cap-letter{width:1em;height:1em}.elementor-widget-text-editor .elementor-drop-cap{float:left;text-align:center;line-height:1;font-size:50px}.elementor-widget-text-editor .elementor-drop-cap-letter{display:inline-block}<\/style>\t\t\t\t<p><span>Okulunuzu&nbsp;ve b\u00f6l\u00fcm\u00fcn\u00fcz\u00fc se\u00e7tiniz, okulunuza \u00f6n kabul\u00fcn\u00fcz yap\u0131ld\u0131 ve \u00f6\u011frenci vizenizi ald\u0131n\u0131z b\u00f6ylelikle en \u00f6nemli a\u015famalar\u0131 birlikte eksiksiz ve sorunsuz bir \u015fekilde tamamlad\u0131k.&nbsp;T\u00fcrkiye\u2019ye geldiniz.<\/span><\/p>\n<p>\n<\/p><p><span>Art\u0131k s\u0131ra&nbsp;okulunuza kesin kay\u0131t i\u015flemlerine geldi. Her zaman oldu\u011fu gibi&nbsp;<\/span>Baku<span>&nbsp;Dan\u0131\u015fmanl\u0131k yine sizin yan\u0131n\u0131zda. Baku&nbsp;Dan\u0131\u015fmanl\u0131k&nbsp;kay\u0131t yapt\u0131raca\u011f\u0131n\u0131z \u00fcniversitenin talep etti\u011fi t\u00fcm belgelerin haz\u0131rlanmas\u0131nda size yard\u0131mc\u0131 oluyor.<\/span><\/p>\n<p>\n<\/p><p><span>Bunun i\u00e7in \u00f6nceden titiz bir inceleme yaparak sizi y\u00f6nlendiriyor ve e\u011fitim dan\u0131\u015fman\u0131n\u0131z ile birlikte kay\u0131t i\u015flemlerinizi ba\u015far\u0131l\u0131 bir \u015fekilde yapman\u0131za olanak sa\u011fl\u0131yoruz.<\/span><\/p>\t\t\t\t\t\t<\/div>\n\t\t\t\t<\/div>\n\t\t\t\t<div class=\"elementor-element elementor-element-51ecd31 elementor-widget elementor-widget-button\" data-id=\"51ecd31\" data-element_type=\"widget\" data-widget_type=\"button.default\">\n\t\t\t\t<div class=\"elementor-widget-container\">\n\t\t\t\t\t<div class=\"elementor-button-wrapper\">\n\t\t\t<a class=\"elementor-button elementor-button-link elementor-size-md\" href=\"https:\/\/api.whatsapp.com\/send\/?phone=905433120420&#038;text=Merhaba&#038;type=phone_number&#038;app_absent=0\">\n\t\t\t\t\t\t<span class=\"elementor-button-content-wrapper\">\n\t\t\t\t\t\t<span class=\"elementor-button-icon elementor-align-icon-left\">\n\t\t\t\t<i aria-hidden=\"true\" class=\"fab fa-whatsapp\"><\/i>\t\t\t<\/span>\n\t\t\t\t\t\t\t\t\t<span class=\"elementor-button-text\">WhatsApp Destek Hatt\u0131<\/span>\n\t\t\t\t\t<\/span>\n\t\t\t\t\t<\/a>\n\t\t<\/div>\n\t\t\t\t<\/div>\n\t\t\t\t<\/div>\n\t\t\t\t\t<\/div>\n\t\t<\/div>\n\t\t\t\t<div class=\"elementor-column elementor-col-50 elementor-top-column elementor-element elementor-element-bef0398\" data-id=\"bef0398\" data-element_type=\"column\">\n\t\t\t<div class=\"elementor-widget-wrap elementor-element-populated\">\n\t\t\t\t\t\t<div class=\"elementor-element elementor-element-9d5dbbc elementor-widget elementor-widget-image\" data-id=\"9d5dbbc\" data-element_type=\"widget\" data-widget_type=\"image.default\">\n\t\t\t\t<div class=\"elementor-widget-container\">\n\t\t\t<style>\/*! elementor - v3.21.0 - 30-04-2024 *\/\n.elementor-widget-image{text-align:center}.elementor-widget-image a{display:inline-block}.elementor-widget-image a img[src$=\".svg\"]{width:48px}.elementor-widget-image img{vertical-align:middle;display:inline-block}<\/style>\t\t\t\t\t\t\t\t\t\t<img fetchpriority=\"high\" decoding=\"async\" width=\"560\" height=\"496\" src=\"https:\/\/bakudanismanlik.com\/wp-content\/uploads\/2023\/05\/home1_img_1-1-1-560x496-1-1.png\" class=\"attachment-large size-large wp-image-5991\" alt=\"\" srcset=\"https:\/\/bakudanismanlik.com\/wp-content\/uploads\/2023\/05\/home1_img_1-1-1-560x496-1-1.png 560w, https:\/\/bakudanismanlik.com\/wp-content\/uploads\/2023\/05\/home1_img_1-1-1-560x496-1-1-300x266.png 300w\" sizes=\"(max-width: 560px) 100vw, 560px\" \/>\t\t\t\t\t\t\t\t\t\t\t\t\t<\/div>\n\t\t\t\t<\/div>\n\t\t\t\t\t<\/div>\n\t\t<\/div>\n\t\t\t\t\t<\/div>\n\t\t<\/section>\n\t\t\t\t<\/div>\n\t\t","protected":false},"excerpt":{"rendered":"<p>\u00dcniversite Kesin Kay\u0131t \u00dccreti Okulunuzu&nbsp;ve b\u00f6l\u00fcm\u00fcn\u00fcz\u00fc se\u00e7tiniz, okulunuza \u00f6n kabul\u00fcn\u00fcz yap\u0131ld\u0131 ve \u00f6\u011frenci vizenizi ald\u0131n\u0131z b\u00f6ylelikle en \u00f6nemli a\u015famalar\u0131 birlikte eksiksiz ve sorunsuz bir \u015fekilde tamamlad\u0131k.&nbsp;T\u00fcrkiye\u2019ye geldiniz. Art\u0131k s\u0131ra&nbsp;okulunuza kesin kay\u0131t i\u015flemlerine geldi. Her zaman oldu\u011fu gibi&nbsp;Baku&nbsp;Dan\u0131\u015fmanl\u0131k yine sizin yan\u0131n\u0131zda. Baku&nbsp;Dan\u0131\u015fmanl\u0131k&nbsp;kay\u0131t yapt\u0131raca\u011f\u0131n\u0131z \u00fcniversitenin talep etti\u011fi t\u00fcm belgelerin haz\u0131rlanmas\u0131nda size yard\u0131mc\u0131 oluyor. Bunun i\u00e7in \u00f6nceden titiz [&hellip;]<\/p>\n","protected":false},"author":1,"featured_media":352,"parent":0,"menu_order":0,"comment_status":"closed","ping_status":"closed","template":"elementor_header_footer","meta":{"footnotes":""},"class_list":["post-5853","page","type-page","status-publish","has-post-thumbnail","hentry"],"_links":{"self":[{"href":"https:\/\/bakudanismanlik.com\/index.php\/wp-json\/wp\/v2\/pages\/5853","targetHints":{"allow":["GET"]}}],"collection":[{"href":"https:\/\/bakudanismanlik.com\/index.php\/wp-json\/wp\/v2\/pages"}],"about":[{"href":"https:\/\/bakudanismanlik.com\/index.php\/wp-json\/wp\/v2\/types\/page"}],"author":[{"embeddable":true,"href":"https:\/\/bakudanismanlik.com\/index.php\/wp-json\/wp\/v2\/users\/1"}],"replies":[{"embeddable":true,"href":"https:\/\/bakudanismanlik.com\/index.php\/wp-json\/wp\/v2\/comments?post=5853"}],"version-history":[{"count":10,"href":"https:\/\/bakudanismanlik.com\/index.php\/wp-json\/wp\/v2\/pages\/5853\/revisions"}],"predecessor-version":[{"id":6076,"href":"https:\/\/bakudanismanlik.com\/index.php\/wp-json\/wp\/v2\/pages\/5853\/revisions\/6076"}],"wp:featuredmedia":[{"embeddable":true,"href":"https:\/\/bakudanismanlik.com\/index.php\/wp-json\/wp\/v2\/media\/352"}],"wp:attachment":[{"href":"https:\/\/bakudanismanlik.com\/index.php\/wp-json\/wp\/v2\/media?parent=5853"}],"curies":[{"name":"wp","href":"https:\/\/api.w.org\/{rel}","templated":true}]}}