{"id":5854,"date":"2023-05-22T22:09:18","date_gmt":"2023-05-22T19:09:18","guid":{"rendered":"https:\/\/bakudanismanlik.com\/?page_id=5854"},"modified":"2023-05-22T23:00:17","modified_gmt":"2023-05-22T20:00:17","slug":"apostilli-belge","status":"publish","type":"page","link":"https:\/\/bakudanismanlik.com\/index.php\/apostilli-belge\/","title":{"rendered":"Apostilli Belge"},"content":{"rendered":"\t\t<div data-elementor-type=\"wp-page\" data-elementor-id=\"5854\" class=\"elementor elementor-5854\">\n\t\t\t\t\t\t<section class=\"elementor-section elementor-top-section elementor-element elementor-element-e1dd29d elementor-section-boxed elementor-section-height-default elementor-section-height-default\" data-id=\"e1dd29d\" data-element_type=\"section\">\n\t\t\t\t\t\t<div class=\"elementor-container elementor-column-gap-default\">\n\t\t\t\t\t<div class=\"elementor-column elementor-col-50 elementor-top-column elementor-element elementor-element-72ce8f4\" data-id=\"72ce8f4\" data-element_type=\"column\">\n\t\t\t<div class=\"elementor-widget-wrap elementor-element-populated\">\n\t\t\t\t\t\t<div class=\"elementor-element elementor-element-a673ea2 elementor-widget elementor-widget-heading\" data-id=\"a673ea2\" data-element_type=\"widget\" data-widget_type=\"heading.default\">\n\t\t\t\t<div class=\"elementor-widget-container\">\n\t\t\t<style>\/*! elementor - v3.21.0 - 30-04-2024 *\/\n.elementor-heading-title{padding:0;margin:0;line-height:1}.elementor-widget-heading .elementor-heading-title[class*=elementor-size-]>a{color:inherit;font-size:inherit;line-height:inherit}.elementor-widget-heading .elementor-heading-title.elementor-size-small{font-size:15px}.elementor-widget-heading .elementor-heading-title.elementor-size-medium{font-size:19px}.elementor-widget-heading .elementor-heading-title.elementor-size-large{font-size:29px}.elementor-widget-heading .elementor-heading-title.elementor-size-xl{font-size:39px}.elementor-widget-heading .elementor-heading-title.elementor-size-xxl{font-size:59px}<\/style><h2 class=\"elementor-heading-title elementor-size-default\">Apostilli Belge\n<\/h2>\t\t<\/div>\n\t\t\t\t<\/div>\n\t\t\t\t<div class=\"elementor-element elementor-element-fee4d3a elementor-widget elementor-widget-text-editor\" data-id=\"fee4d3a\" data-element_type=\"widget\" data-widget_type=\"text-editor.default\">\n\t\t\t\t<div class=\"elementor-widget-container\">\n\t\t\t<style>\/*! elementor - v3.21.0 - 30-04-2024 *\/\n.elementor-widget-text-editor.elementor-drop-cap-view-stacked .elementor-drop-cap{background-color:#69727d;color:#fff}.elementor-widget-text-editor.elementor-drop-cap-view-framed .elementor-drop-cap{color:#69727d;border:3px solid;background-color:transparent}.elementor-widget-text-editor:not(.elementor-drop-cap-view-default) .elementor-drop-cap{margin-top:8px}.elementor-widget-text-editor:not(.elementor-drop-cap-view-default) .elementor-drop-cap-letter{width:1em;height:1em}.elementor-widget-text-editor .elementor-drop-cap{float:left;text-align:center;line-height:1;font-size:50px}.elementor-widget-text-editor .elementor-drop-cap-letter{display:inline-block}<\/style>\t\t\t\t<div id=\"comp-jgj6u2bq\" class=\"BaOVQ8 tz5f0K comp-jgj6u2bq wixui-rich-text\" data-testid=\"richTextElement\"><p class=\"font_7 wixui-rich-text__text\"><span class=\"wixui-rich-text__text\">Apostilli do\u011fum,bekarl\u0131k veya sab\u0131ka kayd\u0131na m\u0131 ihtiyac\u0131n\u0131z var. Endi\u015fe etmeyin Baku Dan\u0131\u015fmanl\u0131k var. \u00d6zbekistan&#8217;dan,K\u0131rg\u0131zistan&#8217;dan T\u00fcrkmenistan&#8217;dan ve daha d\u00fcnyan\u0131n bir \u00e7ok yerinden ihtiyac\u0131n\u0131z olan apostilli resmi belgelerinizi m\u00fcmk\u00fcn olan en k\u0131sa s\u00fcrede ekonomik fiyatlarla getiriyoruz.<\/span><\/p><\/div><div id=\"comp-jgj77ybe\" class=\"comp-jgj77ybe cQPaj8 pg54Rx\" data-player=\"YOUTUBE\" data-showcontrols=\"temp_show\">\u00a0<\/div>\t\t\t\t\t\t<\/div>\n\t\t\t\t<\/div>\n\t\t\t\t<div class=\"elementor-element elementor-element-51ecd31 elementor-widget elementor-widget-button\" data-id=\"51ecd31\" data-element_type=\"widget\" data-widget_type=\"button.default\">\n\t\t\t\t<div class=\"elementor-widget-container\">\n\t\t\t\t\t<div class=\"elementor-button-wrapper\">\n\t\t\t<a class=\"elementor-button elementor-button-link elementor-size-md\" href=\"https:\/\/api.whatsapp.com\/send\/?phone=905433120420&#038;text=Merhaba&#038;type=phone_number&#038;app_absent=0\">\n\t\t\t\t\t\t<span class=\"elementor-button-content-wrapper\">\n\t\t\t\t\t\t<span class=\"elementor-button-icon elementor-align-icon-left\">\n\t\t\t\t<i aria-hidden=\"true\" class=\"fab fa-whatsapp\"><\/i>\t\t\t<\/span>\n\t\t\t\t\t\t\t\t\t<span class=\"elementor-button-text\">WhatsApp Destek Hatt\u0131<\/span>\n\t\t\t\t\t<\/span>\n\t\t\t\t\t<\/a>\n\t\t<\/div>\n\t\t\t\t<\/div>\n\t\t\t\t<\/div>\n\t\t\t\t\t<\/div>\n\t\t<\/div>\n\t\t\t\t<div class=\"elementor-column elementor-col-50 elementor-top-column elementor-element elementor-element-bef0398\" data-id=\"bef0398\" data-element_type=\"column\">\n\t\t\t<div class=\"elementor-widget-wrap elementor-element-populated\">\n\t\t\t\t\t\t<div class=\"elementor-element elementor-element-9d5dbbc elementor-widget elementor-widget-image\" data-id=\"9d5dbbc\" data-element_type=\"widget\" data-widget_type=\"image.default\">\n\t\t\t\t<div class=\"elementor-widget-container\">\n\t\t\t<style>\/*! elementor - v3.21.0 - 30-04-2024 *\/\n.elementor-widget-image{text-align:center}.elementor-widget-image a{display:inline-block}.elementor-widget-image a img[src$=\".svg\"]{width:48px}.elementor-widget-image img{vertical-align:middle;display:inline-block}<\/style>\t\t\t\t\t\t\t\t\t\t<img fetchpriority=\"high\" decoding=\"async\" width=\"560\" height=\"496\" src=\"https:\/\/bakudanismanlik.com\/wp-content\/uploads\/2023\/05\/home1_img_1-1-1-560x496-2.png\" class=\"attachment-large size-large wp-image-6025\" alt=\"\" srcset=\"https:\/\/bakudanismanlik.com\/wp-content\/uploads\/2023\/05\/home1_img_1-1-1-560x496-2.png 560w, https:\/\/bakudanismanlik.com\/wp-content\/uploads\/2023\/05\/home1_img_1-1-1-560x496-2-300x266.png 300w\" sizes=\"(max-width: 560px) 100vw, 560px\" \/>\t\t\t\t\t\t\t\t\t\t\t\t\t<\/div>\n\t\t\t\t<\/div>\n\t\t\t\t\t<\/div>\n\t\t<\/div>\n\t\t\t\t\t<\/div>\n\t\t<\/section>\n\t\t\t\t<section class=\"elementor-section elementor-top-section elementor-element elementor-element-00da7e1 elementor-section-boxed elementor-section-height-default elementor-section-height-default\" data-id=\"00da7e1\" data-element_type=\"section\">\n\t\t\t\t\t\t<div class=\"elementor-container elementor-column-gap-default\">\n\t\t\t\t\t<div class=\"elementor-column elementor-col-100 elementor-top-column elementor-element elementor-element-7d26fb0\" data-id=\"7d26fb0\" data-element_type=\"column\">\n\t\t\t<div class=\"elementor-widget-wrap elementor-element-populated\">\n\t\t\t\t\t\t<div class=\"elementor-element elementor-element-2bf0c03 elementor-widget elementor-widget-heading\" data-id=\"2bf0c03\" data-element_type=\"widget\" data-widget_type=\"heading.default\">\n\t\t\t\t<div class=\"elementor-widget-container\">\n\t\t\t<h2 class=\"elementor-heading-title elementor-size-default\">Apostilli Belge\n<\/h2>\t\t<\/div>\n\t\t\t\t<\/div>\n\t\t\t\t<div class=\"elementor-element elementor-element-66ffcd7 elementor-widget elementor-widget-text-editor\" data-id=\"66ffcd7\" data-element_type=\"widget\" data-widget_type=\"text-editor.default\">\n\t\t\t\t<div class=\"elementor-widget-container\">\n\t\t\t\t\t\t\t<p class=\"font_8 wixui-rich-text__text\"><span class=\"wixui-rich-text__text\">Yabanc\u0131 uyruklu\u00a0ki\u015filer farkl\u0131 bir \u00fclkenin resmi dairelerinde i\u015flem yaparken, bazen i\u015flemin tamamlanabilmesi i\u00e7in, ki\u015fiden\u00a0kendi \u00fclkesinden getirmesi gereken\u00a0Apostilli Do\u011fum Belgesi\u00a0talep\u00a0edilmektedir.<\/span><\/p><p class=\"font_8 wixui-rich-text__text\"><span class=\"wixui-rich-text__text\">Bu belge daha \u00e7ok yabanc\u0131 ile evlilik , ikamet izni veya vize i\u015flemleri s\u0131ras\u0131nda istenilmektedir.<\/span><\/p><p class=\"font_8 wixui-rich-text__text\"><span class=\"wixui-rich-text__text\">Do\u011fum belgesi\u00a0ki\u015finin do\u011fum tarihini, do\u011fum yerini, anne ve baba ad\u0131n\u0131 g\u00f6steren resmi bir belgedir ve ki\u015finin \u00fclkesinde kay\u0131tl\u0131 oldu\u011fu N\u00fcfus Dairesinden al\u0131n\u0131r.<\/span><\/p><p class=\"font_8 wixui-rich-text__text\"><span class=\"wixui-rich-text__text\">Al\u0131nan bu belgenin\u00a0yabanc\u0131 bir \u00fclkede ge\u00e7erli olabilmesi i\u00e7in\u00a0belgeyi d\u00fczenleyen devletin yetkili makam\u0131 taraf\u0131ndan ilgili evraka\u00a0\u201cApostil\u201d ka\u015fesinin bas\u0131lmas\u0131 gerekmektedir.<\/span><\/p><p class=\"font_8 wixui-rich-text__text\"><span class=\"wixui-rich-text__text\">Apostil ka\u015fesinin bas\u0131ld\u0131\u011f\u0131 do\u011fum belgesine Apostilli Do\u011fum Belgesi denilmektedir.<\/span><\/p><p class=\"font_8 wixui-rich-text__text\"><span class=\"wixui-rich-text__text\">Bu belge ki\u015finin vatanda\u015f\u0131 oldu\u011fu \u00fclkenin yetkili makam\u0131 taraf\u0131ndan bizzat \u015fahs\u0131n kendisine verilebilece\u011fi gibi ki\u015fi taraf\u0131ndan vekaletname ile yetkilendirilmi\u015f vekiline de verilebilir.<\/span><\/p><p class=\"font_8 wixui-rich-text__text\"><span class=\"wixui-rich-text__text\">Ki\u015finin sadece bu belgeyi almak i\u00e7in \u00fclkesine gitmesi\u00a0maliyetli\u00a0oldu\u011fu gibi bilmeyenler i\u00e7in bu s\u00fcre\u00e7 uzun zaman alabilmekte hatta hatal\u0131 i\u015flemler sebebiyle ki\u015finin\u00a0s\u0131k\u0131nt\u0131 ya\u015famas\u0131na\u00a0neden olabilmektedir.<\/span><\/p><p class=\"font_8 wixui-rich-text__text\"><span class=\"wixui-rich-text__text\">\u00dclkenizden getirmeniz gereken\u00a0Apostilli Do\u011fum Belgesine\u00a0ihtiyac\u0131n\u0131z oldu\u011fu zaman Baku Dan\u0131\u015fmanl\u0131k d\u00fcnyan\u0131n bir \u00e7ok \u00fclkesinde anla\u015fmal\u0131 hukuk b\u00fcrolar\u0131 arac\u0131l\u0131\u011f\u0131 ile \u00a0m\u00fcmk\u00fcn olan en k\u0131sa s\u00fcrede Apostilli Do\u011fum Belgenizin getirilmesine olanak sa\u011flar.<\/span><\/p><p class=\"font_8 wixui-rich-text__text\"><span class=\"wixui-rich-text__text\">Yabanc\u0131 uyruklu ki\u015filer\u00a0farkl\u0131 bir \u00fclkenin resmi dairelerinde i\u015flem yaparken, bazen i\u015flemin tamamlanabilmesi i\u00e7in ki\u015fiden, \u00a0kendi \u00fclkesinden getirmesi gereken\u00a0Apostilli Bekarl\u0131k Belgesi\u00a0talep edilmektedir.<\/span><\/p><p class=\"font_8 wixui-rich-text__text\"><span class=\"wixui-rich-text__text\">Bu belge daha \u00e7ok\u00a0yabanc\u0131 ile evlilik\u00a0 veya \u00e7ocu\u011fun N\u00fcfusa kay\u0131t\u00a0i\u015flemleri\u00a0 s\u0131ras\u0131nda istenilmektedir.<\/span><\/p><p class=\"font_8 wixui-rich-text__text\"><span class=\"wixui-rich-text__text\">Bekarl\u0131k belgesi ki\u015finin do\u011fum tarihini, baba ad\u0131n\u0131 ve ki\u015finin herhangi bir evlilik kayd\u0131n\u0131n mevcut olmad\u0131\u011f\u0131n\u0131 k\u0131sacas\u0131 ki\u015finin resmi kay\u0131tlarda bekar oldu\u011funu g\u00f6steren resmi bir belgedir ve ki\u015finin \u00fclkesinde kay\u0131tl\u0131 oldu\u011fu\u00a0N\u00fcfus ve Evlendirme M\u00fcd\u00fcrl\u00fc\u011f\u00fcnden al\u0131n\u0131r.<\/span><\/p><p class=\"font_8 wixui-rich-text__text\"><span class=\"wixui-rich-text__text\">Al\u0131nan bu belgenin\u00a0yabanc\u0131 bir \u00fclkede ge\u00e7erli olabilmesi i\u00e7in belgeyi d\u00fczenleyen devletin yetkili makam\u0131 taraf\u0131ndan ilgili evraka\u00a0\u201cApostil\u201d ka\u015fesinin\u00a0bas\u0131lmas\u0131 gerekmektedir.<\/span><\/p><p class=\"font_8 wixui-rich-text__text\"><span class=\"wixui-rich-text__text\">Apostil ka\u015fesinin bas\u0131ld\u0131\u011f\u0131 bekarl\u0131k\u00a0 belgesine\u00a0Apostilli Bekarl\u0131k Belgesi denilmektedir.<\/span><\/p><p class=\"font_8 wixui-rich-text__text\"><span class=\"wixui-rich-text__text\">Bu belge\u00a0ki\u015finin vatanda\u015f\u0131 oldu\u011fu \u00fclkenin yetkili makam\u0131 taraf\u0131ndan bizzat \u015fahs\u0131n kendisine verilebilece\u011fi gibi ki\u015fi taraf\u0131ndan vekaletname ile\u00a0yetkilendirilmi\u015f vekiline de\u00a0verilebilir.<\/span><\/p><p class=\"font_8 wixui-rich-text__text\"><span class=\"wixui-rich-text__text\">Ki\u015finin sadece bu belgeyi almak i\u00e7in \u00fclkesine gitmesi maliyetli oldu\u011fu gibi bilmeyenler i\u00e7in bu s\u00fcre\u00e7 uzun zaman alabilmekte hatta hatal\u0131 i\u015flemler sebebiyle ki\u015finin s\u0131k\u0131nt\u0131 ya\u015famas\u0131na neden olabilmektedir.<\/span><\/p><p class=\"font_8 wixui-rich-text__text\"><span class=\"wixui-rich-text__text\">\u00dclkenizden getirmeniz gereken Apostilli Bekarl\u0131k Belgesine ihtiyac\u0131n\u0131z oldu\u011fu zaman Baku Dan\u0131\u015fmanl\u0131k d\u00fcnyan\u0131n bir \u00e7ok \u00fclkesinde anla\u015fmal\u0131 hukuk b\u00fcrolar\u0131 arac\u0131l\u0131\u011f\u0131 ile \u00a0m\u00fcmk\u00fcn olan en k\u0131sa s\u00fcrede Apostilli Bekarl\u0131k Belgenizin getirilmesine olanak sa\u011flar.<\/span><\/p>\t\t\t\t\t\t<\/div>\n\t\t\t\t<\/div>\n\t\t\t\t<div class=\"elementor-element elementor-element-15e227e elementor-widget elementor-widget-button\" data-id=\"15e227e\" data-element_type=\"widget\" data-widget_type=\"button.default\">\n\t\t\t\t<div class=\"elementor-widget-container\">\n\t\t\t\t\t<div class=\"elementor-button-wrapper\">\n\t\t\t<a class=\"elementor-button elementor-button-link elementor-size-sm\" href=\"https:\/\/api.whatsapp.com\/send\/?phone=905433120420&#038;text=Merhaba&#038;type=phone_number&#038;app_absent=0\">\n\t\t\t\t\t\t<span class=\"elementor-button-content-wrapper\">\n\t\t\t\t\t\t<span class=\"elementor-button-icon elementor-align-icon-left\">\n\t\t\t\t<i aria-hidden=\"true\" class=\"fab fa-whatsapp\"><\/i>\t\t\t<\/span>\n\t\t\t\t\t\t\t\t\t<span class=\"elementor-button-text\">WhatsApp Bilgi Al<\/span>\n\t\t\t\t\t<\/span>\n\t\t\t\t\t<\/a>\n\t\t<\/div>\n\t\t\t\t<\/div>\n\t\t\t\t<\/div>\n\t\t\t\t<div class=\"elementor-element elementor-element-3d7b712 elementor-widget elementor-widget-heading\" data-id=\"3d7b712\" data-element_type=\"widget\" data-widget_type=\"heading.default\">\n\t\t\t\t<div class=\"elementor-widget-container\">\n\t\t\t<h2 class=\"elementor-heading-title elementor-size-default\">Apostilli Sab\u0131ka Kayd\u0131 Nedir? Nas\u0131l Al\u0131n\u0131r?\n<\/h2>\t\t<\/div>\n\t\t\t\t<\/div>\n\t\t\t\t<div class=\"elementor-element elementor-element-b64dcd7 elementor-widget elementor-widget-text-editor\" data-id=\"b64dcd7\" data-element_type=\"widget\" data-widget_type=\"text-editor.default\">\n\t\t\t\t<div class=\"elementor-widget-container\">\n\t\t\t\t\t\t\t<div id=\"comp-jgj6u2bk\" class=\"BaOVQ8 tz5f0K comp-jgj6u2bk wixui-rich-text\" data-testid=\"richTextElement\"><p class=\"font_8 wixui-rich-text__text\"><span class=\"wixui-rich-text__text\">Yabanc\u0131 uyruklu\u00a0ki\u015filerin G\u00f6\u00e7 \u0130daresinde \u0130kamet Ba\u015fvurular\u0131 s\u0131ras\u0131nda, bazen\u00a0G\u00f6\u00e7 \u0130daresi\u00a0gerek g\u00f6rd\u00fc\u011f\u00fc hallerde, ba\u015fvuru sahibinden \u00a0kendi \u00fclkesinden\u00a0Apostilli Sab\u0131ka Kayd\u0131\u00a0 talep edilmektedir. Ki\u015filerin adli su\u00e7 bilgilerinin bulundu\u011fu belgeye Sab\u0131ka Kayd\u0131 yani Adli Sicil Kayd\u0131 denilmektedir ve Adli Sicil Kayd\u0131 alma hizmeti Adalet Bakanl\u0131\u011f\u0131\u2019n\u0131n sundu\u011fu hizmetlerdendir.\u00a0Sab\u0131ka Kayd\u0131\u00a0yani Adli Sicil Kayd\u0131, Adliye Binalar\u0131nda bulunan Adli Sicil M\u00fcd\u00fcrl\u00fcklerinden al\u0131nmaktad\u0131r.<\/span><\/p><p class=\"font_8 wixui-rich-text__text\"><span class=\"wixui-rich-text__text\">Ba\u015fvuru sahibinin kendi \u00fclkesinden\u00a0talep edilen Sab\u0131ka Kayd\u0131, ba\u015fvuru sahibinin kendi \u00fclkesinde herhangi bir su\u00e7a kar\u0131\u015f\u0131p kar\u0131\u015fmad\u0131\u011f\u0131na\u00a0 ili\u015fkin kay\u0131t\u0131 g\u00f6steren resmi bir belgedir ve herhangi bir su\u00e7 i\u015fledi\u011finiz zaman bu belgede yer al\u0131r.\u00a0<\/span><\/p><p class=\"font_8 wixui-rich-text__text\"><span class=\"wixui-rich-text__text\">Kendi \u00fclkenizden ald\u0131\u011f\u0131n\u0131z bu belgenin yabanc\u0131 bir \u00fclkede ge\u00e7erli olabilmesi i\u00e7in belgeyi d\u00fczenleyen devletin yetkili makam\u0131 taraf\u0131ndan ilgili evraka \u201cApostil\u201d ka\u015fesinin bas\u0131lmas\u0131 gerekmektedir.<\/span><\/p><\/div><div id=\"comp-jgsyochs\" class=\"BaOVQ8 tz5f0K comp-jgsyochs wixui-rich-text\" data-testid=\"richTextElement\"><p class=\"font_8 wixui-rich-text__text\"><span class=\"wixui-rich-text__text\">Apostil ka\u015fesinin bas\u0131ld\u0131\u011f\u0131 Sab\u0131ka Kay\u0131t belgesine\u00a0Apostilli Sab\u0131ka Kayd\u0131\u00a0 denilmektedir.<\/span><\/p><p class=\"font_8 wixui-rich-text__text\"><span class=\"wixui-rich-text__text\">Bu belge ki\u015finin vatanda\u015f\u0131 oldu\u011fu \u00fclkenin yetkili makam\u0131 taraf\u0131ndan bizzat \u015fahs\u0131n kendisine verilebilece\u011fi gibi ki\u015fi taraf\u0131ndan vekaletname ile yetkilendirilmi\u015f vekiline de verilebilir.<\/span><\/p><p class=\"font_8 wixui-rich-text__text\"><span class=\"wixui-rich-text__text\">Ki\u015finin sadece bu belgeyi almak i\u00e7in \u00fclkesine gitmesi\u00a0maliyetli oldu\u011fu gibi\u00a0bilmeyenler i\u00e7in bu s\u00fcre\u00e7 uzun zaman alabilmekte hatta hatal\u0131 i\u015flemler sebebiyle ki\u015finin s\u0131k\u0131nt\u0131 ya\u015famas\u0131na neden olabilmektedir.<\/span><\/p><p class=\"font_8 wixui-rich-text__text\"><span class=\"wixui-rich-text__text\">\u00dclkenizden getirmeniz gereken Apostilli Sab\u0131ka Kay\u0131t Belgesine\u00a0 ihtiyac\u0131n\u0131z oldu\u011fu zaman\u00a0Baku Dan\u0131\u015fmanl\u0131k\u00a0d\u00fcnyan\u0131n bir \u00e7ok \u00fclkesinde anla\u015fmal\u0131 hukuk b\u00fcrolar\u0131 arac\u0131l\u0131\u011f\u0131 ile \u00a0m\u00fcmk\u00fcn olan en k\u0131sa s\u00fcrede Apostilli Sab\u0131ka Kay\u0131t Belgenizin getirilmesine olanak sa\u011flar.<\/span><\/p><\/div>\t\t\t\t\t\t<\/div>\n\t\t\t\t<\/div>\n\t\t\t\t<div class=\"elementor-element elementor-element-1c34fb1 elementor-widget elementor-widget-button\" data-id=\"1c34fb1\" data-element_type=\"widget\" data-widget_type=\"button.default\">\n\t\t\t\t<div class=\"elementor-widget-container\">\n\t\t\t\t\t<div class=\"elementor-button-wrapper\">\n\t\t\t<a class=\"elementor-button elementor-button-link elementor-size-sm\" href=\"https:\/\/api.whatsapp.com\/send\/?phone=905433120420&#038;text=Merhaba&#038;type=phone_number&#038;app_absent=0\">\n\t\t\t\t\t\t<span class=\"elementor-button-content-wrapper\">\n\t\t\t\t\t\t<span class=\"elementor-button-icon elementor-align-icon-left\">\n\t\t\t\t<i aria-hidden=\"true\" class=\"fab fa-whatsapp\"><\/i>\t\t\t<\/span>\n\t\t\t\t\t\t\t\t\t<span class=\"elementor-button-text\">WhatsApp Bilgi Al<\/span>\n\t\t\t\t\t<\/span>\n\t\t\t\t\t<\/a>\n\t\t<\/div>\n\t\t\t\t<\/div>\n\t\t\t\t<\/div>\n\t\t\t\t\t<\/div>\n\t\t<\/div>\n\t\t\t\t\t<\/div>\n\t\t<\/section>\n\t\t\t\t<\/div>\n\t\t","protected":false},"excerpt":{"rendered":"<p>Apostilli Belge Apostilli do\u011fum,bekarl\u0131k veya sab\u0131ka kayd\u0131na m\u0131 ihtiyac\u0131n\u0131z var. Endi\u015fe etmeyin Baku Dan\u0131\u015fmanl\u0131k var. \u00d6zbekistan&#8217;dan,K\u0131rg\u0131zistan&#8217;dan T\u00fcrkmenistan&#8217;dan ve daha d\u00fcnyan\u0131n bir \u00e7ok yerinden ihtiyac\u0131n\u0131z olan apostilli resmi belgelerinizi m\u00fcmk\u00fcn olan en k\u0131sa s\u00fcrede ekonomik fiyatlarla getiriyoruz. \u00a0 WhatsApp Destek Hatt\u0131 Apostilli Belge Yabanc\u0131 uyruklu\u00a0ki\u015filer farkl\u0131 bir \u00fclkenin resmi dairelerinde i\u015flem yaparken, bazen i\u015flemin tamamlanabilmesi i\u00e7in, [&hellip;]<\/p>\n","protected":false},"author":1,"featured_media":352,"parent":0,"menu_order":0,"comment_status":"closed","ping_status":"closed","template":"elementor_header_footer","meta":{"footnotes":""},"class_list":["post-5854","page","type-page","status-publish","has-post-thumbnail","hentry"],"_links":{"self":[{"href":"https:\/\/bakudanismanlik.com\/index.php\/wp-json\/wp\/v2\/pages\/5854","targetHints":{"allow":["GET"]}}],"collection":[{"href":"https:\/\/bakudanismanlik.com\/index.php\/wp-json\/wp\/v2\/pages"}],"about":[{"href":"https:\/\/bakudanismanlik.com\/index.php\/wp-json\/wp\/v2\/types\/page"}],"author":[{"embeddable":true,"href":"https:\/\/bakudanismanlik.com\/index.php\/wp-json\/wp\/v2\/users\/1"}],"replies":[{"embeddable":true,"href":"https:\/\/bakudanismanlik.com\/index.php\/wp-json\/wp\/v2\/comments?post=5854"}],"version-history":[{"count":10,"href":"https:\/\/bakudanismanlik.com\/index.php\/wp-json\/wp\/v2\/pages\/5854\/revisions"}],"predecessor-version":[{"id":6028,"href":"https:\/\/bakudanismanlik.com\/index.php\/wp-json\/wp\/v2\/pages\/5854\/revisions\/6028"}],"wp:featuredmedia":[{"embeddable":true,"href":"https:\/\/bakudanismanlik.com\/index.php\/wp-json\/wp\/v2\/media\/352"}],"wp:attachment":[{"href":"https:\/\/bakudanismanlik.com\/index.php\/wp-json\/wp\/v2\/media?parent=5854"}],"curies":[{"name":"wp","href":"https:\/\/api.w.org\/{rel}","templated":true}]}}