{"id":5882,"date":"2023-05-22T22:14:51","date_gmt":"2023-05-22T19:14:51","guid":{"rendered":"https:\/\/bakudanismanlik.com\/?page_id=5882"},"modified":"2023-05-22T23:10:30","modified_gmt":"2023-05-22T20:10:30","slug":"vatandaslik-basvurusu","status":"publish","type":"page","link":"https:\/\/bakudanismanlik.com\/index.php\/vatandaslik-basvurusu\/","title":{"rendered":"Vatanda\u015fl\u0131k Ba\u015fvurusu"},"content":{"rendered":"\t\t<div data-elementor-type=\"wp-page\" data-elementor-id=\"5882\" class=\"elementor elementor-5882\">\n\t\t\t\t\t\t<section class=\"elementor-section elementor-top-section elementor-element elementor-element-e1dd29d elementor-section-boxed elementor-section-height-default elementor-section-height-default\" data-id=\"e1dd29d\" data-element_type=\"section\">\n\t\t\t\t\t\t<div class=\"elementor-container elementor-column-gap-default\">\n\t\t\t\t\t<div class=\"elementor-column elementor-col-50 elementor-top-column elementor-element elementor-element-72ce8f4\" data-id=\"72ce8f4\" data-element_type=\"column\">\n\t\t\t<div class=\"elementor-widget-wrap elementor-element-populated\">\n\t\t\t\t\t\t<div class=\"elementor-element elementor-element-a673ea2 elementor-widget elementor-widget-heading\" data-id=\"a673ea2\" data-element_type=\"widget\" data-widget_type=\"heading.default\">\n\t\t\t\t<div class=\"elementor-widget-container\">\n\t\t\t<style>\/*! elementor - v3.21.0 - 30-04-2024 *\/\n.elementor-heading-title{padding:0;margin:0;line-height:1}.elementor-widget-heading .elementor-heading-title[class*=elementor-size-]>a{color:inherit;font-size:inherit;line-height:inherit}.elementor-widget-heading .elementor-heading-title.elementor-size-small{font-size:15px}.elementor-widget-heading .elementor-heading-title.elementor-size-medium{font-size:19px}.elementor-widget-heading .elementor-heading-title.elementor-size-large{font-size:29px}.elementor-widget-heading .elementor-heading-title.elementor-size-xl{font-size:39px}.elementor-widget-heading .elementor-heading-title.elementor-size-xxl{font-size:59px}<\/style><h2 class=\"elementor-heading-title elementor-size-default\">Vatanda\u015fl\u0131k Ba\u015fvurusu\n<\/h2>\t\t<\/div>\n\t\t\t\t<\/div>\n\t\t\t\t<div class=\"elementor-element elementor-element-fee4d3a elementor-widget elementor-widget-text-editor\" data-id=\"fee4d3a\" data-element_type=\"widget\" data-widget_type=\"text-editor.default\">\n\t\t\t\t<div class=\"elementor-widget-container\">\n\t\t\t<style>\/*! elementor - v3.21.0 - 30-04-2024 *\/\n.elementor-widget-text-editor.elementor-drop-cap-view-stacked .elementor-drop-cap{background-color:#69727d;color:#fff}.elementor-widget-text-editor.elementor-drop-cap-view-framed .elementor-drop-cap{color:#69727d;border:3px solid;background-color:transparent}.elementor-widget-text-editor:not(.elementor-drop-cap-view-default) .elementor-drop-cap{margin-top:8px}.elementor-widget-text-editor:not(.elementor-drop-cap-view-default) .elementor-drop-cap-letter{width:1em;height:1em}.elementor-widget-text-editor .elementor-drop-cap{float:left;text-align:center;line-height:1;font-size:50px}.elementor-widget-text-editor .elementor-drop-cap-letter{display:inline-block}<\/style>\t\t\t\t<p><span><span style=\"color: var( --e-global-color-text ); font-family: var( --e-global-typography-text-font-family ), Sans-serif; font-weight: var( --e-global-typography-text-font-weight ); letter-spacing: 0px;\">Baku<\/span>&nbsp;Dan\u0131\u015fmanl\u0131k&nbsp;Hizmetleri&nbsp;2013&nbsp;y\u0131l\u0131ndan bu yana ko\u015fulsuz m\u00fc\u015fteri memnuniyeti ilkesinden yola \u00e7\u0131karak y\u00fczlerce&nbsp;yabanc\u0131 uyruklu ki\u015fiye T\u00fcrk vatanda\u015fl\u0131\u011f\u0131na ba\u015fvuru i\u015flemlerinde yol g\u00f6sterici olmu\u015f ve&nbsp;dan\u0131\u015fmanl\u0131k hizmeti&nbsp;vermi\u015ftir.<\/span><\/p>\n<p><\/p>\n<p><span>Konusunda uzmanla\u015fm\u0131\u015f&nbsp;geni\u015f bir ekip&nbsp;ile \u00e7al\u0131\u015fan&nbsp;<\/span>Baku<span>&nbsp;Dan\u0131\u015fmanl\u0131k; yabanc\u0131 uyruklu ki\u015filere T\u00fcrkiye\u2019de ikamet izni al\u0131m\u0131ndan \u00e7al\u0131\u015fma izni al\u0131m\u0131na, yabanc\u0131 sermayeli \u015firket kurulu\u015flar\u0131ndan yabanc\u0131lar\u0131n vize ihlalinden kaynaklanan problemlerin \u00e7\u00f6z\u00fcm\u00fcne, Turkuaz Kart i\u015flemlerinden vatanda\u015fl\u0131k i\u015flemlerine kadar&nbsp;geni\u015f bir yelpazede hizmet sunmaktad\u0131r.<\/span><\/p>\n<p><\/p>\n<p><span>Vatanda\u015fl\u0131k ba\u015fvurular\u0131nda &nbsp;uzman deste\u011fi almak \u00f6nemlidir.&nbsp;Vatanda\u015fl\u0131k ba\u015fvurular\u0131nda &nbsp;olumlu sonu\u00e7 alabilmek i\u00e7in \u00f6n incelemeden dosya olu\u015fturmaya,vatanda\u015fl\u0131k ba\u015fvurunun yap\u0131lmas\u0131ndan&nbsp;i\u015flemlerin&nbsp;takibine ve sonu\u00e7land\u0131r\u0131lmas\u0131na kadar geni\u015f bir yelpazede hizmet sunan&nbsp;<\/span>Baku<span>&nbsp;Dan\u0131\u015fmanl\u0131k&nbsp;size g\u00f6\u00e7 dan\u0131\u015fmanlar\u0131 ve avukatlar\u0131 ile&nbsp;kusursuz hizmet&nbsp;verir.&nbsp;<\/span><\/p>\t\t\t\t\t\t<\/div>\n\t\t\t\t<\/div>\n\t\t\t\t<div class=\"elementor-element elementor-element-51ecd31 elementor-widget elementor-widget-button\" data-id=\"51ecd31\" data-element_type=\"widget\" data-widget_type=\"button.default\">\n\t\t\t\t<div class=\"elementor-widget-container\">\n\t\t\t\t\t<div class=\"elementor-button-wrapper\">\n\t\t\t<a class=\"elementor-button elementor-button-link elementor-size-md\" href=\"https:\/\/api.whatsapp.com\/send\/?phone=905433120420&#038;text=Merhaba&#038;type=phone_number&#038;app_absent=0\">\n\t\t\t\t\t\t<span class=\"elementor-button-content-wrapper\">\n\t\t\t\t\t\t<span class=\"elementor-button-icon elementor-align-icon-left\">\n\t\t\t\t<i aria-hidden=\"true\" class=\"fab fa-whatsapp\"><\/i>\t\t\t<\/span>\n\t\t\t\t\t\t\t\t\t<span class=\"elementor-button-text\">WhatsApp Destek Hatt\u0131<\/span>\n\t\t\t\t\t<\/span>\n\t\t\t\t\t<\/a>\n\t\t<\/div>\n\t\t\t\t<\/div>\n\t\t\t\t<\/div>\n\t\t\t\t\t<\/div>\n\t\t<\/div>\n\t\t\t\t<div class=\"elementor-column elementor-col-50 elementor-top-column elementor-element elementor-element-bef0398\" data-id=\"bef0398\" data-element_type=\"column\">\n\t\t\t<div class=\"elementor-widget-wrap elementor-element-populated\">\n\t\t\t\t\t\t<div class=\"elementor-element elementor-element-9d5dbbc elementor-widget elementor-widget-image\" data-id=\"9d5dbbc\" data-element_type=\"widget\" data-widget_type=\"image.default\">\n\t\t\t\t<div class=\"elementor-widget-container\">\n\t\t\t<style>\/*! elementor - v3.21.0 - 30-04-2024 *\/\n.elementor-widget-image{text-align:center}.elementor-widget-image a{display:inline-block}.elementor-widget-image a img[src$=\".svg\"]{width:48px}.elementor-widget-image img{vertical-align:middle;display:inline-block}<\/style>\t\t\t\t\t\t\t\t\t\t<img fetchpriority=\"high\" decoding=\"async\" width=\"560\" height=\"496\" src=\"https:\/\/bakudanismanlik.com\/wp-content\/uploads\/2023\/05\/home1_img_1-1-1-560x496-3.png\" class=\"attachment-large size-large wp-image-6029\" alt=\"\" srcset=\"https:\/\/bakudanismanlik.com\/wp-content\/uploads\/2023\/05\/home1_img_1-1-1-560x496-3.png 560w, https:\/\/bakudanismanlik.com\/wp-content\/uploads\/2023\/05\/home1_img_1-1-1-560x496-3-300x266.png 300w\" sizes=\"(max-width: 560px) 100vw, 560px\" \/>\t\t\t\t\t\t\t\t\t\t\t\t\t<\/div>\n\t\t\t\t<\/div>\n\t\t\t\t\t<\/div>\n\t\t<\/div>\n\t\t\t\t\t<\/div>\n\t\t<\/section>\n\t\t\t\t<\/div>\n\t\t","protected":false},"excerpt":{"rendered":"<p>Vatanda\u015fl\u0131k Ba\u015fvurusu Baku&nbsp;Dan\u0131\u015fmanl\u0131k&nbsp;Hizmetleri&nbsp;2013&nbsp;y\u0131l\u0131ndan bu yana ko\u015fulsuz m\u00fc\u015fteri memnuniyeti ilkesinden yola \u00e7\u0131karak y\u00fczlerce&nbsp;yabanc\u0131 uyruklu ki\u015fiye T\u00fcrk vatanda\u015fl\u0131\u011f\u0131na ba\u015fvuru i\u015flemlerinde yol g\u00f6sterici olmu\u015f ve&nbsp;dan\u0131\u015fmanl\u0131k hizmeti&nbsp;vermi\u015ftir. Konusunda uzmanla\u015fm\u0131\u015f&nbsp;geni\u015f bir ekip&nbsp;ile \u00e7al\u0131\u015fan&nbsp;Baku&nbsp;Dan\u0131\u015fmanl\u0131k; yabanc\u0131 uyruklu ki\u015filere T\u00fcrkiye\u2019de ikamet izni al\u0131m\u0131ndan \u00e7al\u0131\u015fma izni al\u0131m\u0131na, yabanc\u0131 sermayeli \u015firket kurulu\u015flar\u0131ndan yabanc\u0131lar\u0131n vize ihlalinden kaynaklanan problemlerin \u00e7\u00f6z\u00fcm\u00fcne, Turkuaz Kart i\u015flemlerinden vatanda\u015fl\u0131k i\u015flemlerine kadar&nbsp;geni\u015f bir [&hellip;]<\/p>\n","protected":false},"author":1,"featured_media":352,"parent":0,"menu_order":0,"comment_status":"closed","ping_status":"closed","template":"elementor_header_footer","meta":{"footnotes":""},"class_list":["post-5882","page","type-page","status-publish","has-post-thumbnail","hentry"],"_links":{"self":[{"href":"https:\/\/bakudanismanlik.com\/index.php\/wp-json\/wp\/v2\/pages\/5882","targetHints":{"allow":["GET"]}}],"collection":[{"href":"https:\/\/bakudanismanlik.com\/index.php\/wp-json\/wp\/v2\/pages"}],"about":[{"href":"https:\/\/bakudanismanlik.com\/index.php\/wp-json\/wp\/v2\/types\/page"}],"author":[{"embeddable":true,"href":"https:\/\/bakudanismanlik.com\/index.php\/wp-json\/wp\/v2\/users\/1"}],"replies":[{"embeddable":true,"href":"https:\/\/bakudanismanlik.com\/index.php\/wp-json\/wp\/v2\/comments?post=5882"}],"version-history":[{"count":13,"href":"https:\/\/bakudanismanlik.com\/index.php\/wp-json\/wp\/v2\/pages\/5882\/revisions"}],"predecessor-version":[{"id":6079,"href":"https:\/\/bakudanismanlik.com\/index.php\/wp-json\/wp\/v2\/pages\/5882\/revisions\/6079"}],"wp:featuredmedia":[{"embeddable":true,"href":"https:\/\/bakudanismanlik.com\/index.php\/wp-json\/wp\/v2\/media\/352"}],"wp:attachment":[{"href":"https:\/\/bakudanismanlik.com\/index.php\/wp-json\/wp\/v2\/media?parent=5882"}],"curies":[{"name":"wp","href":"https:\/\/api.w.org\/{rel}","templated":true}]}}