{"id":5890,"date":"2023-05-22T22:16:27","date_gmt":"2023-05-22T19:16:27","guid":{"rendered":"https:\/\/bakudanismanlik.com\/?page_id=5890"},"modified":"2023-05-22T23:11:32","modified_gmt":"2023-05-22T20:11:32","slug":"turkuaz-kart","status":"publish","type":"page","link":"https:\/\/bakudanismanlik.com\/index.php\/turkuaz-kart\/","title":{"rendered":"Turkuaz Kart"},"content":{"rendered":"\t\t<div data-elementor-type=\"wp-page\" data-elementor-id=\"5890\" class=\"elementor elementor-5890\">\n\t\t\t\t\t\t<section class=\"elementor-section elementor-top-section elementor-element elementor-element-e1dd29d elementor-section-boxed elementor-section-height-default elementor-section-height-default\" data-id=\"e1dd29d\" data-element_type=\"section\">\n\t\t\t\t\t\t<div class=\"elementor-container elementor-column-gap-default\">\n\t\t\t\t\t<div class=\"elementor-column elementor-col-50 elementor-top-column elementor-element elementor-element-72ce8f4\" data-id=\"72ce8f4\" data-element_type=\"column\">\n\t\t\t<div class=\"elementor-widget-wrap elementor-element-populated\">\n\t\t\t\t\t\t<div class=\"elementor-element elementor-element-a673ea2 elementor-widget elementor-widget-heading\" data-id=\"a673ea2\" data-element_type=\"widget\" data-widget_type=\"heading.default\">\n\t\t\t\t<div class=\"elementor-widget-container\">\n\t\t\t<style>\/*! elementor - v3.21.0 - 30-04-2024 *\/\n.elementor-heading-title{padding:0;margin:0;line-height:1}.elementor-widget-heading .elementor-heading-title[class*=elementor-size-]>a{color:inherit;font-size:inherit;line-height:inherit}.elementor-widget-heading .elementor-heading-title.elementor-size-small{font-size:15px}.elementor-widget-heading .elementor-heading-title.elementor-size-medium{font-size:19px}.elementor-widget-heading .elementor-heading-title.elementor-size-large{font-size:29px}.elementor-widget-heading .elementor-heading-title.elementor-size-xl{font-size:39px}.elementor-widget-heading .elementor-heading-title.elementor-size-xxl{font-size:59px}<\/style><h2 class=\"elementor-heading-title elementor-size-default\">Kimler Turkuaz Kart Alabilir? Ba\u015fvuru Nas\u0131l Yap\u0131l\u0131yor?\n<\/h2>\t\t<\/div>\n\t\t\t\t<\/div>\n\t\t\t\t<div class=\"elementor-element elementor-element-fee4d3a elementor-widget elementor-widget-text-editor\" data-id=\"fee4d3a\" data-element_type=\"widget\" data-widget_type=\"text-editor.default\">\n\t\t\t\t<div class=\"elementor-widget-container\">\n\t\t\t<style>\/*! elementor - v3.21.0 - 30-04-2024 *\/\n.elementor-widget-text-editor.elementor-drop-cap-view-stacked .elementor-drop-cap{background-color:#69727d;color:#fff}.elementor-widget-text-editor.elementor-drop-cap-view-framed .elementor-drop-cap{color:#69727d;border:3px solid;background-color:transparent}.elementor-widget-text-editor:not(.elementor-drop-cap-view-default) .elementor-drop-cap{margin-top:8px}.elementor-widget-text-editor:not(.elementor-drop-cap-view-default) .elementor-drop-cap-letter{width:1em;height:1em}.elementor-widget-text-editor .elementor-drop-cap{float:left;text-align:center;line-height:1;font-size:50px}.elementor-widget-text-editor .elementor-drop-cap-letter{display:inline-block}<\/style>\t\t\t\t<p class=\"font_8 wixui-rich-text__text\"><span class=\"wixui-rich-text__text\">T\u00fcrkiye\u2019de\u00a0s\u00fcresiz \u00e7al\u0131\u015fma ve ikamet hakk\u0131n\u0131 i\u00e7eren &#8216;Turkuaz Kart&#8217; y\u00fcksek nitelikli i\u015f g\u00fcc\u00fc, y\u00fcksek nitelikli yat\u0131r\u0131mc\u0131, olarak de\u011ferlendirilen ki\u015filere;<\/span><\/p><p class=\"font_8 wixui-rich-text__text\"><span class=\"wixui-rich-text__text\">\u00a0<\/span><\/p><p class=\"font_8 wixui-rich-text__text\"><span class=\"wixui-rich-text__text\">Ayr\u0131ca bilim insan\u0131 veya ara\u015ft\u0131rmac\u0131, k\u00fclt\u00fcrel, sanatsal veya sportif faaliyetler a\u00e7\u0131s\u0131ndan uluslararas\u0131 d\u00fczeyde ba\u015far\u0131l\u0131, T\u00fcrk k\u00fclt\u00fcr\u00fcn\u00fcn tan\u0131t\u0131m\u0131na uluslararas\u0131 d\u00fczeyde katk\u0131 sa\u011flayan ki\u015filere veriliyor.<\/span><\/p><p class=\"font_8 wixui-rich-text__text\">\u00a0<\/p><p class=\"font_8 wixui-rich-text__text\"><span class=\"wixui-rich-text__text\">\u200bTurkuaz Kart ba\u015fvurusu;\u00a0<\/span><\/p><p class=\"font_8 wixui-rich-text__text\"><span class=\"wixui-rich-text__text\">Yurt i\u00e7inde do\u011frudan sistem \u00fczerinden \u00c7al\u0131\u015fma ve Sosyal G\u00fcvenlik Bakanl\u0131\u011f\u0131na, yurt d\u0131\u015f\u0131ndan ise yabanc\u0131n\u0131n vatanda\u015f\u0131 oldu\u011fu veya yasal olarak bulundu\u011fu \u00fclkedeki T\u00fcrk d\u0131\u015f temsilcili\u011fine bizzat ya da vekili arac\u0131l\u0131\u011f\u0131yla yap\u0131l\u0131r.<br class=\"wixui-rich-text__text\" \/>\u00a0<\/span><\/p><p class=\"font_8 wixui-rich-text__text\"><span class=\"wixui-rich-text__text\">T\u00fcrkiye\u2019de yasal olarak bulunan yabanc\u0131, yurt i\u00e7inden yabanc\u0131 kimlik numaras\u0131 ile sistem \u00fczerinden do\u011frudan kendisi veya vekili ba\u015fvuru yapabilir.<\/span><\/p>\t\t\t\t\t\t<\/div>\n\t\t\t\t<\/div>\n\t\t\t\t<div class=\"elementor-element elementor-element-51ecd31 elementor-widget elementor-widget-button\" data-id=\"51ecd31\" data-element_type=\"widget\" data-widget_type=\"button.default\">\n\t\t\t\t<div class=\"elementor-widget-container\">\n\t\t\t\t\t<div class=\"elementor-button-wrapper\">\n\t\t\t<a class=\"elementor-button elementor-button-link elementor-size-md\" href=\"https:\/\/api.whatsapp.com\/send\/?phone=905433120420&#038;text=Merhaba&#038;type=phone_number&#038;app_absent=0\">\n\t\t\t\t\t\t<span class=\"elementor-button-content-wrapper\">\n\t\t\t\t\t\t<span class=\"elementor-button-icon elementor-align-icon-left\">\n\t\t\t\t<i aria-hidden=\"true\" class=\"fab fa-whatsapp\"><\/i>\t\t\t<\/span>\n\t\t\t\t\t\t\t\t\t<span class=\"elementor-button-text\">WhatsApp Destek Hatt\u0131<\/span>\n\t\t\t\t\t<\/span>\n\t\t\t\t\t<\/a>\n\t\t<\/div>\n\t\t\t\t<\/div>\n\t\t\t\t<\/div>\n\t\t\t\t\t<\/div>\n\t\t<\/div>\n\t\t\t\t<div class=\"elementor-column elementor-col-50 elementor-top-column elementor-element elementor-element-bef0398\" data-id=\"bef0398\" data-element_type=\"column\">\n\t\t\t<div class=\"elementor-widget-wrap elementor-element-populated\">\n\t\t\t\t\t\t<div class=\"elementor-element elementor-element-9d5dbbc elementor-widget elementor-widget-image\" data-id=\"9d5dbbc\" data-element_type=\"widget\" data-widget_type=\"image.default\">\n\t\t\t\t<div class=\"elementor-widget-container\">\n\t\t\t<style>\/*! elementor - v3.21.0 - 30-04-2024 *\/\n.elementor-widget-image{text-align:center}.elementor-widget-image a{display:inline-block}.elementor-widget-image a img[src$=\".svg\"]{width:48px}.elementor-widget-image img{vertical-align:middle;display:inline-block}<\/style>\t\t\t\t\t\t\t\t\t\t<img fetchpriority=\"high\" decoding=\"async\" width=\"560\" height=\"496\" src=\"https:\/\/bakudanismanlik.com\/wp-content\/uploads\/2023\/05\/home1_img_1-1-1-560x496-4.png\" class=\"attachment-large size-large wp-image-6033\" alt=\"\" srcset=\"https:\/\/bakudanismanlik.com\/wp-content\/uploads\/2023\/05\/home1_img_1-1-1-560x496-4.png 560w, https:\/\/bakudanismanlik.com\/wp-content\/uploads\/2023\/05\/home1_img_1-1-1-560x496-4-300x266.png 300w\" sizes=\"(max-width: 560px) 100vw, 560px\" \/>\t\t\t\t\t\t\t\t\t\t\t\t\t<\/div>\n\t\t\t\t<\/div>\n\t\t\t\t\t<\/div>\n\t\t<\/div>\n\t\t\t\t\t<\/div>\n\t\t<\/section>\n\t\t\t\t<section class=\"elementor-section elementor-top-section elementor-element elementor-element-00da7e1 elementor-section-boxed elementor-section-height-default elementor-section-height-default\" data-id=\"00da7e1\" data-element_type=\"section\">\n\t\t\t\t\t\t<div class=\"elementor-container elementor-column-gap-default\">\n\t\t\t\t\t<div class=\"elementor-column elementor-col-100 elementor-top-column elementor-element elementor-element-7d26fb0\" data-id=\"7d26fb0\" data-element_type=\"column\">\n\t\t\t<div class=\"elementor-widget-wrap elementor-element-populated\">\n\t\t\t\t\t\t<div class=\"elementor-element elementor-element-2bf0c03 elementor-widget elementor-widget-heading\" data-id=\"2bf0c03\" data-element_type=\"widget\" data-widget_type=\"heading.default\">\n\t\t\t\t<div class=\"elementor-widget-container\">\n\t\t\t<h2 class=\"elementor-heading-title elementor-size-default\">Turkuaz Kart Ba\u015fvurusu\nBaku Dan\u0131\u015fmanl\u0131k<\/h2>\t\t<\/div>\n\t\t\t\t<\/div>\n\t\t\t\t<div class=\"elementor-element elementor-element-66ffcd7 elementor-widget elementor-widget-text-editor\" data-id=\"66ffcd7\" data-element_type=\"widget\" data-widget_type=\"text-editor.default\">\n\t\t\t\t<div class=\"elementor-widget-container\">\n\t\t\t\t\t\t\t<p class=\"font_8 wixui-rich-text__text\"><span class=\"wixui-rich-text__text\">Bakanl\u0131k\u00a0taraf\u0131ndan Turkuaz Kart ba\u015fvurusunun de\u011ferlendirilmesinde belli k\u0131staslar kapsam\u0131nda\u00a0puanlama sistemi\u00a0kullan\u0131l\u0131r.<\/span><\/p><p class=\"font_8 wixui-rich-text__text\">\u00a0<\/p><p class=\"font_8 wixui-rich-text__text\"><span class=\"wixui-rich-text__text\">Ba\u015fvuru \u00f6ncesi\u00a0avukatlar\u0131m\u0131z\u00a0sizin ile bir \u00f6n g\u00f6r\u00fc\u015fme yaparak Bakanl\u0131\u011f\u0131n belirledi\u011fi k\u0131staslara g\u00f6re, puanlama sisteminde ortalama ka\u00e7 puan alabilece\u011finizi, ba\u015fvurunuzun olumlu sonu\u00e7lanmas\u0131 i\u00e7in alaca\u011f\u0131n\u0131z tahmini puan\u0131n\u00a0yeterli olup olmayaca\u011f\u0131n\u0131 de\u011ferlendirirler,\u00a0tahmini puan\u0131n\u0131z yetersiz ise nas\u0131l yeterli hale getirilebilir? Bu konuda \u00e7\u00f6z\u00fcm \u00f6nerileri sunarlar ve sizin karar\u0131n\u0131za g\u00f6re ba\u015fvuru yaparlar.Turkuaz Kart ba\u015fvurusunun olumlu de\u011ferlendirilebilmesi i\u00e7in titizlikle ve eksiksiz haz\u0131rlanmas\u0131 gereken dosya haz\u0131rl\u0131\u011f\u0131 s\u00fcreci vard\u0131r.\u00a0Konusunda uzman ekibimiz\u00a0bu s\u00fcreci en iyi \u015fekilde y\u00f6netir.<\/span><\/p><p class=\"font_8 wixui-rich-text__text\">\u00a0<\/p><p class=\"font_8 wixui-rich-text__text\"><span class=\"wixui-rich-text__text\">Turkuaz kart ba\u015fvurusu\u00a0i\u00e7in haz\u0131rlanan dosya i\u00e7erisinde genel belgelerin yan\u0131 s\u0131ra nitelikli i\u015f g\u00fcc\u00fc, nitelikli yat\u0131r\u0131mc\u0131, bilim insan\u0131, k\u00fclt\u00fcrel, sanatsal veya sportif faaliyetler a\u00e7\u0131s\u0131ndan ulusal veya uluslararas\u0131 d\u00fczeyde ba\u015far\u0131l\u0131 olmu\u015f ki\u015filer veya Turkuaz Kart g\u00f6n\u00fcll\u00fcs\u00fc olan ki\u015filerin pozisyonlar\u0131n\u0131 ve kariyerlerini destekleyen belgelerin bulunmas\u0131 sa\u011flanacakt\u0131r. \u00a0<\/span><\/p><p class=\"font_8 wixui-rich-text__text\">\u00a0<\/p><p class=\"font_8 wixui-rich-text__text\"><span class=\"wixui-rich-text__text\">Uzman ekibimiz\u00a0kariyerinize ve pozisyonunuza g\u00f6re\u00a0temin etmeniz gereken belgeler konusunda size\u00a0dan\u0131\u015fmanl\u0131k hizmeti\u00a0verecektir.<\/span><\/p>\t\t\t\t\t\t<\/div>\n\t\t\t\t<\/div>\n\t\t\t\t<div class=\"elementor-element elementor-element-15e227e elementor-widget elementor-widget-button\" data-id=\"15e227e\" data-element_type=\"widget\" data-widget_type=\"button.default\">\n\t\t\t\t<div class=\"elementor-widget-container\">\n\t\t\t\t\t<div class=\"elementor-button-wrapper\">\n\t\t\t<a class=\"elementor-button elementor-button-link elementor-size-sm\" href=\"https:\/\/api.whatsapp.com\/send\/?phone=905433120420&#038;text=Merhaba&#038;type=phone_number&#038;app_absent=0\">\n\t\t\t\t\t\t<span class=\"elementor-button-content-wrapper\">\n\t\t\t\t\t\t<span class=\"elementor-button-icon elementor-align-icon-left\">\n\t\t\t\t<i aria-hidden=\"true\" class=\"fab fa-whatsapp\"><\/i>\t\t\t<\/span>\n\t\t\t\t\t\t\t\t\t<span class=\"elementor-button-text\">WhatsApp Bilgi Al<\/span>\n\t\t\t\t\t<\/span>\n\t\t\t\t\t<\/a>\n\t\t<\/div>\n\t\t\t\t<\/div>\n\t\t\t\t<\/div>\n\t\t\t\t\t<\/div>\n\t\t<\/div>\n\t\t\t\t\t<\/div>\n\t\t<\/section>\n\t\t\t\t<\/div>\n\t\t","protected":false},"excerpt":{"rendered":"<p>Kimler Turkuaz Kart Alabilir? Ba\u015fvuru Nas\u0131l Yap\u0131l\u0131yor? T\u00fcrkiye\u2019de\u00a0s\u00fcresiz \u00e7al\u0131\u015fma ve ikamet hakk\u0131n\u0131 i\u00e7eren &#8216;Turkuaz Kart&#8217; y\u00fcksek nitelikli i\u015f g\u00fcc\u00fc, y\u00fcksek nitelikli yat\u0131r\u0131mc\u0131, olarak de\u011ferlendirilen ki\u015filere; \u00a0 Ayr\u0131ca bilim insan\u0131 veya ara\u015ft\u0131rmac\u0131, k\u00fclt\u00fcrel, sanatsal veya sportif faaliyetler a\u00e7\u0131s\u0131ndan uluslararas\u0131 d\u00fczeyde ba\u015far\u0131l\u0131, T\u00fcrk k\u00fclt\u00fcr\u00fcn\u00fcn tan\u0131t\u0131m\u0131na uluslararas\u0131 d\u00fczeyde katk\u0131 sa\u011flayan ki\u015filere veriliyor. \u00a0 \u200bTurkuaz Kart ba\u015fvurusu;\u00a0 Yurt i\u00e7inde [&hellip;]<\/p>\n","protected":false},"author":1,"featured_media":352,"parent":0,"menu_order":0,"comment_status":"closed","ping_status":"closed","template":"elementor_header_footer","meta":{"footnotes":""},"class_list":["post-5890","page","type-page","status-publish","has-post-thumbnail","hentry"],"_links":{"self":[{"href":"https:\/\/bakudanismanlik.com\/index.php\/wp-json\/wp\/v2\/pages\/5890","targetHints":{"allow":["GET"]}}],"collection":[{"href":"https:\/\/bakudanismanlik.com\/index.php\/wp-json\/wp\/v2\/pages"}],"about":[{"href":"https:\/\/bakudanismanlik.com\/index.php\/wp-json\/wp\/v2\/types\/page"}],"author":[{"embeddable":true,"href":"https:\/\/bakudanismanlik.com\/index.php\/wp-json\/wp\/v2\/users\/1"}],"replies":[{"embeddable":true,"href":"https:\/\/bakudanismanlik.com\/index.php\/wp-json\/wp\/v2\/comments?post=5890"}],"version-history":[{"count":10,"href":"https:\/\/bakudanismanlik.com\/index.php\/wp-json\/wp\/v2\/pages\/5890\/revisions"}],"predecessor-version":[{"id":6088,"href":"https:\/\/bakudanismanlik.com\/index.php\/wp-json\/wp\/v2\/pages\/5890\/revisions\/6088"}],"wp:featuredmedia":[{"embeddable":true,"href":"https:\/\/bakudanismanlik.com\/index.php\/wp-json\/wp\/v2\/media\/352"}],"wp:attachment":[{"href":"https:\/\/bakudanismanlik.com\/index.php\/wp-json\/wp\/v2\/media?parent=5890"}],"curies":[{"name":"wp","href":"https:\/\/api.w.org\/{rel}","templated":true}]}}