{"id":5895,"date":"2023-05-22T22:20:31","date_gmt":"2023-05-22T19:20:31","guid":{"rendered":"https:\/\/bakudanismanlik.com\/?page_id=5895"},"modified":"2023-05-22T23:10:50","modified_gmt":"2023-05-22T20:10:50","slug":"turkiye-giris-yasagi-kaldirma","status":"publish","type":"page","link":"https:\/\/bakudanismanlik.com\/index.php\/turkiye-giris-yasagi-kaldirma\/","title":{"rendered":"T\u00fcrkiye Giri\u015f Yasa\u011f\u0131 Kald\u0131rma"},"content":{"rendered":"\t\t<div data-elementor-type=\"wp-page\" data-elementor-id=\"5895\" class=\"elementor elementor-5895\">\n\t\t\t\t\t\t<section class=\"elementor-section elementor-top-section elementor-element elementor-element-e1dd29d elementor-section-boxed elementor-section-height-default elementor-section-height-default\" data-id=\"e1dd29d\" data-element_type=\"section\">\n\t\t\t\t\t\t<div class=\"elementor-container elementor-column-gap-default\">\n\t\t\t\t\t<div class=\"elementor-column elementor-col-50 elementor-top-column elementor-element elementor-element-72ce8f4\" data-id=\"72ce8f4\" data-element_type=\"column\">\n\t\t\t<div class=\"elementor-widget-wrap elementor-element-populated\">\n\t\t\t\t\t\t<div class=\"elementor-element elementor-element-a673ea2 elementor-widget elementor-widget-heading\" data-id=\"a673ea2\" data-element_type=\"widget\" data-widget_type=\"heading.default\">\n\t\t\t\t<div class=\"elementor-widget-container\">\n\t\t\t<style>\/*! elementor - v3.21.0 - 30-04-2024 *\/\n.elementor-heading-title{padding:0;margin:0;line-height:1}.elementor-widget-heading .elementor-heading-title[class*=elementor-size-]>a{color:inherit;font-size:inherit;line-height:inherit}.elementor-widget-heading .elementor-heading-title.elementor-size-small{font-size:15px}.elementor-widget-heading .elementor-heading-title.elementor-size-medium{font-size:19px}.elementor-widget-heading .elementor-heading-title.elementor-size-large{font-size:29px}.elementor-widget-heading .elementor-heading-title.elementor-size-xl{font-size:39px}.elementor-widget-heading .elementor-heading-title.elementor-size-xxl{font-size:59px}<\/style><h2 class=\"elementor-heading-title elementor-size-default\">T\u00fcrkiye Giri\u015f Yasa\u011f\u0131 Kald\u0131rma\n<\/h2>\t\t<\/div>\n\t\t\t\t<\/div>\n\t\t\t\t<div class=\"elementor-element elementor-element-fee4d3a elementor-widget elementor-widget-text-editor\" data-id=\"fee4d3a\" data-element_type=\"widget\" data-widget_type=\"text-editor.default\">\n\t\t\t\t<div class=\"elementor-widget-container\">\n\t\t\t<style>\/*! elementor - v3.21.0 - 30-04-2024 *\/\n.elementor-widget-text-editor.elementor-drop-cap-view-stacked .elementor-drop-cap{background-color:#69727d;color:#fff}.elementor-widget-text-editor.elementor-drop-cap-view-framed .elementor-drop-cap{color:#69727d;border:3px solid;background-color:transparent}.elementor-widget-text-editor:not(.elementor-drop-cap-view-default) .elementor-drop-cap{margin-top:8px}.elementor-widget-text-editor:not(.elementor-drop-cap-view-default) .elementor-drop-cap-letter{width:1em;height:1em}.elementor-widget-text-editor .elementor-drop-cap{float:left;text-align:center;line-height:1;font-size:50px}.elementor-widget-text-editor .elementor-drop-cap-letter{display:inline-block}<\/style>\t\t\t\t<p class=\"font_8 wixui-rich-text__text\"><span class=\"wixui-rich-text__text\">Yabanc\u0131 uyruklu ki\u015filerin T\u00fcrkiye&#8217;deki deport cezas\u0131 kalkabilir mi? Deport edilen bir ki\u015fi T\u00fcrkiye\u2019ye gelebilir mi? Bu m\u00fcmk\u00fcn m\u00fcd\u00fcr?<\/span><\/p><p class=\"font_8 wixui-rich-text__text\"><span class=\"wixui-rich-text__text\">\u00c7a\u011fr\u0131 merkezimize gelen telefonlardan\u00a0ve e-maillerden anl\u0131yoruz ki T\u00fcrkiye&#8217;ye giri\u015f yasa\u011f\u0131 olan yabanc\u0131lar \u00fclkelerine d\u00f6nd\u00fckten sonra bazen adlar\u0131n\u0131, bazen soyadlar\u0131n\u0131 de\u011fi\u015ftirdikten sonra, \u00fclkelerinden veya ba\u015fka \u00fclkelerden yeni bir pasaport alarak T\u00fcrkiye\u2019ye tekrar giri\u015f yapmay\u0131 denemektedirler.<\/span><\/p><p class=\"font_8 wixui-rich-text__text\"><span class=\"wixui-rich-text__text\">Bu do\u011fru bir y\u00f6ntem olmad\u0131\u011f\u0131 gibi yasal da de\u011fildir.\u00a0\u00c7\u00fcnk\u00fc T\u00fcrkiye&#8217;ye giri\u015f yasa\u011f\u0131 \u00a0pasaportlara de\u011fil ki\u015filere verilmektedir. Bu y\u00f6ntem ile T\u00fcrkiye\u2019ye giri\u015f yap\u0131lmak istenildi\u011finde pasaport kontrollerinde pasaportlar\u0131n de\u011fi\u015ftirildi\u011fi bazen g\u00f6zden ka\u00e7abiliyor. Nadiren de olsa bu y\u00f6ntem ile T\u00fcrkiye\u2019ye yasa d\u0131\u015f\u0131 giri\u015f yap\u0131labiliyor. T\u00fcrkiye\u2019ye bu y\u00f6ntem ile giri\u015f yapan ki\u015filer nas\u0131l olsa T\u00fcrkiye\u2019ye giri\u015f yapt\u0131m art\u0131k bir \u015fey olamaz d\u00fc\u015f\u00fcncesiyle birde ikamet iznine ba\u015fvuru yap\u0131yorlar.<\/span><\/p><p class=\"font_8 wixui-rich-text__text\"><span class=\"wixui-rich-text__text\">Ancak ikamet izinleri daha kapsaml\u0131 ara\u015ft\u0131r\u0131ld\u0131\u011f\u0131 i\u00e7in\u00a0durum hemen fark ediliyor ve bu ki\u015filer i\u00e7in idari i\u015flem yap\u0131larak ve haklar\u0131nda daha uzun s\u00fcreler ile T\u00fcrkiye\u2019ye giri\u015f yasa\u011f\u0131 koyularak s\u0131n\u0131r d\u0131\u015f\u0131 ediliyorlar.<\/span><\/p><p class=\"font_8 wixui-rich-text__text\"><span class=\"wixui-rich-text__text\">Ancak yasa\u011f\u0131n\u0131z\u0131n cezas\u0131n\u0131 kalkabimesi i\u00e7in \u00f6nemli olan nokta\u00a0size T\u00fcrkiye&#8217;ye giri\u015f yasa\u011f\u0131n\u0131n ne i\u00e7in verildi\u011fidir. \u00d6rne\u011fin, T\u00fcrkiye&#8217;ye giri\u015f yasa\u011f\u0131 vize ihlalinden kaynaklanan nedenler ile verildiyse bu ceza me\u015fruhatl\u0131 vize kolayl\u0131kla kald\u0131r\u0131labilir.<\/span><\/p><p class=\"font_8 wixui-rich-text__text\"><span class=\"wixui-rich-text__text\">Adli nedenlerden dolay\u0131 s\u0131n\u0131r d\u0131\u015f\u0131 edilen ki\u015filerin\u00a0 veya ter\u00f6r \u00f6rg\u00fctleri ile ba\u011flant\u0131s\u0131 oldu\u011fu tespit edilen ki\u015filerin deport cezalar\u0131 hi\u00e7bir \u015fekilde kalkmaz.<\/span><\/p><p class=\"font_8 wixui-rich-text__text\">\u00a0<\/p><p class=\"font_8 wixui-rich-text__text\"><span class=\"wixui-rich-text__text\">Hangi neden ile deport edildi\u011finizi veya ne kadar s\u00fcre ile deport edildi\u011finizi bilmiyorsan\u0131z, \u00f6\u011frenmek ve T\u00fcrkiye\u2019ye yasal olarak geri gelmek i\u00e7in G\u00f6\u00e7 Dan\u0131\u015fmanlar\u0131m\u0131zdan ve avukatlar\u0131m\u0131zdan destek alabilirsiniz.<\/span><\/p><p class=\"font_8 wixui-rich-text__text\">\u00a0<\/p><p class=\"font_8 wixui-rich-text__text\"><span class=\"wixui-rich-text__text\">Unutmay\u0131n T\u00fcrkiye&#8217;ye giri\u015f yasa\u011f\u0131n\u0131z do\u011fru y\u00f6ntemler ile kald\u0131r\u0131labilir.<\/span><\/p>\t\t\t\t\t\t<\/div>\n\t\t\t\t<\/div>\n\t\t\t\t<div class=\"elementor-element elementor-element-51ecd31 elementor-widget elementor-widget-button\" data-id=\"51ecd31\" data-element_type=\"widget\" data-widget_type=\"button.default\">\n\t\t\t\t<div class=\"elementor-widget-container\">\n\t\t\t\t\t<div class=\"elementor-button-wrapper\">\n\t\t\t<a class=\"elementor-button elementor-button-link elementor-size-md\" href=\"https:\/\/api.whatsapp.com\/send\/?phone=905433120420&#038;text=Merhaba&#038;type=phone_number&#038;app_absent=0\">\n\t\t\t\t\t\t<span class=\"elementor-button-content-wrapper\">\n\t\t\t\t\t\t<span class=\"elementor-button-icon elementor-align-icon-left\">\n\t\t\t\t<i aria-hidden=\"true\" class=\"fab fa-whatsapp\"><\/i>\t\t\t<\/span>\n\t\t\t\t\t\t\t\t\t<span class=\"elementor-button-text\">WhatsApp Destek Hatt\u0131<\/span>\n\t\t\t\t\t<\/span>\n\t\t\t\t\t<\/a>\n\t\t<\/div>\n\t\t\t\t<\/div>\n\t\t\t\t<\/div>\n\t\t\t\t\t<\/div>\n\t\t<\/div>\n\t\t\t\t<div class=\"elementor-column elementor-col-50 elementor-top-column elementor-element elementor-element-bef0398\" data-id=\"bef0398\" data-element_type=\"column\">\n\t\t\t<div class=\"elementor-widget-wrap elementor-element-populated\">\n\t\t\t\t\t\t<div class=\"elementor-element elementor-element-9d5dbbc elementor-widget elementor-widget-image\" data-id=\"9d5dbbc\" data-element_type=\"widget\" data-widget_type=\"image.default\">\n\t\t\t\t<div class=\"elementor-widget-container\">\n\t\t\t<style>\/*! elementor - v3.21.0 - 30-04-2024 *\/\n.elementor-widget-image{text-align:center}.elementor-widget-image a{display:inline-block}.elementor-widget-image a img[src$=\".svg\"]{width:48px}.elementor-widget-image img{vertical-align:middle;display:inline-block}<\/style>\t\t\t\t\t\t\t\t\t\t<img fetchpriority=\"high\" decoding=\"async\" width=\"560\" height=\"496\" src=\"https:\/\/bakudanismanlik.com\/wp-content\/uploads\/2023\/05\/home1_img_1-1-1-560x496-5.png\" class=\"attachment-large size-large wp-image-6040\" alt=\"\" srcset=\"https:\/\/bakudanismanlik.com\/wp-content\/uploads\/2023\/05\/home1_img_1-1-1-560x496-5.png 560w, https:\/\/bakudanismanlik.com\/wp-content\/uploads\/2023\/05\/home1_img_1-1-1-560x496-5-300x266.png 300w\" sizes=\"(max-width: 560px) 100vw, 560px\" \/>\t\t\t\t\t\t\t\t\t\t\t\t\t<\/div>\n\t\t\t\t<\/div>\n\t\t\t\t\t<\/div>\n\t\t<\/div>\n\t\t\t\t\t<\/div>\n\t\t<\/section>\n\t\t\t\t<section class=\"elementor-section elementor-top-section elementor-element elementor-element-00da7e1 elementor-section-boxed elementor-section-height-default elementor-section-height-default\" data-id=\"00da7e1\" data-element_type=\"section\">\n\t\t\t\t\t\t<div class=\"elementor-container elementor-column-gap-default\">\n\t\t\t\t\t<div class=\"elementor-column elementor-col-100 elementor-top-column elementor-element elementor-element-7d26fb0\" data-id=\"7d26fb0\" data-element_type=\"column\">\n\t\t\t<div class=\"elementor-widget-wrap elementor-element-populated\">\n\t\t\t\t\t\t<div class=\"elementor-element elementor-element-2bf0c03 elementor-widget elementor-widget-heading\" data-id=\"2bf0c03\" data-element_type=\"widget\" data-widget_type=\"heading.default\">\n\t\t\t\t<div class=\"elementor-widget-container\">\n\t\t\t<h2 class=\"elementor-heading-title elementor-size-default\">Vize \u0130hlali Nedeni \u0130le T\u00fcrkiye'ye Giri\u015f Yasa\u011f\u0131 Alan Yabanc\u0131lar\u0131n Giri\u015f Yasaklar\u0131 Kalkabilir...\n<\/h2>\t\t<\/div>\n\t\t\t\t<\/div>\n\t\t\t\t<div class=\"elementor-element elementor-element-66ffcd7 elementor-widget elementor-widget-text-editor\" data-id=\"66ffcd7\" data-element_type=\"widget\" data-widget_type=\"text-editor.default\">\n\t\t\t\t<div class=\"elementor-widget-container\">\n\t\t\t\t\t\t\t<div data-testid=\"richTextElement\">\n<p><span>T\u00fcrkiye&#8217;de yasal kal\u0131\u015f &nbsp;s\u00fcrelerini ihlal eden&nbsp;yabanc\u0131 uyruklu ki\u015filer &nbsp;cezal\u0131 duruma d\u00fc\u015fer.&nbsp;T\u00fcrkiye&#8217;de 3 aydan daha dazla yasal kal\u0131\u015f haklar\u0131n\u0131 ihlal eden yabanc\u0131lar yurt d\u0131\u015f\u0131na \u00e7\u0131karken T\u00fcrkiye&#8217;de vize ihlalinde &nbsp;bulunduklar\u0131 s\u00fcre ile orant\u0131l\u0131, idari para cezalar\u0131n\u0131 \u00f6deyip \u00f6demediklerine bak\u0131lmaks\u0131z\u0131n&nbsp; \u00c7 kodlar\u0131yla 1 aydan 5 y\u0131la kadar giri\u015f yasa\u011f\u0131 al\u0131rlar.&nbsp;<\/span><\/p>\n<p><span><span><\/span><\/span><\/p>\n<p><span>\u00c7 101 \u00c7 102 \u00c7 103 \u00c7 104 \u00c7 105 ve N 120 tahdit kodlar\u0131yla T\u00fcrkiye giri\u015f yasa\u011f\u0131 alan yabanc\u0131lar&nbsp;<\/span><span>T\u00fcrkiye\u2019de bulunduklar\u0131 s\u00fcre i\u00e7erisinde herhangi bir su\u00e7a kar\u0131\u015fmam\u0131\u015flar ise Bulunduklar\u0131 \u00fclkedeki T\u00fcrkiye temsilciliklerinden me\u015fruhatl\u0131 vize alarak giri\u015f yasa\u011f\u0131 s\u00fcrelerinin dolmas\u0131 beklemeden&nbsp; T\u00fcrkiye&#8217;ye gelebilirler.&nbsp;<\/span><\/p>\n<p>\n<\/p><p><span>Me\u015fruhatl\u0131 vize ile T\u00fcrkiye&#8217;ye gelen &nbsp;yabanc\u0131 uyruklu ki\u015filer vize ama\u00e7lar\u0131na uygun ikamet izni alabilirler. \u00c7al\u0131\u015fma vizesi ile gelenlerin ise 30 g\u00fcnl\u00fck s\u00fcre i\u00e7erisinde&nbsp;sigorta giri\u015fleri yap\u0131lmal\u0131d\u0131r.<\/span><\/p>\n<\/div>\n<div data-testid=\"richTextElement\">\n<p><span>Baz\u0131 giri\u015f yasaklar\u0131&nbsp;me\u015fruhatl\u0131 vize ile kalkarken, baz\u0131lar\u0131 mahkeme karar\u0131 idari karar ile &nbsp;kalkabilir.&nbsp;<\/span><\/p>\n<p><span><span><\/span><\/span><\/p>\n<p><span>\u00d6te yandan&nbsp;T\u00fcrkiye&#8217;ye giri\u015f yasa\u011f\u0131 olan yabanc\u0131lar&nbsp;en \u00e7ok a\u015fa\u011f\u0131daki sorular\u0131 sormaktad\u0131rlar.<\/span><\/p>\n<ul>\n<li>\n<p><span>T\u00fcrkiye&#8217;ye ne kadar s\u00fcre ile giri\u015f yasa\u011f\u0131m var m\u0131?<\/span><\/p>\n<\/li>\n<li>\n<p><span>T\u00fcrkiye&#8217;ye giri\u015f yasa\u011f\u0131m hangi &nbsp; nedenlerden koyuldu?<\/span><\/p>\n<\/li>\n<li>\n<p><span>T\u00fcrkiye&#8217;ye giri\u015f yasa\u011f\u0131m ne zaman bitiyor?<\/span><\/p>\n<\/li>\n<li>\n<p><span>T\u00fcrkiye&#8217;ye giri\u015f yasa\u011f\u0131m kald\u0131r\u0131labilir mi?<\/span><\/p>\n<\/li>\n<li>\n<p><span>T\u00fcrkiye&#8217;ye &nbsp;giri\u015f yasa\u011f\u0131m nas\u0131l kald\u0131r\u0131labilir?<\/span><\/p>\n<\/li>\n<li>\n<p><span>T\u00fcrkiye&#8217;ye giri\u015f yasa\u011f\u0131n var. Me\u015fruhatl\u0131 vize ile gelebilir miyim? <\/span><\/p>\n<\/li>\n<\/ul>\n<p><span><span><\/span><\/span><\/p>\n<p><span>Avukatlar\u0131m\u0131z&nbsp;T\u00fcrkiye&#8217;deki giri\u015f yasa\u011f\u0131n\u0131z\u0131 kald\u0131rmak&nbsp;i\u00e7in size her zaman destek olmaya haz\u0131rd\u0131rlar.&nbsp;<\/span>Baku<span>&nbsp;Dan\u0131\u015fmanl\u0131k&nbsp;T\u00fcrkiye&#8217;ye giri\u015f yasa\u011f\u0131n\u0131z\u0131 kald\u0131rmak i\u00e7in size do\u011fru, ekonomik ve yasal \u00e7\u00f6z\u00fcmler sunar.<\/span><\/p>\n<\/div>\t\t\t\t\t\t<\/div>\n\t\t\t\t<\/div>\n\t\t\t\t<div class=\"elementor-element elementor-element-15e227e elementor-widget elementor-widget-button\" data-id=\"15e227e\" data-element_type=\"widget\" data-widget_type=\"button.default\">\n\t\t\t\t<div class=\"elementor-widget-container\">\n\t\t\t\t\t<div class=\"elementor-button-wrapper\">\n\t\t\t<a class=\"elementor-button elementor-button-link elementor-size-sm\" href=\"https:\/\/api.whatsapp.com\/send\/?phone=905433120420&#038;text=Merhaba&#038;type=phone_number&#038;app_absent=0\">\n\t\t\t\t\t\t<span class=\"elementor-button-content-wrapper\">\n\t\t\t\t\t\t<span class=\"elementor-button-icon elementor-align-icon-left\">\n\t\t\t\t<i aria-hidden=\"true\" class=\"fab fa-whatsapp\"><\/i>\t\t\t<\/span>\n\t\t\t\t\t\t\t\t\t<span class=\"elementor-button-text\">WhatsApp Bilgi Al<\/span>\n\t\t\t\t\t<\/span>\n\t\t\t\t\t<\/a>\n\t\t<\/div>\n\t\t\t\t<\/div>\n\t\t\t\t<\/div>\n\t\t\t\t\t<\/div>\n\t\t<\/div>\n\t\t\t\t\t<\/div>\n\t\t<\/section>\n\t\t\t\t<\/div>\n\t\t","protected":false},"excerpt":{"rendered":"<p>T\u00fcrkiye Giri\u015f Yasa\u011f\u0131 Kald\u0131rma Yabanc\u0131 uyruklu ki\u015filerin T\u00fcrkiye&#8217;deki deport cezas\u0131 kalkabilir mi? Deport edilen bir ki\u015fi T\u00fcrkiye\u2019ye gelebilir mi? Bu m\u00fcmk\u00fcn m\u00fcd\u00fcr? \u00c7a\u011fr\u0131 merkezimize gelen telefonlardan\u00a0ve e-maillerden anl\u0131yoruz ki T\u00fcrkiye&#8217;ye giri\u015f yasa\u011f\u0131 olan yabanc\u0131lar \u00fclkelerine d\u00f6nd\u00fckten sonra bazen adlar\u0131n\u0131, bazen soyadlar\u0131n\u0131 de\u011fi\u015ftirdikten sonra, \u00fclkelerinden veya ba\u015fka \u00fclkelerden yeni bir pasaport alarak T\u00fcrkiye\u2019ye tekrar giri\u015f yapmay\u0131 [&hellip;]<\/p>\n","protected":false},"author":1,"featured_media":352,"parent":0,"menu_order":0,"comment_status":"closed","ping_status":"closed","template":"elementor_header_footer","meta":{"footnotes":""},"class_list":["post-5895","page","type-page","status-publish","has-post-thumbnail","hentry"],"_links":{"self":[{"href":"https:\/\/bakudanismanlik.com\/index.php\/wp-json\/wp\/v2\/pages\/5895","targetHints":{"allow":["GET"]}}],"collection":[{"href":"https:\/\/bakudanismanlik.com\/index.php\/wp-json\/wp\/v2\/pages"}],"about":[{"href":"https:\/\/bakudanismanlik.com\/index.php\/wp-json\/wp\/v2\/types\/page"}],"author":[{"embeddable":true,"href":"https:\/\/bakudanismanlik.com\/index.php\/wp-json\/wp\/v2\/users\/1"}],"replies":[{"embeddable":true,"href":"https:\/\/bakudanismanlik.com\/index.php\/wp-json\/wp\/v2\/comments?post=5895"}],"version-history":[{"count":13,"href":"https:\/\/bakudanismanlik.com\/index.php\/wp-json\/wp\/v2\/pages\/5895\/revisions"}],"predecessor-version":[{"id":6082,"href":"https:\/\/bakudanismanlik.com\/index.php\/wp-json\/wp\/v2\/pages\/5895\/revisions\/6082"}],"wp:featuredmedia":[{"embeddable":true,"href":"https:\/\/bakudanismanlik.com\/index.php\/wp-json\/wp\/v2\/media\/352"}],"wp:attachment":[{"href":"https:\/\/bakudanismanlik.com\/index.php\/wp-json\/wp\/v2\/media?parent=5895"}],"curies":[{"name":"wp","href":"https:\/\/api.w.org\/{rel}","templated":true}]}}