{"id":5957,"date":"2023-05-22T22:48:37","date_gmt":"2023-05-22T19:48:37","guid":{"rendered":"https:\/\/bakudanismanlik.com\/?page_id=5957"},"modified":"2023-05-22T22:49:29","modified_gmt":"2023-05-22T19:49:29","slug":"mesleki-yeterlilik","status":"publish","type":"page","link":"https:\/\/bakudanismanlik.com\/index.php\/mesleki-yeterlilik\/","title":{"rendered":"Mesleki Yeterlilik"},"content":{"rendered":"\t\t<div data-elementor-type=\"wp-page\" data-elementor-id=\"5957\" class=\"elementor elementor-5957\">\n\t\t\t\t\t\t<section class=\"elementor-section elementor-top-section elementor-element elementor-element-e1dd29d elementor-section-boxed elementor-section-height-default elementor-section-height-default\" data-id=\"e1dd29d\" data-element_type=\"section\">\n\t\t\t\t\t\t<div class=\"elementor-container elementor-column-gap-default\">\n\t\t\t\t\t<div class=\"elementor-column elementor-col-50 elementor-top-column elementor-element elementor-element-72ce8f4\" data-id=\"72ce8f4\" data-element_type=\"column\">\n\t\t\t<div class=\"elementor-widget-wrap elementor-element-populated\">\n\t\t\t\t\t\t<div class=\"elementor-element elementor-element-a673ea2 elementor-widget elementor-widget-heading\" data-id=\"a673ea2\" data-element_type=\"widget\" data-widget_type=\"heading.default\">\n\t\t\t\t<div class=\"elementor-widget-container\">\n\t\t\t<style>\/*! elementor - v3.21.0 - 30-04-2024 *\/\n.elementor-heading-title{padding:0;margin:0;line-height:1}.elementor-widget-heading .elementor-heading-title[class*=elementor-size-]>a{color:inherit;font-size:inherit;line-height:inherit}.elementor-widget-heading .elementor-heading-title.elementor-size-small{font-size:15px}.elementor-widget-heading .elementor-heading-title.elementor-size-medium{font-size:19px}.elementor-widget-heading .elementor-heading-title.elementor-size-large{font-size:29px}.elementor-widget-heading .elementor-heading-title.elementor-size-xl{font-size:39px}.elementor-widget-heading .elementor-heading-title.elementor-size-xxl{font-size:59px}<\/style><h2 class=\"elementor-heading-title elementor-size-default\">Mesleki Yeterlilik\n<\/h2>\t\t<\/div>\n\t\t\t\t<\/div>\n\t\t\t\t<div class=\"elementor-element elementor-element-fee4d3a elementor-widget elementor-widget-text-editor\" data-id=\"fee4d3a\" data-element_type=\"widget\" data-widget_type=\"text-editor.default\">\n\t\t\t\t<div class=\"elementor-widget-container\">\n\t\t\t<style>\/*! elementor - v3.21.0 - 30-04-2024 *\/\n.elementor-widget-text-editor.elementor-drop-cap-view-stacked .elementor-drop-cap{background-color:#69727d;color:#fff}.elementor-widget-text-editor.elementor-drop-cap-view-framed .elementor-drop-cap{color:#69727d;border:3px solid;background-color:transparent}.elementor-widget-text-editor:not(.elementor-drop-cap-view-default) .elementor-drop-cap{margin-top:8px}.elementor-widget-text-editor:not(.elementor-drop-cap-view-default) .elementor-drop-cap-letter{width:1em;height:1em}.elementor-widget-text-editor .elementor-drop-cap{float:left;text-align:center;line-height:1;font-size:50px}.elementor-widget-text-editor .elementor-drop-cap-letter{display:inline-block}<\/style>\t\t\t\t<p align=\"justify\">Tapu k\u00fct\u00fc\u011f\u00fcne kay\u0131tl\u0131 olsun ya da olmas\u0131n ta\u015f\u0131nmaz al\u0131m sat\u0131m\u0131 ve kiralanmas\u0131 ile tapu i\u015flemlerine arac\u0131l\u0131k eden, ta\u015f\u0131nmazla ilgili dan\u0131\u015fmanl\u0131k ve y\u00f6netim hizmeti veren ger\u00e7ek veya t\u00fczel ki\u015fi tacirler ile esnaf ve sanatk\u00e2rlar\u0131n mesleki faaliyetlerini d\u00fczenlemek amac\u0131yla haz\u0131rlanan Ta\u015f\u0131nmaz Ticareti Y\u00f6netmeli\u011fi 05.06.2018 tarihli 30442 say\u0131l\u0131 Resmi Gazete\u2019de yay\u0131mlanarak y\u00fcr\u00fcrl\u00fc\u011fe girmi\u015ftir.<\/p><p align=\"justify\">Buna g\u00f6re 05.06.2018 tarihinden itibaren ilgili y\u00f6netmeli\u011fin 6. Maddesinin (d) bendi uyar\u0131nca Ger\u00e7ek ki\u015fi tacirler ile esnaf ve sanatk\u00e2rlar\u0131n kendilerinin, ticaret \u015firketleri ile di\u011fer t\u00fczel ki\u015fi tacirlerin temsile yetkili ki\u015filerinden en az birinin, \u015fubelerde ise \u015fube m\u00fcd\u00fcr\u00fcn\u00fcn sorumlu emlak dan\u0131\u015fman\u0131 (Seviye 5) ulusal yeterlili\u011fine dayal\u0131 MYK Mesleki Yeterlilik Belgesine sahip olmas\u0131, ayr\u0131ca yine ilgili y\u00f6netmeli\u011fin 10. Maddesinn 1. F\u0131kras\u0131 uyar\u0131nca \u0130\u015fletmede pazarlama ve sat\u0131\u015f personeli olarak \u00e7al\u0131\u015ft\u0131r\u0131lan ki\u015filerin sorumlu emlak dan\u0131\u015fman\u0131 (Seviye 5) veya emlak dan\u0131\u015fman\u0131 (Seviye 4) ulusal yeterliliklerine dayal\u0131 MYK Mesleki Yeterlilik Belgelerinden birine sahip olmalar\u0131 zorunlu hale getirilmi\u015ftir.<\/p><p>\u00a0<\/p><h4 class=\"nocaps\">MYK EMLAK BELGE T\u00dcRLER\u0130<\/h4><p align=\"justify\">Emlak Dan\u0131\u015fmanl\u0131\u011f\u0131 Mesleki Yeterlilik belgesi, Sorumlu Emlak Dan\u0131\u015fmanl\u0131\u011f\u0131 Seviye 5 ve Emlak Dan\u0131\u015fmanl\u0131\u011f\u0131 Seviye 4 \u015feklinde iki farkl\u0131 belge olarak d\u00fczenlenmektedir. Ofis sahipleri veya kendi i\u015f yerini a\u00e7mak isteyen\\a\u00e7an adaylar\u0131n Sorumlu Emlak Dan\u0131\u015fmanl\u0131\u011f\u0131 Seviye 5 belgesi alma zorunlulu\u011fu vard\u0131r. Ofis \u00e7al\u0131\u015fanlar\u0131n\u0131n veya Sorumlu Emlak Dan\u0131\u015fmanl\u0131\u011f\u0131 Seviye 5 belgesi alma \u015fartlar\u0131n\u0131 yerine getiremeyenlerin Emlak Dan\u0131\u015fmanl\u0131\u011f\u0131 Seviye 4 belgesi alma zorunlulu\u011fu bulunmaktad\u0131r.<\/p><p align=\"justify\">Ancak Emlak\u00e7\u0131lar\u0131n Mesleki Yeterlilik Belgesi olmadan \u00e7al\u0131\u015famayaca\u011f\u0131 gibi Mesleki Yeterlilik Belgesi almalar\u0131 da tek ba\u015f\u0131na yeterli de\u011fildir. En az 100 saatlik e\u011fitim ald\u0131\u011f\u0131n\u0131 g\u00f6steren Milli E\u011fitim Bakanl\u0131\u011f\u0131 Onayl\u0131 veya \u00dcniversite Onayl\u0131 Emlak Dan\u0131\u015fmanl\u0131\u011f\u0131 sertifikas\u0131 almalar\u0131 da gerekmektedir.<\/p><p>\u00a0<\/p><h4 class=\"nocaps\">Y\u00d6NERGE<\/h4><p align=\"justify\">5 Haziran 2018 tarihli ve 30442 say\u0131l\u0131 Resm\u00ee Gazete&#8217; de yay\u0131mlanarak y\u00fcr\u00fcrl\u00fc\u011fe giren TA\u015eINMAZ T\u0130CARET\u0130 HAKKINDA Y\u00d6NETMEL\u0130K ile birlikte, ki\u015filerin emlak\u00e7\u0131l\u0131k belgesi &#8211; emlak\u00e7\u0131l\u0131k yetki belgesi (Ta\u015f\u0131nmaz Ticareti Yetki Belgesi) alabilmesi i\u00e7in, Sorumlu Emlak Dan\u0131\u015fman\u0131 (Seviye 5) veya Emlak Dan\u0131\u015fman\u0131 (Seviye 4) Mesleki Yeterlilik Belgesine sahip olmalar\u0131 zorunlu hale gelmi\u015ftir.<\/p><p align=\"justify\"><b>TA\u015eINMAZ T\u0130CARET\u0130 HAKKINDA Y\u00d6NETMEL\u0130K<\/b>&#8216; te Sorumlu Emlak Dan\u0131\u015fman\u0131 (Seviye 5) veya Emlak Dan\u0131\u015fman\u0131 (Seviye 4) Mesleki Yeterlilik Belgesi ile ilgili yer alan maddeler \u015funlard\u0131r:<\/p><p>\u00a0<\/p><h4 class=\"nocaps\">Yetki belgesi verilmesinde aranan \u015fartlar<\/h4><p align=\"justify\"><b>MADDE 6<\/b>\u00a0\u2013 (1) \u0130\u015fletmeye yetki belgesi verilebilmesi i\u00e7in; (a, b, c, \u00e7 maddelerinin yan\u0131 s\u0131ra ki\u015filerin) d) Ger\u00e7ek ki\u015fi tacirler ile esnaf ve sanatk\u00e2rlar\u0131n kendilerinin, ticaret \u015firketleri ile di\u011fer t\u00fczel ki\u015fi tacirlerin temsile yetkili ki\u015filerinden en az birinin, \u015fubelerde ise \u015fube m\u00fcd\u00fcr\u00fcn\u00fcn sorumlu emlak dan\u0131\u015fman\u0131 (Seviye 5) ulusal yeterlili\u011fine dayal\u0131 mesleki yeterlilik belgesine sahip olmas\u0131, gerekir.<\/p><p align=\"justify\">(2) Bakanl\u0131k, yetki belgesi verilmesi i\u00e7in mesleki e\u011fitim \u015fart\u0131 getirmeye ve bu e\u011fitime ili\u015fkin usul ve esaslar\u0131 ilgili kamu kurum ve kurulu\u015flar\u0131n\u0131n g\u00f6r\u00fc\u015flerini alarak belirlemeye yetkilidir. Mesleki e\u011fitim; Bakanl\u0131k, Mill\u00ee E\u011fitim Bakanl\u0131\u011f\u0131 veya Bakanl\u0131k\u00e7a uygun g\u00f6r\u00fclen kamu kurumlar\u0131, \u00fcniversiteler, kamu kurumu niteli\u011findeki meslek kurulu\u015flar\u0131 ve mesleki yeterlilik belgesi vermeye yetkili kurum ve kurulu\u015flar taraf\u0131ndan verilir.<\/p><p>\u00a0<\/p><h4 class=\"nocaps\">Mesleki yeterlilik belgesi<\/h4><p align=\"justify\"><b>MADDE 10<\/b>\u00a0\u2013 (1) \u0130\u015fletmede pazarlama ve sat\u0131\u015f personeli olarak \u00e7al\u0131\u015ft\u0131r\u0131lan ki\u015filerin sorumlu emlak dan\u0131\u015fman\u0131 (Seviye 5) veya emlak dan\u0131\u015fman\u0131 (Seviye 4) ulusal yeterliliklerine dayal\u0131 mesleki yeterlilik belgelerinden birine sahip olmas\u0131 gerekir.<\/p><p align=\"justify\">(2) 6 nc\u0131 maddenin birinci f\u0131kras\u0131n\u0131n (d) bendinde belirtilen ki\u015filer ile i\u015fletmede pazarlama ve sat\u0131\u015f personeli olarak \u00e7al\u0131\u015ft\u0131r\u0131lan ki\u015filerin orta\u00f6\u011fretim ve y\u00fcksek\u00f6\u011fretim kurumlar\u0131n\u0131n ta\u015f\u0131nmaz ticareti ile ilgili alanlar\u0131ndan veya bunlara denkli\u011fi kabul edilen yurt d\u0131\u015f\u0131ndaki \u00f6\u011fretim kurumlar\u0131ndan mezun olmalar\u0131 durumunda mesleki yeterlilik belgesi \u015fart\u0131 aranmaz.<\/p><p align=\"justify\">(3) Bakanl\u0131k, yetki belgesine sahip i\u015fletmelerce \u00e7al\u0131\u015ft\u0131r\u0131lmas\u0131 gereken mesleki yeterlilik belgesine sahip asgari personel say\u0131s\u0131n\u0131 belirlemeye yetkilidir.<\/p><p align=\"justify\">(4) Mesleki yeterlilik belgesine ili\u015fkin di\u011fer hususlarda 5544 say\u0131l\u0131 Kanun ve ikincil mevzuat\u0131ndaki h\u00fck\u00fcmler uygulan\u0131r.<\/p><p>\u00a0<\/p><h4 class=\"nocaps\">Bilgi Sistemi ve ilan<\/h4><p align=\"justify\"><b>MADDE 11<\/b>\u00a0\u2013 (1) Ta\u015f\u0131nmaz ticaretinin takip ve kontrol\u00fc amac\u0131yla Bakanl\u0131k taraf\u0131ndan Bilgi Sistemi olu\u015fturulur.<\/p><p align=\"justify\">(2) Yetki belgesi verilen, ask\u0131ya al\u0131nan, ask\u0131dan indirilen ve iptal edilen i\u015fletmeler il m\u00fcd\u00fcrl\u00fcklerince, mesleki yeterlilik belgesi onaylanan ve iptal edilen ki\u015filer Mesleki Yeterlilik Kurumunca e\u015f zamanl\u0131 olarak, Bakanl\u0131k\u00e7a gerekli g\u00f6r\u00fclen di\u011fer bilgiler ise ilgili ki\u015fi, kurum ve kurulu\u015flarca Bakanl\u0131\u011f\u0131n belirledi\u011fi s\u00fcre i\u00e7inde Bilgi Sistemine aktar\u0131l\u0131r.<\/p><p>\u00a0<\/p><h4 class=\"nocaps\">Ge\u00e7i\u015f h\u00fck\u00fcmleri<\/h4><p align=\"justify\">(4) Bu maddenin y\u00fcr\u00fcrl\u00fc\u011fe girdi\u011fi tarih itibar\u0131yla ta\u015f\u0131nmaz ticaretiyle i\u015ftigal eden, gelir veya kurumlar vergisi kayd\u0131 ile meslek odas\u0131 kayd\u0131 bulunan ve halk e\u011fitim merkezleri ya da Milli E\u011fitim Bakanl\u0131\u011f\u0131nca yetkilendirilen meslek odalar\u0131nca verilen e\u011fitim sonucunda ta\u015f\u0131nmaz ticareti ile ilgili sertifika alm\u0131\u015f olan tacirler ile esnaf ve sanatk\u00e2rlarda 6 nc\u0131 maddenin birinci f\u0131kras\u0131n\u0131n (d) bendinde belirtilen mesleki yeterlilik belgesi \u015fart\u0131 aranmaz.<\/p><p>\u00a0<\/p><h4 class=\"nocaps\">BELGE GE\u00c7ERL\u0130L\u0130K S\u00dcRES\u0130<\/h4><p align=\"justify\">Belge ge\u00e7erlilik s\u00fcresi 5 y\u0131ld\u0131r.<\/p><p>\u00a0<\/p><h4 class=\"nocaps\">SINAV B\u0130LG\u0130LER\u0130<\/h4><p align=\"justify\">Emlak Dan\u0131\u015fmanl\u0131\u011f\u0131 Mesleki Yeterlilik Belgesi kapsam\u0131nda test ve uygulama olmak \u00fczere 2 a\u015famal\u0131 s\u0131nav yap\u0131lmaktad\u0131r. Test s\u0131nav\u0131nda temel i\u015f g\u00fcvenli\u011fi sorular\u0131 ile birlikte pazarlama y\u00f6ntemleri hakk\u0131nda temel sorular sorulmaktad\u0131r. Aday, her iki s\u0131navda da ba\u015far\u0131l\u0131 olmas\u0131 durumunda ba\u015far\u0131l\u0131 kabul edilir.Belge almaya hak kazanamayan adaylara, talep etmeleri durumunda, ba\u015far\u0131l\u0131 olduklar\u0131 birimlerle ilgili birim ba\u015far\u0131 belgesi verilir.<\/p><p align=\"justify\">S\u0131navlarda herkesin 2 s\u0131nav hakk\u0131 vard\u0131r. S\u0131navda ba\u015far\u0131l\u0131 olan adaylardan 200 TL belge \u00fccreti ayr\u0131ca tahsil edilmektedir. S\u0131navda ba\u015far\u0131l\u0131 olanlara Mesleki Yeterlilik Belgesi ve Mesleki Yeterlilik Kimlik Kart\u0131 verilmektedir. Belgeler Avrupa Birli\u011fi \u00fclkelerinde ge\u00e7erlidir.<\/p>\t\t\t\t\t\t<\/div>\n\t\t\t\t<\/div>\n\t\t\t\t<div class=\"elementor-element elementor-element-51ecd31 elementor-widget elementor-widget-button\" data-id=\"51ecd31\" data-element_type=\"widget\" data-widget_type=\"button.default\">\n\t\t\t\t<div class=\"elementor-widget-container\">\n\t\t\t\t\t<div class=\"elementor-button-wrapper\">\n\t\t\t<a class=\"elementor-button elementor-button-link elementor-size-md\" href=\"https:\/\/api.whatsapp.com\/send\/?phone=905433120420&#038;text=Merhaba&#038;type=phone_number&#038;app_absent=0\">\n\t\t\t\t\t\t<span class=\"elementor-button-content-wrapper\">\n\t\t\t\t\t\t<span class=\"elementor-button-icon elementor-align-icon-left\">\n\t\t\t\t<i aria-hidden=\"true\" class=\"fab fa-whatsapp\"><\/i>\t\t\t<\/span>\n\t\t\t\t\t\t\t\t\t<span class=\"elementor-button-text\">WhatsApp Destek Hatt\u0131<\/span>\n\t\t\t\t\t<\/span>\n\t\t\t\t\t<\/a>\n\t\t<\/div>\n\t\t\t\t<\/div>\n\t\t\t\t<\/div>\n\t\t\t\t\t<\/div>\n\t\t<\/div>\n\t\t\t\t<div class=\"elementor-column elementor-col-50 elementor-top-column elementor-element elementor-element-bef0398\" data-id=\"bef0398\" data-element_type=\"column\">\n\t\t\t<div class=\"elementor-widget-wrap elementor-element-populated\">\n\t\t\t\t\t\t<div class=\"elementor-element elementor-element-9d5dbbc elementor-widget elementor-widget-image\" data-id=\"9d5dbbc\" data-element_type=\"widget\" data-widget_type=\"image.default\">\n\t\t\t\t<div class=\"elementor-widget-container\">\n\t\t\t<style>\/*! elementor - v3.21.0 - 30-04-2024 *\/\n.elementor-widget-image{text-align:center}.elementor-widget-image a{display:inline-block}.elementor-widget-image a img[src$=\".svg\"]{width:48px}.elementor-widget-image img{vertical-align:middle;display:inline-block}<\/style>\t\t\t\t\t\t\t\t\t\t<img fetchpriority=\"high\" decoding=\"async\" width=\"460\" height=\"350\" src=\"https:\/\/bakudanismanlik.com\/wp-content\/uploads\/2023\/05\/my1.jpg\" class=\"attachment-large size-large wp-image-5959\" alt=\"\" srcset=\"https:\/\/bakudanismanlik.com\/wp-content\/uploads\/2023\/05\/my1.jpg 460w, https:\/\/bakudanismanlik.com\/wp-content\/uploads\/2023\/05\/my1-300x228.jpg 300w\" sizes=\"(max-width: 460px) 100vw, 460px\" \/>\t\t\t\t\t\t\t\t\t\t\t\t\t<\/div>\n\t\t\t\t<\/div>\n\t\t\t\t\t<\/div>\n\t\t<\/div>\n\t\t\t\t\t<\/div>\n\t\t<\/section>\n\t\t\t\t<\/div>\n\t\t","protected":false},"excerpt":{"rendered":"<p>Mesleki Yeterlilik Tapu k\u00fct\u00fc\u011f\u00fcne kay\u0131tl\u0131 olsun ya da olmas\u0131n ta\u015f\u0131nmaz al\u0131m sat\u0131m\u0131 ve kiralanmas\u0131 ile tapu i\u015flemlerine arac\u0131l\u0131k eden, ta\u015f\u0131nmazla ilgili dan\u0131\u015fmanl\u0131k ve y\u00f6netim hizmeti veren ger\u00e7ek veya t\u00fczel ki\u015fi tacirler ile esnaf ve sanatk\u00e2rlar\u0131n mesleki faaliyetlerini d\u00fczenlemek amac\u0131yla haz\u0131rlanan Ta\u015f\u0131nmaz Ticareti Y\u00f6netmeli\u011fi 05.06.2018 tarihli 30442 say\u0131l\u0131 Resmi Gazete\u2019de yay\u0131mlanarak y\u00fcr\u00fcrl\u00fc\u011fe girmi\u015ftir. Buna g\u00f6re 05.06.2018 [&hellip;]<\/p>\n","protected":false},"author":1,"featured_media":352,"parent":0,"menu_order":0,"comment_status":"closed","ping_status":"closed","template":"elementor_header_footer","meta":{"footnotes":""},"class_list":["post-5957","page","type-page","status-publish","has-post-thumbnail","hentry"],"_links":{"self":[{"href":"https:\/\/bakudanismanlik.com\/index.php\/wp-json\/wp\/v2\/pages\/5957","targetHints":{"allow":["GET"]}}],"collection":[{"href":"https:\/\/bakudanismanlik.com\/index.php\/wp-json\/wp\/v2\/pages"}],"about":[{"href":"https:\/\/bakudanismanlik.com\/index.php\/wp-json\/wp\/v2\/types\/page"}],"author":[{"embeddable":true,"href":"https:\/\/bakudanismanlik.com\/index.php\/wp-json\/wp\/v2\/users\/1"}],"replies":[{"embeddable":true,"href":"https:\/\/bakudanismanlik.com\/index.php\/wp-json\/wp\/v2\/comments?post=5957"}],"version-history":[{"count":4,"href":"https:\/\/bakudanismanlik.com\/index.php\/wp-json\/wp\/v2\/pages\/5957\/revisions"}],"predecessor-version":[{"id":5962,"href":"https:\/\/bakudanismanlik.com\/index.php\/wp-json\/wp\/v2\/pages\/5957\/revisions\/5962"}],"wp:featuredmedia":[{"embeddable":true,"href":"https:\/\/bakudanismanlik.com\/index.php\/wp-json\/wp\/v2\/media\/352"}],"wp:attachment":[{"href":"https:\/\/bakudanismanlik.com\/index.php\/wp-json\/wp\/v2\/media?parent=5957"}],"curies":[{"name":"wp","href":"https:\/\/api.w.org\/{rel}","templated":true}]}}